{"id":7688,"date":"2026-03-04T00:13:40","date_gmt":"2026-03-03T23:13:40","guid":{"rendered":"https:\/\/markoweokulary.pl\/?post_type=product&#038;p=7688"},"modified":"2026-04-02T17:05:16","modified_gmt":"2026-04-02T15:05:16","slug":"gucci-gg0093o-009","status":"publish","type":"product","link":"https:\/\/markoweokulary.pl\/pl\/produkt\/gucci-gg0093o-009\/","title":{"rendered":"Gucci GG0093O | 009"},"content":{"rendered":"<p>Lekka, acetatowa oprawa zaprojektowana dla komfortu na co dzie\u0144. Klasyczny kszta\u0142t <strong data-start=\"142\" data-end=\"153\">panthos<\/strong> i od\u015bwie\u017cona paleta <strong data-start=\"174\" data-end=\"202\">transparentnych acetat\u00f3w<\/strong>.<\/p>\n","protected":false},"excerpt":{"rendered":"<p data-start=\"220\" data-end=\"839\"><strong data-start=\"220\" data-end=\"241\">Gucci GG0093O 009<\/strong> to sprawdzony, \u201ecarry over\u201d model w lekkiej konstrukcji, stworzony z my\u015bl\u0105 o wygodzie i swobodnym, codziennym noszeniu. Oprawa zosta\u0142a wykonana z <strong data-start=\"388\" data-end=\"408\">lekkiego acetatu<\/strong>, dzi\u0119ki czemu dobrze uk\u0142ada si\u0119 na twarzy i zapewnia komfort nawet przez wiele godzin.<br data-start=\"495\" data-end=\"498\" \/>Kszta\u0142t <strong data-start=\"506\" data-end=\"517\">panthos<\/strong> \u2014 z mi\u0119kk\u0105, zaokr\u0105glon\u0105 lini\u0105 i delikatnym zw\u0119\u017ceniem ku do\u0142owi \u2014 to ponadczasowa forma, kt\u00f3ra pasuje do wielu typ\u00f3w urody i stylizacji, od casualu po bardziej elegancki look. Wariant <strong data-start=\"701\" data-end=\"708\">009<\/strong> wyr\u00f3\u017cnia si\u0119 <strong data-start=\"722\" data-end=\"771\">od\u015bwie\u017conymi kolorami transparentnego acetatu<\/strong>, kt\u00f3re dodaj\u0105 oprawie lekko\u015bci wizualnej i nowoczesnego charakteru.<\/p>\n<h3 data-start=\"841\" data-end=\"864\">Najwa\u017cniejsze cechy<\/h3>\n<ul data-start=\"865\" data-end=\"1115\">\n<li data-start=\"865\" data-end=\"899\">\n<p data-start=\"867\" data-end=\"899\"><strong data-start=\"867\" data-end=\"877\">Model:<\/strong> Gucci <strong data-start=\"884\" data-end=\"899\">GG0093O 009<\/strong><\/p>\n<\/li>\n<li data-start=\"900\" data-end=\"945\">\n<p data-start=\"902\" data-end=\"945\"><strong data-start=\"902\" data-end=\"910\">Typ:<\/strong> okulary <strong data-start=\"919\" data-end=\"933\">korekcyjne<\/strong> (do szkie\u0142)<\/p>\n<\/li>\n<li data-start=\"946\" data-end=\"1003\">\n<p data-start=\"948\" data-end=\"1003\"><strong data-start=\"948\" data-end=\"964\">Konstrukcja:<\/strong> <strong data-start=\"965\" data-end=\"981\">lekki acetat<\/strong> \u2013 komfort na co dzie\u0144<\/p>\n<\/li>\n<li data-start=\"1004\" data-end=\"1058\">\n<p data-start=\"1006\" data-end=\"1058\"><strong data-start=\"1006\" data-end=\"1018\">Kszta\u0142t:<\/strong> <strong data-start=\"1019\" data-end=\"1030\">panthos<\/strong> (ponadczasowy, uniwersalny)<\/p>\n<\/li>\n<li data-start=\"1059\" data-end=\"1115\">\n<p data-start=\"1061\" data-end=\"1115\"><strong data-start=\"1061\" data-end=\"1077\">Kolorystyka:<\/strong> od\u015bwie\u017cone, <strong data-start=\"1090\" data-end=\"1115\">transparentne acetaty<\/strong><\/p>\n<\/li>\n<\/ul>\n","protected":false},"featured_media":7691,"template":"","meta":{"_acf_changed":false},"product_brand":[623],"product_cat":[51,747],"product_tag":[],"model":[648],"class_list":{"0":"post-7688","1":"product","2":"type-product","3":"status-publish","4":"has-post-thumbnail","6":"product_brand-gucci","7":"product_cat-okulary-korekcyjne","8":"product_cat-outlet","9":"model-gg0093o","11":"first","12":"instock","13":"sale","14":"taxable","15":"shipping-taxable","16":"purchasable","17":"product-type-simple"},"acf":[],"aioseo_notices":[],"_links":{"self":[{"href":"https:\/\/markoweokulary.pl\/pl\/wp-json\/wp\/v2\/product\/7688","targetHints":{"allow":["GET"]}}],"collection":[{"href":"https:\/\/markoweokulary.pl\/pl\/wp-json\/wp\/v2\/product"}],"about":[{"href":"https:\/\/markoweokulary.pl\/pl\/wp-json\/wp\/v2\/types\/product"}],"version-history":[{"count":1,"href":"https:\/\/markoweokulary.pl\/pl\/wp-json\/wp\/v2\/product\/7688\/revisions"}],"predecessor-version":[{"id":7692,"href":"https:\/\/markoweokulary.pl\/pl\/wp-json\/wp\/v2\/product\/7688\/revisions\/7692"}],"wp:featuredmedia":[{"embeddable":true,"href":"https:\/\/markoweokulary.pl\/pl\/wp-json\/wp\/v2\/media\/7691"}],"wp:attachment":[{"href":"https:\/\/markoweokulary.pl\/pl\/wp-json\/wp\/v2\/media?parent=7688"}],"wp:term":[{"taxonomy":"product_brand","embeddable":true,"href":"https:\/\/markoweokulary.pl\/pl\/wp-json\/wp\/v2\/product_brand?post=7688"},{"taxonomy":"product_cat","embeddable":true,"href":"https:\/\/markoweokulary.pl\/pl\/wp-json\/wp\/v2\/product_cat?post=7688"},{"taxonomy":"product_tag","embeddable":true,"href":"https:\/\/markoweokulary.pl\/pl\/wp-json\/wp\/v2\/product_tag?post=7688"},{"taxonomy":"model","embeddable":true,"href":"https:\/\/markoweokulary.pl\/pl\/wp-json\/wp\/v2\/model?post=7688"}],"curies":[{"name":"wp","href":"https:\/\/api.w.org\/{rel}","templated":true}]}}