{"id":7683,"date":"2026-03-04T00:05:49","date_gmt":"2026-03-03T23:05:49","guid":{"rendered":"https:\/\/markoweokulary.pl\/?post_type=product&#038;p=7683"},"modified":"2026-04-02T17:04:59","modified_gmt":"2026-04-02T15:04:59","slug":"gucci-gg1157o-005","status":"publish","type":"product","link":"https:\/\/markoweokulary.pl\/pl\/produkt\/gucci-gg1157o-005\/","title":{"rendered":"Gucci GG1157O | 005"},"content":{"rendered":"<p>Klasyczny, vintage\u2019owy styl w m\u0119skim wydaniu: wygodny, \u0142atwy do noszenia kszta\u0142t w <strong data-start=\"142\" data-end=\"161\">pe\u0142nym acetacie<\/strong>. Na obu zausznikach elegancka <strong data-start=\"192\" data-end=\"211\">z\u0142ota plakietka<\/strong> z napisem <strong data-start=\"222\" data-end=\"231\">Gucci<\/strong>.<\/p>\n","protected":false},"excerpt":{"rendered":"<p data-start=\"249\" data-end=\"940\"><strong data-start=\"249\" data-end=\"270\">Gucci GG1157O 005<\/strong> to oprawa dla os\u00f3b, kt\u00f3re ceni\u0105 ponadczasow\u0105 estetyk\u0119 i dopracowany detal. Projekt \u0142\u0105czy <strong data-start=\"360\" data-end=\"402\">klasyczny, lekko vintage\u2019owy charakter<\/strong> z form\u0105 zaprojektowan\u0105 tak, by \u015bwietnie sprawdza\u0142a si\u0119 na co dzie\u0144 \u2014 m\u0119ski kszta\u0142t jest uniwersalny i \u201eeasy to wear\u201d, dzi\u0119ki czemu pasuje zar\u00f3wno do stylizacji casualowych, jak i bardziej biznesowych.<br data-start=\"603\" data-end=\"606\" \/>Oprawa wykonana jest w ca\u0142o\u015bci z <strong data-start=\"639\" data-end=\"650\">acetatu<\/strong>, co daje wra\u017cenie solidno\u015bci i szlachetnego wyko\u0144czenia. Najbardziej wyr\u00f3\u017cniaj\u0105cy element to <strong data-start=\"744\" data-end=\"763\">z\u0142ota plakietka<\/strong> umieszczona na obu zausznikach \u2014 dyskretna, ale bardzo \u201ebi\u017cuteryjna\u201d w odbiorze. Na plakietce znajduje si\u0119 <strong data-start=\"871\" data-end=\"890\">lettering Gucci<\/strong>, kt\u00f3ry dodaje rozpoznawalno\u015bci bez nadmiaru logo.<\/p>\n<h3 data-start=\"942\" data-end=\"965\">Najwa\u017cniejsze cechy<\/h3>\n<ul data-start=\"966\" data-end=\"1304\">\n<li data-start=\"966\" data-end=\"1000\">\n<p data-start=\"968\" data-end=\"1000\"><strong data-start=\"968\" data-end=\"978\">Model:<\/strong> Gucci <strong data-start=\"985\" data-end=\"1000\">GG1157O 005<\/strong><\/p>\n<\/li>\n<li data-start=\"1001\" data-end=\"1046\">\n<p data-start=\"1003\" data-end=\"1046\"><strong data-start=\"1003\" data-end=\"1011\">Typ:<\/strong> okulary <strong data-start=\"1020\" data-end=\"1034\">korekcyjne<\/strong> (do szkie\u0142)<\/p>\n<\/li>\n<li data-start=\"1047\" data-end=\"1094\">\n<p data-start=\"1049\" data-end=\"1094\"><strong data-start=\"1049\" data-end=\"1062\">Materia\u0142:<\/strong> <strong data-start=\"1063\" data-end=\"1079\">pe\u0142ny acetat<\/strong> (full acetate)<\/p>\n<\/li>\n<li data-start=\"1095\" data-end=\"1136\">\n<p data-start=\"1097\" data-end=\"1136\"><strong data-start=\"1097\" data-end=\"1106\">Styl:<\/strong> klasyczny, <strong data-start=\"1118\" data-end=\"1129\">vintage<\/strong>, m\u0119ski<\/p>\n<\/li>\n<li data-start=\"1137\" data-end=\"1199\">\n<p data-start=\"1139\" data-end=\"1199\"><strong data-start=\"1139\" data-end=\"1151\">Kszta\u0142t:<\/strong> uniwersalny, \u0142atwy do noszenia (\u201eeasy to wear\u201d)<\/p>\n<\/li>\n<li data-start=\"1200\" data-end=\"1259\">\n<p data-start=\"1202\" data-end=\"1259\"><strong data-start=\"1202\" data-end=\"1220\">Detal premium:<\/strong> <strong data-start=\"1221\" data-end=\"1240\">z\u0142ota plakietka<\/strong> na obu zausznikach<\/p>\n<\/li>\n<li data-start=\"1260\" data-end=\"1304\">\n<p data-start=\"1262\" data-end=\"1304\"><strong data-start=\"1262\" data-end=\"1275\">Branding:<\/strong> napis <strong data-start=\"1282\" data-end=\"1291\">Gucci<\/strong> na plakietce<\/p>\n<\/li>\n<\/ul>\n","protected":false},"featured_media":7686,"template":"","meta":{"_acf_changed":false},"product_brand":[623],"product_cat":[51,747],"product_tag":[],"model":[646],"class_list":{"0":"post-7683","1":"product","2":"type-product","3":"status-publish","4":"has-post-thumbnail","6":"product_brand-gucci","7":"product_cat-okulary-korekcyjne","8":"product_cat-outlet","9":"model-gg1157o","11":"first","12":"instock","13":"sale","14":"taxable","15":"shipping-taxable","16":"purchasable","17":"product-type-simple"},"acf":[],"aioseo_notices":[],"_links":{"self":[{"href":"https:\/\/markoweokulary.pl\/pl\/wp-json\/wp\/v2\/product\/7683","targetHints":{"allow":["GET"]}}],"collection":[{"href":"https:\/\/markoweokulary.pl\/pl\/wp-json\/wp\/v2\/product"}],"about":[{"href":"https:\/\/markoweokulary.pl\/pl\/wp-json\/wp\/v2\/types\/product"}],"version-history":[{"count":0,"href":"https:\/\/markoweokulary.pl\/pl\/wp-json\/wp\/v2\/product\/7683\/revisions"}],"wp:featuredmedia":[{"embeddable":true,"href":"https:\/\/markoweokulary.pl\/pl\/wp-json\/wp\/v2\/media\/7686"}],"wp:attachment":[{"href":"https:\/\/markoweokulary.pl\/pl\/wp-json\/wp\/v2\/media?parent=7683"}],"wp:term":[{"taxonomy":"product_brand","embeddable":true,"href":"https:\/\/markoweokulary.pl\/pl\/wp-json\/wp\/v2\/product_brand?post=7683"},{"taxonomy":"product_cat","embeddable":true,"href":"https:\/\/markoweokulary.pl\/pl\/wp-json\/wp\/v2\/product_cat?post=7683"},{"taxonomy":"product_tag","embeddable":true,"href":"https:\/\/markoweokulary.pl\/pl\/wp-json\/wp\/v2\/product_tag?post=7683"},{"taxonomy":"model","embeddable":true,"href":"https:\/\/markoweokulary.pl\/pl\/wp-json\/wp\/v2\/model?post=7683"}],"curies":[{"name":"wp","href":"https:\/\/api.w.org\/{rel}","templated":true}]}}