{"id":7668,"date":"2026-03-03T23:43:48","date_gmt":"2026-03-03T22:43:48","guid":{"rendered":"https:\/\/markoweokulary.pl\/?post_type=product&#038;p=7668"},"modified":"2026-04-02T17:04:11","modified_gmt":"2026-04-02T15:04:11","slug":"gucci-gg1003o-002","status":"publish","type":"product","link":"https:\/\/markoweokulary.pl\/pl\/produkt\/gucci-gg1003o-002\/","title":{"rendered":"Gucci GG1003O | 002"},"content":{"rendered":"<p>Maksymalny komfort w stylu Gucci: ultralekka oprawa z <strong data-start=\"113\" data-end=\"133\">lekkiego acetatu<\/strong> o formie <strong data-start=\"143\" data-end=\"162\">oversize square<\/strong>. Na zausznikach <strong data-start=\"179\" data-end=\"203\">logo GG Interlocking<\/strong>, a kolorystyka jest modowa, ale \u0142atwa do noszenia na co dzie\u0144.<\/p>\n","protected":false},"excerpt":{"rendered":"<p data-start=\"283\" data-end=\"1003\"><strong data-start=\"283\" data-end=\"304\">Gucci GG1003O 002<\/strong> powsta\u0142 w duchu koncepcji <strong data-start=\"331\" data-end=\"345\">Ultralight<\/strong> \u2014 czyli jak najl\u017cejsza konstrukcja i jak najwi\u0119ksza wygoda noszenia. Oprawa ma wyra\u017any, nowoczesny kszta\u0142t <strong data-start=\"453\" data-end=\"474\">oversized squared<\/strong>, kt\u00f3ry podkre\u015bla rysy twarzy i dodaje stylizacji \u201cfashion\u201d charakteru, a jednocze\u015bnie pozostaje bardzo uniwersalny.<br data-start=\"590\" data-end=\"593\" \/>Zastosowanie <strong data-start=\"606\" data-end=\"626\">lekkiego acetatu<\/strong> sprawia, \u017ce okulary dobrze uk\u0142adaj\u0105 si\u0119 na twarzy i \u015bwietnie sprawdzaj\u0105 si\u0119 w codziennym u\u017cytkowaniu \u2014 tak\u017ce przez wiele godzin. Na zausznikach umieszczono klasyczny znak marki, czyli <strong data-start=\"811\" data-end=\"830\">GG Interlocking<\/strong>, kt\u00f3ry dodaje rozpoznawalno\u015bci bez przesady. Wariant <strong data-start=\"884\" data-end=\"891\">002<\/strong> wpisuje si\u0119 w palet\u0119 \u201ecommercial yet fashion\u201d: kolory s\u0105 na czasie, ale nadal \u0142atwe do zestawienia z garderob\u0105.<\/p>\n<h3 data-start=\"1005\" data-end=\"1028\">Najwa\u017cniejsze cechy<\/h3>\n<ul data-start=\"1029\" data-end=\"1382\">\n<li data-start=\"1029\" data-end=\"1063\">\n<p data-start=\"1031\" data-end=\"1063\"><strong data-start=\"1031\" data-end=\"1041\">Model:<\/strong> Gucci <strong data-start=\"1048\" data-end=\"1063\">GG1003O 002<\/strong><\/p>\n<\/li>\n<li data-start=\"1064\" data-end=\"1109\">\n<p data-start=\"1066\" data-end=\"1109\"><strong data-start=\"1066\" data-end=\"1074\">Typ:<\/strong> okulary <strong data-start=\"1083\" data-end=\"1097\">korekcyjne<\/strong> (do szkie\u0142)<\/p>\n<\/li>\n<li data-start=\"1110\" data-end=\"1172\">\n<p data-start=\"1112\" data-end=\"1172\"><strong data-start=\"1112\" data-end=\"1126\">Koncepcja:<\/strong> <strong data-start=\"1127\" data-end=\"1141\">Ultralight<\/strong> \u2013 maksymalny komfort i lekko\u015b\u0107<\/p>\n<\/li>\n<li data-start=\"1173\" data-end=\"1228\">\n<p data-start=\"1175\" data-end=\"1228\"><strong data-start=\"1175\" data-end=\"1187\">Kszta\u0142t:<\/strong> <strong data-start=\"1188\" data-end=\"1209\">oversized squared<\/strong> (du\u017cy, kwadratowy)<\/p>\n<\/li>\n<li data-start=\"1229\" data-end=\"1261\">\n<p data-start=\"1231\" data-end=\"1261\"><strong data-start=\"1231\" data-end=\"1244\">Materia\u0142:<\/strong> <strong data-start=\"1245\" data-end=\"1261\">lekki acetat<\/strong><\/p>\n<\/li>\n<li data-start=\"1262\" data-end=\"1312\">\n<p data-start=\"1264\" data-end=\"1312\"><strong data-start=\"1264\" data-end=\"1277\">Branding:<\/strong> <strong data-start=\"1278\" data-end=\"1297\">GG Interlocking<\/strong> na zausznikach<\/p>\n<\/li>\n<li data-start=\"1313\" data-end=\"1382\">\n<p data-start=\"1315\" data-end=\"1382\"><strong data-start=\"1315\" data-end=\"1331\">Kolorystyka:<\/strong> modowa, ale uniwersalna (\u201ecommercial yet fashion\u201d)<\/p>\n<\/li>\n<\/ul>\n","protected":false},"featured_media":7671,"template":"","meta":{"_acf_changed":false},"product_brand":[623],"product_cat":[51,747],"product_tag":[],"model":[640],"class_list":{"0":"post-7668","1":"product","2":"type-product","3":"status-publish","4":"has-post-thumbnail","6":"product_brand-gucci","7":"product_cat-okulary-korekcyjne","8":"product_cat-outlet","9":"model-gg1003o","11":"first","12":"instock","13":"sale","14":"taxable","15":"shipping-taxable","16":"purchasable","17":"product-type-simple"},"acf":[],"aioseo_notices":[],"_links":{"self":[{"href":"https:\/\/markoweokulary.pl\/pl\/wp-json\/wp\/v2\/product\/7668","targetHints":{"allow":["GET"]}}],"collection":[{"href":"https:\/\/markoweokulary.pl\/pl\/wp-json\/wp\/v2\/product"}],"about":[{"href":"https:\/\/markoweokulary.pl\/pl\/wp-json\/wp\/v2\/types\/product"}],"version-history":[{"count":1,"href":"https:\/\/markoweokulary.pl\/pl\/wp-json\/wp\/v2\/product\/7668\/revisions"}],"predecessor-version":[{"id":7672,"href":"https:\/\/markoweokulary.pl\/pl\/wp-json\/wp\/v2\/product\/7668\/revisions\/7672"}],"wp:featuredmedia":[{"embeddable":true,"href":"https:\/\/markoweokulary.pl\/pl\/wp-json\/wp\/v2\/media\/7671"}],"wp:attachment":[{"href":"https:\/\/markoweokulary.pl\/pl\/wp-json\/wp\/v2\/media?parent=7668"}],"wp:term":[{"taxonomy":"product_brand","embeddable":true,"href":"https:\/\/markoweokulary.pl\/pl\/wp-json\/wp\/v2\/product_brand?post=7668"},{"taxonomy":"product_cat","embeddable":true,"href":"https:\/\/markoweokulary.pl\/pl\/wp-json\/wp\/v2\/product_cat?post=7668"},{"taxonomy":"product_tag","embeddable":true,"href":"https:\/\/markoweokulary.pl\/pl\/wp-json\/wp\/v2\/product_tag?post=7668"},{"taxonomy":"model","embeddable":true,"href":"https:\/\/markoweokulary.pl\/pl\/wp-json\/wp\/v2\/model?post=7668"}],"curies":[{"name":"wp","href":"https:\/\/api.w.org\/{rel}","templated":true}]}}