{"id":7662,"date":"2026-03-03T23:36:13","date_gmt":"2026-03-03T22:36:13","guid":{"rendered":"https:\/\/markoweokulary.pl\/?post_type=product&#038;p=7662"},"modified":"2026-04-02T17:03:55","modified_gmt":"2026-04-02T15:03:55","slug":"gucci-gg1504o-005","status":"publish","type":"product","link":"https:\/\/markoweokulary.pl\/pl\/produkt\/gucci-gg1504o-005\/","title":{"rendered":"Gucci GG1504O | 005"},"content":{"rendered":"<p>Prosty, \u201eeasy to wear\u201d model z linii <strong data-start=\"96\" data-end=\"102\">GG<\/strong>: m\u0119ska oprawa z acetatu o formie <strong data-start=\"136\" data-end=\"148\">flat top<\/strong> z <strong data-start=\"151\" data-end=\"171\">metalow\u0105 wstawk\u0105<\/strong>, napisem <strong data-start=\"181\" data-end=\"190\">Gucci<\/strong> na zausznikach i subtelnym <strong data-start=\"218\" data-end=\"254\">metalowym detalem w formie linii<\/strong> przy naro\u017cniku.<\/p>\n","protected":false},"excerpt":{"rendered":"<p data-start=\"287\" data-end=\"1200\"><strong data-start=\"287\" data-end=\"308\">Gucci GG1504O 005<\/strong> to oprawa, kt\u00f3ra robi wra\u017cenie spokojem i dopracowaniem. Koncepcja \u201eeasy to wear\u201d opiera si\u0119 na klasycznej, sprawdzonej konstrukcji \u2014 takiej, kt\u00f3r\u0105 zak\u0142adasz codziennie i po prostu dzia\u0142a. W tym modelu prostota zosta\u0142a podbita detalem: <strong data-start=\"545\" data-end=\"563\">metalow\u0105 lini\u0105<\/strong> i <strong data-start=\"566\" data-end=\"586\">metalow\u0105 wstawk\u0105<\/strong> w oprawie, kt\u00f3re nadaj\u0105 ca\u0142o\u015bci nowoczesny, bardziej \u201cpremium\u201d charakter.<br data-start=\"660\" data-end=\"663\" \/>Front ma m\u0119ski kszta\u0142t <strong data-start=\"686\" data-end=\"698\">flat top<\/strong> (wyra\u017anie zaznaczona, prosta g\u00f3rna linia), wykonany z acetatu, a metalowy insert dodaje lekko\u015bci wizualnej i eleganckiego kontrastu. Na zausznikach znajduje si\u0119 <strong data-start=\"860\" data-end=\"879\">lettering Gucci<\/strong>, a przy naro\u017cniku pojawia si\u0119 dopracowany <strong data-start=\"922\" data-end=\"943\">metal line detail<\/strong> \u2014 ma\u0142y akcent, kt\u00f3ry robi du\u017c\u0105 r\u00f3\u017cnic\u0119 w odbiorze.<br data-start=\"994\" data-end=\"997\" \/>Wariant <strong data-start=\"1005\" data-end=\"1012\">005<\/strong> utrzymany jest w <strong data-start=\"1030\" data-end=\"1058\" data-is-only-node=\"\">ciemnej, m\u0119skiej palecie<\/strong>, zestawionej z metalem, dzi\u0119ki czemu oprawa wygl\u0105da nowocze\u015bnie i uniwersalnie \u2014 pasuje zar\u00f3wno do stylizacji biznesowych, jak i casualowych.<\/p>\n<h3 data-start=\"1202\" data-end=\"1225\">Najwa\u017cniejsze cechy<\/h3>\n<ul data-start=\"1226\" data-end=\"1643\">\n<li data-start=\"1226\" data-end=\"1260\">\n<p data-start=\"1228\" data-end=\"1260\"><strong data-start=\"1228\" data-end=\"1238\">Model:<\/strong> Gucci <strong data-start=\"1245\" data-end=\"1260\">GG1504O 005<\/strong><\/p>\n<\/li>\n<li data-start=\"1261\" data-end=\"1306\">\n<p data-start=\"1263\" data-end=\"1306\"><strong data-start=\"1263\" data-end=\"1271\">Typ:<\/strong> okulary <strong data-start=\"1280\" data-end=\"1294\">korekcyjne<\/strong> (do szkie\u0142)<\/p>\n<\/li>\n<li data-start=\"1307\" data-end=\"1370\">\n<p data-start=\"1309\" data-end=\"1370\"><strong data-start=\"1309\" data-end=\"1323\">Koncepcja:<\/strong> <strong data-start=\"1324\" data-end=\"1340\">easy to wear<\/strong> \/ linia GG \u2013 prostota + detal<\/p>\n<\/li>\n<li data-start=\"1371\" data-end=\"1404\">\n<p data-start=\"1373\" data-end=\"1404\"><strong data-start=\"1373\" data-end=\"1385\">Kszta\u0142t:<\/strong> m\u0119ski <strong data-start=\"1392\" data-end=\"1404\">flat top<\/strong><\/p>\n<\/li>\n<li data-start=\"1405\" data-end=\"1463\">\n<p data-start=\"1407\" data-end=\"1463\"><strong data-start=\"1407\" data-end=\"1420\">Materia\u0142:<\/strong> <strong data-start=\"1421\" data-end=\"1431\">acetat<\/strong> + <strong data-start=\"1434\" data-end=\"1463\">metalowa wstawka (insert)<\/strong><\/p>\n<\/li>\n<li data-start=\"1464\" data-end=\"1510\">\n<p data-start=\"1466\" data-end=\"1510\"><strong data-start=\"1466\" data-end=\"1479\">Branding:<\/strong> napis <strong data-start=\"1486\" data-end=\"1495\">Gucci<\/strong> na zausznikach<\/p>\n<\/li>\n<li data-start=\"1511\" data-end=\"1583\">\n<p data-start=\"1513\" data-end=\"1583\"><strong data-start=\"1513\" data-end=\"1532\">Akcent premium:<\/strong> <strong data-start=\"1533\" data-end=\"1551\">metalowa linia<\/strong> przy naro\u017cniku i na zausznikach<\/p>\n<\/li>\n<li data-start=\"1584\" data-end=\"1643\">\n<p data-start=\"1586\" data-end=\"1643\"><strong data-start=\"1586\" data-end=\"1602\">Kolorystyka:<\/strong> ciemna, m\u0119ska paleta z kontrastem metalu<\/p>\n<\/li>\n<\/ul>\n","protected":false},"featured_media":7666,"template":"","meta":{"_acf_changed":false},"product_brand":[623],"product_cat":[51,747],"product_tag":[],"model":[639],"class_list":{"0":"post-7662","1":"product","2":"type-product","3":"status-publish","4":"has-post-thumbnail","6":"product_brand-gucci","7":"product_cat-okulary-korekcyjne","8":"product_cat-outlet","9":"model-gg1504o","11":"first","12":"instock","13":"sale","14":"taxable","15":"shipping-taxable","16":"purchasable","17":"product-type-simple"},"acf":[],"aioseo_notices":[],"_links":{"self":[{"href":"https:\/\/markoweokulary.pl\/pl\/wp-json\/wp\/v2\/product\/7662","targetHints":{"allow":["GET"]}}],"collection":[{"href":"https:\/\/markoweokulary.pl\/pl\/wp-json\/wp\/v2\/product"}],"about":[{"href":"https:\/\/markoweokulary.pl\/pl\/wp-json\/wp\/v2\/types\/product"}],"version-history":[{"count":1,"href":"https:\/\/markoweokulary.pl\/pl\/wp-json\/wp\/v2\/product\/7662\/revisions"}],"predecessor-version":[{"id":7667,"href":"https:\/\/markoweokulary.pl\/pl\/wp-json\/wp\/v2\/product\/7662\/revisions\/7667"}],"wp:featuredmedia":[{"embeddable":true,"href":"https:\/\/markoweokulary.pl\/pl\/wp-json\/wp\/v2\/media\/7666"}],"wp:attachment":[{"href":"https:\/\/markoweokulary.pl\/pl\/wp-json\/wp\/v2\/media?parent=7662"}],"wp:term":[{"taxonomy":"product_brand","embeddable":true,"href":"https:\/\/markoweokulary.pl\/pl\/wp-json\/wp\/v2\/product_brand?post=7662"},{"taxonomy":"product_cat","embeddable":true,"href":"https:\/\/markoweokulary.pl\/pl\/wp-json\/wp\/v2\/product_cat?post=7662"},{"taxonomy":"product_tag","embeddable":true,"href":"https:\/\/markoweokulary.pl\/pl\/wp-json\/wp\/v2\/product_tag?post=7662"},{"taxonomy":"model","embeddable":true,"href":"https:\/\/markoweokulary.pl\/pl\/wp-json\/wp\/v2\/model?post=7662"}],"curies":[{"name":"wp","href":"https:\/\/api.w.org\/{rel}","templated":true}]}}