{"id":7657,"date":"2026-03-03T23:26:48","date_gmt":"2026-03-03T22:26:48","guid":{"rendered":"https:\/\/markoweokulary.pl\/?post_type=product&#038;p=7657"},"modified":"2026-04-02T17:03:41","modified_gmt":"2026-04-02T15:03:41","slug":"gucci-gg1434o-002","status":"publish","type":"product","link":"https:\/\/markoweokulary.pl\/pl\/produkt\/gucci-gg1434o-002\/","title":{"rendered":"Gucci GG1434O | 002"},"content":{"rendered":"<p>Kobieca, kwadratowa oprawa z metalu w koncepcji <strong data-start=\"107\" data-end=\"120\">Lettering<\/strong>: logo Gucci pokazane w zupe\u0142nie nowej formie \u2014 na charakterystycznych <strong data-start=\"191\" data-end=\"214\">metalowych kostkach<\/strong> z <strong data-start=\"217\" data-end=\"240\">emaliowanym napisem<\/strong>. Z\u0142ota konstrukcja uzupe\u0142niona kolorowymi detalami z emalii.<\/p>\n","protected":false},"excerpt":{"rendered":"<p data-start=\"318\" data-end=\"1145\"><strong data-start=\"318\" data-end=\"339\">Gucci GG1434O 002<\/strong> udowadnia, \u017ce minimalizm mo\u017ce wygl\u0105da\u0107 maksymalnie luksusowo. W tej ods\u0142onie koncepcji <strong data-start=\"427\" data-end=\"440\">Lettering<\/strong> marka eksponuje logo Gucci w nieoczywisty spos\u00f3b \u2014 poprzez proste, ale bardzo charakterystyczne <strong data-start=\"537\" data-end=\"556\">metalowe kostki<\/strong>, kt\u00f3re staj\u0105 si\u0119 elementem konstrukcji i jednocze\u015bnie ozdob\u0105.<br data-start=\"618\" data-end=\"621\" \/>Oprawa ma kobiecy, wyrazisty <strong data-start=\"650\" data-end=\"672\">kwadratowy kszta\u0142t<\/strong> i zosta\u0142a wykonana w ca\u0142o\u015bci z metalu, dzi\u0119ki czemu wygl\u0105da lekko i elegancko. Najwa\u017cniejszy detal to <strong data-start=\"775\" data-end=\"801\">emaliowany napis Gucci<\/strong> umieszczony na kostkach \u2014 precyzyjny, dopracowany i natychmiast rozpoznawalny z bliska.<br data-start=\"889\" data-end=\"892\" \/>Paleta kolorystyczna opiera si\u0119 na <strong data-start=\"927\" data-end=\"959\">z\u0142otej konstrukcji metalowej<\/strong>, wzbogaconej o <strong data-start=\"975\" data-end=\"1006\">kolorowe emaliowane akcenty<\/strong>, kt\u00f3re dodaj\u0105 oprawie g\u0142\u0119bi i bi\u017cuteryjnego charakteru. To model dla os\u00f3b, kt\u00f3re lubi\u0105 subteln\u0105 form\u0119, ale chc\u0105, \u017ceby detal m\u00f3wi\u0142 \u201eGucci\u201d.<\/p>\n<h3 data-start=\"1147\" data-end=\"1170\">Najwa\u017cniejsze cechy<\/h3>\n<ul data-start=\"1171\" data-end=\"1547\">\n<li data-start=\"1171\" data-end=\"1205\">\n<p data-start=\"1173\" data-end=\"1205\"><strong data-start=\"1173\" data-end=\"1183\">Model:<\/strong> Gucci <strong data-start=\"1190\" data-end=\"1205\">GG1434O 002<\/strong><\/p>\n<\/li>\n<li data-start=\"1206\" data-end=\"1251\">\n<p data-start=\"1208\" data-end=\"1251\"><strong data-start=\"1208\" data-end=\"1216\">Typ:<\/strong> okulary <strong data-start=\"1225\" data-end=\"1239\">korekcyjne<\/strong> (do szkie\u0142)<\/p>\n<\/li>\n<li data-start=\"1252\" data-end=\"1302\">\n<p data-start=\"1254\" data-end=\"1302\"><strong data-start=\"1254\" data-end=\"1270\">Konstrukcja:<\/strong> <strong data-start=\"1271\" data-end=\"1283\">metalowa<\/strong> (lekka, elegancka)<\/p>\n<\/li>\n<li data-start=\"1303\" data-end=\"1341\">\n<p data-start=\"1305\" data-end=\"1341\"><strong data-start=\"1305\" data-end=\"1317\">Kszta\u0142t:<\/strong> kobiecy, <strong data-start=\"1327\" data-end=\"1341\">kwadratowy<\/strong><\/p>\n<\/li>\n<li data-start=\"1342\" data-end=\"1404\">\n<p data-start=\"1344\" data-end=\"1404\"><strong data-start=\"1344\" data-end=\"1358\">Koncepcja:<\/strong> <strong data-start=\"1359\" data-end=\"1372\">Lettering<\/strong> \u2013 logo jako element konstrukcji<\/p>\n<\/li>\n<li data-start=\"1405\" data-end=\"1477\">\n<p data-start=\"1407\" data-end=\"1477\"><strong data-start=\"1407\" data-end=\"1425\">Detal premium:<\/strong> metalowe <strong data-start=\"1435\" data-end=\"1445\">kostki<\/strong> z <strong data-start=\"1448\" data-end=\"1477\">emaliowanym napisem Gucci<\/strong><\/p>\n<\/li>\n<li data-start=\"1478\" data-end=\"1547\">\n<p data-start=\"1480\" data-end=\"1547\"><strong data-start=\"1480\" data-end=\"1496\">Kolorystyka:<\/strong> z\u0142ota konstrukcja + <strong data-start=\"1517\" data-end=\"1540\">kolorowe emaliowane<\/strong> detale<\/p>\n<\/li>\n<\/ul>\n","protected":false},"featured_media":7660,"template":"","meta":{"_acf_changed":false},"product_brand":[623],"product_cat":[51,747],"product_tag":[],"model":[637],"class_list":{"0":"post-7657","1":"product","2":"type-product","3":"status-publish","4":"has-post-thumbnail","6":"product_brand-gucci","7":"product_cat-okulary-korekcyjne","8":"product_cat-outlet","9":"model-gg1434o","11":"first","12":"instock","13":"sale","14":"taxable","15":"shipping-taxable","16":"purchasable","17":"product-type-simple"},"acf":[],"aioseo_notices":[],"_links":{"self":[{"href":"https:\/\/markoweokulary.pl\/pl\/wp-json\/wp\/v2\/product\/7657","targetHints":{"allow":["GET"]}}],"collection":[{"href":"https:\/\/markoweokulary.pl\/pl\/wp-json\/wp\/v2\/product"}],"about":[{"href":"https:\/\/markoweokulary.pl\/pl\/wp-json\/wp\/v2\/types\/product"}],"version-history":[{"count":2,"href":"https:\/\/markoweokulary.pl\/pl\/wp-json\/wp\/v2\/product\/7657\/revisions"}],"predecessor-version":[{"id":7663,"href":"https:\/\/markoweokulary.pl\/pl\/wp-json\/wp\/v2\/product\/7657\/revisions\/7663"}],"wp:featuredmedia":[{"embeddable":true,"href":"https:\/\/markoweokulary.pl\/pl\/wp-json\/wp\/v2\/media\/7660"}],"wp:attachment":[{"href":"https:\/\/markoweokulary.pl\/pl\/wp-json\/wp\/v2\/media?parent=7657"}],"wp:term":[{"taxonomy":"product_brand","embeddable":true,"href":"https:\/\/markoweokulary.pl\/pl\/wp-json\/wp\/v2\/product_brand?post=7657"},{"taxonomy":"product_cat","embeddable":true,"href":"https:\/\/markoweokulary.pl\/pl\/wp-json\/wp\/v2\/product_cat?post=7657"},{"taxonomy":"product_tag","embeddable":true,"href":"https:\/\/markoweokulary.pl\/pl\/wp-json\/wp\/v2\/product_tag?post=7657"},{"taxonomy":"model","embeddable":true,"href":"https:\/\/markoweokulary.pl\/pl\/wp-json\/wp\/v2\/model?post=7657"}],"curies":[{"name":"wp","href":"https:\/\/api.w.org\/{rel}","templated":true}]}}