{"id":7654,"date":"2026-03-03T23:18:41","date_gmt":"2026-03-03T22:18:41","guid":{"rendered":"https:\/\/markoweokulary.pl\/?post_type=product&#038;p=7654"},"modified":"2026-04-02T17:03:26","modified_gmt":"2026-04-02T15:03:26","slug":"gucci-gg0737o-001","status":"publish","type":"product","link":"https:\/\/markoweokulary.pl\/pl\/produkt\/gucci-gg0737o-001\/","title":{"rendered":"Gucci GG0737O 001"},"content":{"rendered":"<p>Od\u015bwie\u017cona klasyka z linii <strong data-start=\"86\" data-end=\"105\">Gucci Man Decor<\/strong>: <strong data-start=\"107\" data-end=\"129\">oversize prostok\u0105t<\/strong> z acetatu, napis <strong data-start=\"147\" data-end=\"156\">Gucci<\/strong> na zausznikach, <strong data-start=\"173\" data-end=\"190\">nity z przodu<\/strong> i widoczne, dekorowane <strong data-start=\"214\" data-end=\"226\">wirecore<\/strong> w zausznikach dla wyj\u0105tkowo dopracowanego wyko\u0144czenia.<\/p>\n","protected":false},"excerpt":{"rendered":"<p data-start=\"298\" data-end=\"1210\"><strong data-start=\"298\" data-end=\"319\">Gucci GG0737O 001<\/strong> to model z m\u0119skiej linii <strong data-start=\"345\" data-end=\"372\">Gucci Man classic Decor<\/strong>, kt\u00f3ra w tej ods\u0142onie zosta\u0142a od\u015bwie\u017cona nowymi formami i nowymi wariantami kolorystycznymi. Oprawa ma <strong data-start=\"476\" data-end=\"513\">oversize\u2019owy, prostok\u0105tny kszta\u0142t<\/strong> \u2014 wyrazisty, elegancki i bardzo \u201egucciowy\u201d w proporcjach: idealny, je\u015bli lubisz mocniejsz\u0105 ram\u0119 i wyra\u017any kontur twarzy.<br data-start=\"634\" data-end=\"637\" \/>O charakterze decyduj\u0105 detale. Na zausznikach znajduje si\u0119 <strong data-start=\"696\" data-end=\"715\">lettering Gucci<\/strong>, a front wzbogacaj\u0105 subtelne <strong data-start=\"745\" data-end=\"758\">piny\/nity<\/strong>, kt\u00f3re dodaj\u0105 oprawie klasycznego, jubilerskiego akcentu. Najbardziej dopracowany element to jednak <strong data-start=\"859\" data-end=\"880\">widoczne wirecore<\/strong> (metalowy rdze\u0144 w zausznikach) \u2014 w tym modelu dodatkowo <strong data-start=\"937\" data-end=\"951\">dekorowany<\/strong>, co nadaje ca\u0142o\u015bci bardziej luksusowe, \u201ecollectors\u201d wyko\u0144czenie.<br data-start=\"1016\" data-end=\"1019\" \/>Wariant <strong data-start=\"1027\" data-end=\"1034\">001<\/strong> \u0142\u0105czy klasyczne tonacje <strong data-start=\"1059\" data-end=\"1078\" data-is-only-node=\"\">czerni i havany<\/strong> z <strong data-start=\"1081\" data-end=\"1120\">transparentnymi warstwami (bilayer)<\/strong>, kt\u00f3re pozwalaj\u0105 lepiej podziwia\u0107 ozdobny wirecore \u2014 im bli\u017cej, tym wi\u0119cej wida\u0107 jako\u015bci.<\/p>\n<h3 data-start=\"1212\" data-end=\"1235\">Najwa\u017cniejsze cechy<\/h3>\n<ul data-start=\"1236\" data-end=\"1666\">\n<li data-start=\"1236\" data-end=\"1270\">\n<p data-start=\"1238\" data-end=\"1270\"><strong data-start=\"1238\" data-end=\"1248\">Model:<\/strong> Gucci <strong data-start=\"1255\" data-end=\"1270\">GG0737O 001<\/strong><\/p>\n<\/li>\n<li data-start=\"1271\" data-end=\"1316\">\n<p data-start=\"1273\" data-end=\"1316\"><strong data-start=\"1273\" data-end=\"1281\">Typ:<\/strong> okulary <strong data-start=\"1290\" data-end=\"1304\">korekcyjne<\/strong> (do szkie\u0142)<\/p>\n<\/li>\n<li data-start=\"1317\" data-end=\"1374\">\n<p data-start=\"1319\" data-end=\"1374\"><strong data-start=\"1319\" data-end=\"1333\">Koncepcja:<\/strong> Gucci Man classic <strong data-start=\"1352\" data-end=\"1361\">Decor<\/strong> (od\u015bwie\u017cona)<\/p>\n<\/li>\n<li data-start=\"1375\" data-end=\"1414\">\n<p data-start=\"1377\" data-end=\"1414\"><strong data-start=\"1377\" data-end=\"1389\">Kszta\u0142t:<\/strong> <strong data-start=\"1390\" data-end=\"1414\">prostok\u0105tny oversize<\/strong><\/p>\n<\/li>\n<li data-start=\"1415\" data-end=\"1461\">\n<p data-start=\"1417\" data-end=\"1461\"><strong data-start=\"1417\" data-end=\"1430\">Branding:<\/strong> napis <strong data-start=\"1437\" data-end=\"1446\">Gucci<\/strong> na zausznikach<\/p>\n<\/li>\n<li data-start=\"1462\" data-end=\"1496\">\n<p data-start=\"1464\" data-end=\"1496\"><strong data-start=\"1464\" data-end=\"1482\">Detale frontu:<\/strong> <strong data-start=\"1483\" data-end=\"1496\">piny\/nity<\/strong><\/p>\n<\/li>\n<li data-start=\"1497\" data-end=\"1571\">\n<p data-start=\"1499\" data-end=\"1571\"><strong data-start=\"1499\" data-end=\"1523\">Wyko\u0144czenie premium:<\/strong> widoczne, <strong data-start=\"1534\" data-end=\"1557\">dekorowane wirecore<\/strong> w zausznikach<\/p>\n<\/li>\n<li data-start=\"1572\" data-end=\"1666\">\n<p data-start=\"1574\" data-end=\"1666\"><strong data-start=\"1574\" data-end=\"1590\">Kolorystyka:<\/strong> klasyczna <strong data-start=\"1601\" data-end=\"1617\">czer\u0144\/havana<\/strong> + <strong data-start=\"1620\" data-end=\"1643\">bilayer transparent<\/strong> podkre\u015blaj\u0105cy wirecore<\/p>\n<\/li>\n<\/ul>\n","protected":false},"featured_media":7655,"template":"","meta":{"_acf_changed":false},"product_brand":[623],"product_cat":[51,747],"product_tag":[],"model":[634],"class_list":{"0":"post-7654","1":"product","2":"type-product","3":"status-publish","4":"has-post-thumbnail","6":"product_brand-gucci","7":"product_cat-okulary-korekcyjne","8":"product_cat-outlet","9":"model-gg0737o","11":"first","12":"instock","13":"sale","14":"taxable","15":"shipping-taxable","16":"purchasable","17":"product-type-simple"},"acf":[],"aioseo_notices":[],"_links":{"self":[{"href":"https:\/\/markoweokulary.pl\/pl\/wp-json\/wp\/v2\/product\/7654","targetHints":{"allow":["GET"]}}],"collection":[{"href":"https:\/\/markoweokulary.pl\/pl\/wp-json\/wp\/v2\/product"}],"about":[{"href":"https:\/\/markoweokulary.pl\/pl\/wp-json\/wp\/v2\/types\/product"}],"version-history":[{"count":1,"href":"https:\/\/markoweokulary.pl\/pl\/wp-json\/wp\/v2\/product\/7654\/revisions"}],"predecessor-version":[{"id":7656,"href":"https:\/\/markoweokulary.pl\/pl\/wp-json\/wp\/v2\/product\/7654\/revisions\/7656"}],"wp:featuredmedia":[{"embeddable":true,"href":"https:\/\/markoweokulary.pl\/pl\/wp-json\/wp\/v2\/media\/7655"}],"wp:attachment":[{"href":"https:\/\/markoweokulary.pl\/pl\/wp-json\/wp\/v2\/media?parent=7654"}],"wp:term":[{"taxonomy":"product_brand","embeddable":true,"href":"https:\/\/markoweokulary.pl\/pl\/wp-json\/wp\/v2\/product_brand?post=7654"},{"taxonomy":"product_cat","embeddable":true,"href":"https:\/\/markoweokulary.pl\/pl\/wp-json\/wp\/v2\/product_cat?post=7654"},{"taxonomy":"product_tag","embeddable":true,"href":"https:\/\/markoweokulary.pl\/pl\/wp-json\/wp\/v2\/product_tag?post=7654"},{"taxonomy":"model","embeddable":true,"href":"https:\/\/markoweokulary.pl\/pl\/wp-json\/wp\/v2\/model?post=7654"}],"curies":[{"name":"wp","href":"https:\/\/api.w.org\/{rel}","templated":true}]}}