{"id":7649,"date":"2026-03-03T23:11:04","date_gmt":"2026-03-03T22:11:04","guid":{"rendered":"https:\/\/markoweokulary.pl\/?post_type=product&#038;p=7649"},"modified":"2026-04-02T17:03:08","modified_gmt":"2026-04-02T15:03:08","slug":"gucci-gg1729o-005","status":"publish","type":"product","link":"https:\/\/markoweokulary.pl\/pl\/produkt\/gucci-gg1729o-005\/","title":{"rendered":"Gucci GG1729O | 005"},"content":{"rendered":"<p>Lekka, wtryskowa oprawa w modnych, ale \u0142atwych do noszenia kolorach. <strong data-start=\"128\" data-end=\"151\">Prostok\u0105tny kszta\u0142t<\/strong>, <strong data-start=\"153\" data-end=\"167\">logo Gucci<\/strong> w formie napisu na zausznikach i m\u0119ska, komercyjna paleta barw.<\/p>\n","protected":false},"excerpt":{"rendered":"<p data-start=\"248\" data-end=\"880\"><strong data-start=\"248\" data-end=\"269\">Gucci GG1729O 005<\/strong> to model stworzony z my\u015bl\u0105 o codziennym komforcie i uniwersalnym stylu. Oprawa wykonana jest z lekkiego tworzywa w technologii wtryskowej (injected), dzi\u0119ki czemu dobrze sprawdza si\u0119 w intensywnym u\u017cytkowaniu, a jednocze\u015bnie wygl\u0105da nowocze\u015bnie.<br data-start=\"515\" data-end=\"518\" \/>Kszta\u0142t jest <strong data-start=\"531\" data-end=\"546\">prostok\u0105tny<\/strong> \u2014 klasyczny, m\u0119ski i bardzo praktyczny: pasuje zar\u00f3wno do stylizacji casualowych, jak i bardziej biznesowych. Ca\u0142o\u015b\u0107 dope\u0142nia <strong data-start=\"673\" data-end=\"692\">lettering Gucci<\/strong> na zausznikach, kt\u00f3ry dodaje dyskretnego, markowego akcentu. Wariant <strong data-start=\"762\" data-end=\"769\">005<\/strong> utrzymano w <strong data-start=\"782\" data-end=\"814\">m\u0119skiej, komercyjnej palecie<\/strong>: kolory s\u0105 wyraziste, ale nadal \u0142atwe do zestawienia na co dzie\u0144.<\/p>\n<h3 data-start=\"882\" data-end=\"905\">Najwa\u017cniejsze cechy<\/h3>\n<ul data-start=\"906\" data-end=\"1207\">\n<li data-start=\"906\" data-end=\"940\">\n<p data-start=\"908\" data-end=\"940\"><strong data-start=\"908\" data-end=\"918\">Model:<\/strong> Gucci <strong data-start=\"925\" data-end=\"940\">GG1729O 005<\/strong><\/p>\n<\/li>\n<li data-start=\"941\" data-end=\"986\">\n<p data-start=\"943\" data-end=\"986\"><strong data-start=\"943\" data-end=\"951\">Typ:<\/strong> okulary <strong data-start=\"960\" data-end=\"974\">korekcyjne<\/strong> (do szkie\u0142)<\/p>\n<\/li>\n<li data-start=\"987\" data-end=\"1046\">\n<p data-start=\"989\" data-end=\"1046\"><strong data-start=\"989\" data-end=\"1005\">Konstrukcja:<\/strong> lekkie tworzywo <strong data-start=\"1022\" data-end=\"1034\">injected<\/strong> (wtryskowe)<\/p>\n<\/li>\n<li data-start=\"1047\" data-end=\"1077\">\n<p data-start=\"1049\" data-end=\"1077\"><strong data-start=\"1049\" data-end=\"1061\">Kszta\u0142t:<\/strong> <strong data-start=\"1062\" data-end=\"1077\">prostok\u0105tny<\/strong><\/p>\n<\/li>\n<li data-start=\"1078\" data-end=\"1141\">\n<p data-start=\"1080\" data-end=\"1141\"><strong data-start=\"1080\" data-end=\"1093\">Branding:<\/strong> napis <strong data-start=\"1100\" data-end=\"1109\">Gucci<\/strong> (lettering logo) na zausznikach<\/p>\n<\/li>\n<li data-start=\"1142\" data-end=\"1207\">\n<p data-start=\"1144\" data-end=\"1207\"><strong data-start=\"1144\" data-end=\"1160\">Kolorystyka:<\/strong> m\u0119ska, komercyjna \u2013 \u201ebright, ale easy to wear\u201d<\/p>\n<\/li>\n<\/ul>\n","protected":false},"featured_media":7652,"template":"","meta":{"_acf_changed":false},"product_brand":[623],"product_cat":[51,747],"product_tag":[],"model":[632],"class_list":{"0":"post-7649","1":"product","2":"type-product","3":"status-publish","4":"has-post-thumbnail","6":"product_brand-gucci","7":"product_cat-okulary-korekcyjne","8":"product_cat-outlet","9":"model-gg1729o-005","11":"first","12":"outofstock","13":"sale","14":"taxable","15":"shipping-taxable","16":"purchasable","17":"product-type-simple"},"acf":[],"aioseo_notices":[],"_links":{"self":[{"href":"https:\/\/markoweokulary.pl\/pl\/wp-json\/wp\/v2\/product\/7649","targetHints":{"allow":["GET"]}}],"collection":[{"href":"https:\/\/markoweokulary.pl\/pl\/wp-json\/wp\/v2\/product"}],"about":[{"href":"https:\/\/markoweokulary.pl\/pl\/wp-json\/wp\/v2\/types\/product"}],"version-history":[{"count":1,"href":"https:\/\/markoweokulary.pl\/pl\/wp-json\/wp\/v2\/product\/7649\/revisions"}],"predecessor-version":[{"id":7653,"href":"https:\/\/markoweokulary.pl\/pl\/wp-json\/wp\/v2\/product\/7649\/revisions\/7653"}],"wp:featuredmedia":[{"embeddable":true,"href":"https:\/\/markoweokulary.pl\/pl\/wp-json\/wp\/v2\/media\/7652"}],"wp:attachment":[{"href":"https:\/\/markoweokulary.pl\/pl\/wp-json\/wp\/v2\/media?parent=7649"}],"wp:term":[{"taxonomy":"product_brand","embeddable":true,"href":"https:\/\/markoweokulary.pl\/pl\/wp-json\/wp\/v2\/product_brand?post=7649"},{"taxonomy":"product_cat","embeddable":true,"href":"https:\/\/markoweokulary.pl\/pl\/wp-json\/wp\/v2\/product_cat?post=7649"},{"taxonomy":"product_tag","embeddable":true,"href":"https:\/\/markoweokulary.pl\/pl\/wp-json\/wp\/v2\/product_tag?post=7649"},{"taxonomy":"model","embeddable":true,"href":"https:\/\/markoweokulary.pl\/pl\/wp-json\/wp\/v2\/model?post=7649"}],"curies":[{"name":"wp","href":"https:\/\/api.w.org\/{rel}","templated":true}]}}