{"id":7643,"date":"2026-03-03T23:03:17","date_gmt":"2026-03-03T22:03:17","guid":{"rendered":"https:\/\/markoweokulary.pl\/?post_type=product&#038;p=7643"},"modified":"2026-04-02T17:02:54","modified_gmt":"2026-04-02T15:02:54","slug":"gucci-gg1559ok-001","status":"publish","type":"product","link":"https:\/\/markoweokulary.pl\/pl\/produkt\/gucci-gg1559ok-001\/","title":{"rendered":"Gucci GG1559OK | 001"},"content":{"rendered":"<p>Letnia, \u015bwie\u017ca estetyka i kolor w roli g\u0142\u00f3wnej. <strong data-start=\"108\" data-end=\"120\">Oversize<\/strong> o sp\u00f3jnej grubo\u015bci i <strong data-start=\"142\" data-end=\"182\">transparentnym, b\u0142yszcz\u0105cym acetacie<\/strong> w formie mi\u0119kkiego, zaokr\u0105glonego <strong data-start=\"217\" data-end=\"228\">cat-eye<\/strong>. Na zausznikach \u201eunosi si\u0119\u201d logo <strong data-start=\"262\" data-end=\"279\">Blondie Gucci<\/strong>, zintegrowane z konstrukcj\u0105.<\/p>\n","protected":false},"excerpt":{"rendered":"<p data-start=\"325\" data-end=\"1157\"><strong data-start=\"325\" data-end=\"347\">Gucci GG1559OK 001<\/strong> to model z historii, w kt\u00f3rej liczy si\u0119 lekko\u015b\u0107, \u015bwiat\u0142o i kolor \u2014 dok\u0142adnie to, co kojarzy si\u0119 z latem. Oprawa ma wyrazisty rozmiar <strong data-start=\"481\" data-end=\"494\">oversized<\/strong> oraz konsekwentnie poprowadzon\u0105 grubo\u015b\u0107 acetatu, dzi\u0119ki czemu wygl\u0105da nowocze\u015bnie i bardzo \u201efashion\u201d, ale nadal pozostaje \u0142atwa do noszenia na co dzie\u0144.<br data-start=\"647\" data-end=\"650\" \/>Kszta\u0142t to <strong data-start=\"661\" data-end=\"685\">rounded soft cat-eye<\/strong>: delikatnie uniesiona linia z mi\u0119kkimi, zaokr\u0105glonymi proporcjami, kt\u00f3re \u015bwietnie podkre\u015blaj\u0105 rysy twarzy. Najwa\u017cniejszym detalem jest logo <strong data-start=\"826\" data-end=\"843\">Blondie Gucci<\/strong> \u2014 charakterystyczny znak marki, kt\u00f3ry \u201ep\u0142ywa\u201d w konstrukcji zausznika, tworz\u0105c efekt bi\u017cuteryjnej ozdoby zatopionej w materiale.<br data-start=\"972\" data-end=\"975\" \/>Wariant <strong data-start=\"983\" data-end=\"990\">001<\/strong> korzysta z <strong data-start=\"1002\" data-end=\"1036\">transparentnej, modowej palety<\/strong>: kolory s\u0105 jasne, \u015bwie\u017ce i \u015bwietliste, dzi\u0119ki czemu oprawa wygl\u0105da lekko i efektownie, szczeg\u00f3lnie w naturalnym \u015bwietle.<\/p>\n<h3 data-start=\"1159\" data-end=\"1182\">Najwa\u017cniejsze cechy<\/h3>\n<ul data-start=\"1183\" data-end=\"1608\">\n<li data-start=\"1183\" data-end=\"1218\">\n<p data-start=\"1185\" data-end=\"1218\"><strong data-start=\"1185\" data-end=\"1195\">Model:<\/strong> Gucci <strong data-start=\"1202\" data-end=\"1218\">GG1559OK 001<\/strong><\/p>\n<\/li>\n<li data-start=\"1219\" data-end=\"1264\">\n<p data-start=\"1221\" data-end=\"1264\"><strong data-start=\"1221\" data-end=\"1229\">Typ:<\/strong> okulary <strong data-start=\"1238\" data-end=\"1252\">korekcyjne<\/strong> (do szkie\u0142)<\/p>\n<\/li>\n<li data-start=\"1265\" data-end=\"1319\">\n<p data-start=\"1267\" data-end=\"1319\"><strong data-start=\"1267\" data-end=\"1276\">Styl:<\/strong> letni, \u015bwie\u017cy, kolorystyczny (\u201esummerish\u201d)<\/p>\n<\/li>\n<li data-start=\"1320\" data-end=\"1374\">\n<p data-start=\"1322\" data-end=\"1374\"><strong data-start=\"1322\" data-end=\"1334\">Kszta\u0142t:<\/strong> <strong data-start=\"1335\" data-end=\"1348\">oversized<\/strong>, rounded soft <strong data-start=\"1363\" data-end=\"1374\">cat-eye<\/strong><\/p>\n<\/li>\n<li data-start=\"1375\" data-end=\"1444\">\n<p data-start=\"1377\" data-end=\"1444\"><strong data-start=\"1377\" data-end=\"1390\">Materia\u0142:<\/strong> mocny <strong data-start=\"1397\" data-end=\"1407\">acetat<\/strong> + transparentne, b\u0142yszcz\u0105ce tworzywo<\/p>\n<\/li>\n<li data-start=\"1445\" data-end=\"1523\">\n<p data-start=\"1447\" data-end=\"1523\"><strong data-start=\"1447\" data-end=\"1465\">Detal premium:<\/strong> logo <strong data-start=\"1471\" data-end=\"1488\">Blondie Gucci<\/strong> \u201efloating\u201d w konstrukcji zausznika<\/p>\n<\/li>\n<li data-start=\"1524\" data-end=\"1608\">\n<p data-start=\"1526\" data-end=\"1608\"><strong data-start=\"1526\" data-end=\"1542\">Kolorystyka:<\/strong> transparentna, modowa, \u0142atwa do noszenia (commercial yet fashion)<\/p>\n<\/li>\n<\/ul>\n","protected":false},"featured_media":7647,"template":"","meta":{"_acf_changed":false},"product_brand":[623],"product_cat":[51,747],"product_tag":[],"model":[629],"class_list":{"0":"post-7643","1":"product","2":"type-product","3":"status-publish","4":"has-post-thumbnail","6":"product_brand-gucci","7":"product_cat-okulary-korekcyjne","8":"product_cat-outlet","9":"model-gg1559ok","11":"first","12":"instock","13":"sale","14":"taxable","15":"shipping-taxable","16":"purchasable","17":"product-type-simple"},"acf":[],"aioseo_notices":[],"_links":{"self":[{"href":"https:\/\/markoweokulary.pl\/pl\/wp-json\/wp\/v2\/product\/7643","targetHints":{"allow":["GET"]}}],"collection":[{"href":"https:\/\/markoweokulary.pl\/pl\/wp-json\/wp\/v2\/product"}],"about":[{"href":"https:\/\/markoweokulary.pl\/pl\/wp-json\/wp\/v2\/types\/product"}],"version-history":[{"count":1,"href":"https:\/\/markoweokulary.pl\/pl\/wp-json\/wp\/v2\/product\/7643\/revisions"}],"predecessor-version":[{"id":7648,"href":"https:\/\/markoweokulary.pl\/pl\/wp-json\/wp\/v2\/product\/7643\/revisions\/7648"}],"wp:featuredmedia":[{"embeddable":true,"href":"https:\/\/markoweokulary.pl\/pl\/wp-json\/wp\/v2\/media\/7647"}],"wp:attachment":[{"href":"https:\/\/markoweokulary.pl\/pl\/wp-json\/wp\/v2\/media?parent=7643"}],"wp:term":[{"taxonomy":"product_brand","embeddable":true,"href":"https:\/\/markoweokulary.pl\/pl\/wp-json\/wp\/v2\/product_brand?post=7643"},{"taxonomy":"product_cat","embeddable":true,"href":"https:\/\/markoweokulary.pl\/pl\/wp-json\/wp\/v2\/product_cat?post=7643"},{"taxonomy":"product_tag","embeddable":true,"href":"https:\/\/markoweokulary.pl\/pl\/wp-json\/wp\/v2\/product_tag?post=7643"},{"taxonomy":"model","embeddable":true,"href":"https:\/\/markoweokulary.pl\/pl\/wp-json\/wp\/v2\/model?post=7643"}],"curies":[{"name":"wp","href":"https:\/\/api.w.org\/{rel}","templated":true}]}}