{"id":7638,"date":"2026-03-03T22:55:13","date_gmt":"2026-03-03T21:55:13","guid":{"rendered":"https:\/\/markoweokulary.pl\/?post_type=product&#038;p=7638"},"modified":"2026-04-02T17:02:37","modified_gmt":"2026-04-02T15:02:37","slug":"gucci-gg1525s-001","status":"publish","type":"product","link":"https:\/\/markoweokulary.pl\/pl\/produkt\/gucci-gg1525s-001\/","title":{"rendered":"Gucci GG1525S | 001"},"content":{"rendered":"<p>Ponadczasowe okulary z acetatu o <strong data-start=\"98\" data-end=\"135\">geometrycznej, kwadratowej formie<\/strong>, podkre\u015blone ikonicznymi <strong data-start=\"161\" data-end=\"177\">nitami Gucci<\/strong>. Na zausznikach znajduje si\u0119 <strong data-start=\"207\" data-end=\"221\">logo Gucci<\/strong>, a ca\u0142o\u015b\u0107 dope\u0142nia wyj\u0105tkowa <strong data-start=\"251\" data-end=\"280\">soczewka fotochromowa B&amp;B<\/strong>, kt\u00f3ra reaguje na \u015bwiat\u0142o.<\/p>\n","protected":false},"excerpt":{"rendered":"<p data-start=\"324\" data-end=\"1150\"><strong data-start=\"324\" data-end=\"345\">Gucci GG1525S 001<\/strong> \u0142\u0105czy klasyczn\u0105 elegancj\u0119 z nowoczesnym detalem. Oprawa zosta\u0142a wykonana z acetatu i ozdobiona charakterystycznymi <strong data-start=\"461\" data-end=\"477\">nitami Gucci<\/strong>, kt\u00f3re dodaj\u0105 jej rozpoznawalno\u015bci i wra\u017cenia \u201epremium\u201d.<br data-start=\"534\" data-end=\"537\" \/>Kszta\u0142t jest <strong data-start=\"550\" data-end=\"579\">geometriczny i kwadratowy<\/strong> \u2014 wyrazisty, ale nadal bardzo uniwersalny, dzi\u0119ki czemu \u015bwietnie podkr\u0119ca codzienne stylizacje i pasuje r\u00f3wnie\u017c do bardziej eleganckich zestaw\u00f3w. Na zausznikach umieszczono <strong data-start=\"753\" data-end=\"772\">lettering Gucci<\/strong>, a ca\u0142o\u015b\u0107 utrzymano w kobiecej, przyci\u0105gaj\u0105cej wzrok palecie kolor\u00f3w: komercyjnej (\u0142atwej do noszenia), ale z unikalnym charakterem.<br data-start=\"905\" data-end=\"908\" \/>Najwi\u0119kszym wyr\u00f3\u017cnikiem wariantu <strong data-start=\"941\" data-end=\"948\">001<\/strong> jest <strong data-start=\"954\" data-end=\"983\">soczewka fotochromowa B&amp;B<\/strong> \u2014 zmienia stopie\u0144 przyciemnienia w zale\u017cno\u015bci od nat\u0119\u017cenia \u015bwiat\u0142a, co zwi\u0119ksza komfort widzenia i sprawia, \u017ce okulary lepiej dopasowuj\u0105 si\u0119 do warunk\u00f3w w ci\u0105gu dnia.<\/p>\n<h3 data-start=\"1152\" data-end=\"1175\">Najwa\u017cniejsze cechy<\/h3>\n<ul data-start=\"1176\" data-end=\"1567\">\n<li data-start=\"1176\" data-end=\"1210\">\n<p data-start=\"1178\" data-end=\"1210\"><strong data-start=\"1178\" data-end=\"1188\">Model:<\/strong> Gucci <strong data-start=\"1195\" data-end=\"1210\">GG1525S 001<\/strong><\/p>\n<\/li>\n<li data-start=\"1211\" data-end=\"1250\">\n<p data-start=\"1213\" data-end=\"1250\"><strong data-start=\"1213\" data-end=\"1221\">Typ:<\/strong> okulary <strong data-start=\"1230\" data-end=\"1250\">przeciws\u0142oneczne<\/strong><\/p>\n<\/li>\n<li data-start=\"1251\" data-end=\"1277\">\n<p data-start=\"1253\" data-end=\"1277\"><strong data-start=\"1253\" data-end=\"1266\">Materia\u0142:<\/strong> <strong data-start=\"1267\" data-end=\"1277\">acetat<\/strong><\/p>\n<\/li>\n<li data-start=\"1278\" data-end=\"1321\">\n<p data-start=\"1280\" data-end=\"1321\"><strong data-start=\"1280\" data-end=\"1292\">Kszta\u0142t:<\/strong> geometryczny, <strong data-start=\"1307\" data-end=\"1321\">kwadratowy<\/strong><\/p>\n<\/li>\n<li data-start=\"1322\" data-end=\"1371\">\n<p data-start=\"1324\" data-end=\"1371\"><strong data-start=\"1324\" data-end=\"1335\">Detale:<\/strong> ikoniczne <strong data-start=\"1346\" data-end=\"1360\">nity Gucci<\/strong> na froncie<\/p>\n<\/li>\n<li data-start=\"1372\" data-end=\"1417\">\n<p data-start=\"1374\" data-end=\"1417\"><strong data-start=\"1374\" data-end=\"1387\">Branding:<\/strong> <strong data-start=\"1388\" data-end=\"1402\">logo Gucci<\/strong> na zausznikach<\/p>\n<\/li>\n<li data-start=\"1418\" data-end=\"1499\">\n<p data-start=\"1420\" data-end=\"1499\"><strong data-start=\"1420\" data-end=\"1433\">Soczewki:<\/strong> <strong data-start=\"1434\" data-end=\"1454\">fotochromowe B&amp;B<\/strong> (reakcja na \u015bwiat\u0142o, zmienne przyciemnienie)<\/p>\n<\/li>\n<li data-start=\"1500\" data-end=\"1567\">\n<p data-start=\"1502\" data-end=\"1567\"><strong data-start=\"1502\" data-end=\"1518\">Kolorystyka:<\/strong> kobieca, modowa, \u0142atwa do noszenia, ale unikalna<\/p>\n<\/li>\n<\/ul>\n","protected":false},"featured_media":7641,"template":"","meta":{"_acf_changed":false},"product_brand":[623],"product_cat":[51,747],"product_tag":[],"model":[628],"class_list":{"0":"post-7638","1":"product","2":"type-product","3":"status-publish","4":"has-post-thumbnail","6":"product_brand-gucci","7":"product_cat-okulary-korekcyjne","8":"product_cat-outlet","9":"model-gg1525s","11":"first","12":"instock","13":"sale","14":"taxable","15":"shipping-taxable","16":"purchasable","17":"product-type-simple"},"acf":[],"aioseo_notices":[],"_links":{"self":[{"href":"https:\/\/markoweokulary.pl\/pl\/wp-json\/wp\/v2\/product\/7638","targetHints":{"allow":["GET"]}}],"collection":[{"href":"https:\/\/markoweokulary.pl\/pl\/wp-json\/wp\/v2\/product"}],"about":[{"href":"https:\/\/markoweokulary.pl\/pl\/wp-json\/wp\/v2\/types\/product"}],"version-history":[{"count":1,"href":"https:\/\/markoweokulary.pl\/pl\/wp-json\/wp\/v2\/product\/7638\/revisions"}],"predecessor-version":[{"id":7642,"href":"https:\/\/markoweokulary.pl\/pl\/wp-json\/wp\/v2\/product\/7638\/revisions\/7642"}],"wp:featuredmedia":[{"embeddable":true,"href":"https:\/\/markoweokulary.pl\/pl\/wp-json\/wp\/v2\/media\/7641"}],"wp:attachment":[{"href":"https:\/\/markoweokulary.pl\/pl\/wp-json\/wp\/v2\/media?parent=7638"}],"wp:term":[{"taxonomy":"product_brand","embeddable":true,"href":"https:\/\/markoweokulary.pl\/pl\/wp-json\/wp\/v2\/product_brand?post=7638"},{"taxonomy":"product_cat","embeddable":true,"href":"https:\/\/markoweokulary.pl\/pl\/wp-json\/wp\/v2\/product_cat?post=7638"},{"taxonomy":"product_tag","embeddable":true,"href":"https:\/\/markoweokulary.pl\/pl\/wp-json\/wp\/v2\/product_tag?post=7638"},{"taxonomy":"model","embeddable":true,"href":"https:\/\/markoweokulary.pl\/pl\/wp-json\/wp\/v2\/model?post=7638"}],"curies":[{"name":"wp","href":"https:\/\/api.w.org\/{rel}","templated":true}]}}