{"id":7628,"date":"2026-03-03T22:39:10","date_gmt":"2026-03-03T21:39:10","guid":{"rendered":"https:\/\/markoweokulary.pl\/?post_type=product&#038;p=7628"},"modified":"2026-04-02T17:02:03","modified_gmt":"2026-04-02T15:02:03","slug":"gucci-gg1172o-004","status":"publish","type":"product","link":"https:\/\/markoweokulary.pl\/pl\/produkt\/gucci-gg1172o-004\/","title":{"rendered":"Gucci GG1172O | 004"},"content":{"rendered":"<p>Kobiecy <strong data-start=\"67\" data-end=\"78\">cat-eye<\/strong> w pe\u0142nym acetacie, dopracowany detalami z \u201ealfabetu\u201d symboli Gucci. Na zausznikach <strong data-start=\"162\" data-end=\"176\">logo Gucci<\/strong> po\u0142\u0105czone z subtelnym symbolem, kt\u00f3ry jest <strong data-start=\"220\" data-end=\"246\">niewyczuwalny w dotyku<\/strong>, a za to pi\u0119knie odbija \u015bwiat\u0142o i dodaje bi\u017cuteryjnego efektu.<\/p>\n","protected":false},"excerpt":{"rendered":"<p data-start=\"326\" data-end=\"1316\"><strong data-start=\"326\" data-end=\"347\">Gucci GG1172O 004<\/strong> to model, kt\u00f3ry idealnie oddaje estetyk\u0119 marki: \u015bwiat Gucci buduj\u0105 ma\u0142e znaki \u2014 zwierz\u0119ta, kwiaty, ro\u015bliny i drobne wspomnienia zakl\u0119te w symbolach, kt\u00f3re tworz\u0105 rozpoznawalny, wsp\u00f3lny j\u0119zyk. W tej oprawie symbol zosta\u0142 po\u0142\u0105czony z napisem <strong data-start=\"588\" data-end=\"597\">Gucci<\/strong> w spos\u00f3b wyj\u0105tkowo dopracowany: wyko\u0144czenie jest <strong data-start=\"647\" data-end=\"685\">g\u0142adkie i niewyczuwalne pod palcem<\/strong>, a jednocze\u015bnie <strong data-start=\"702\" data-end=\"736\">b\u0142yszcz\u0105ce i efektowne dla oka<\/strong>.<br data-start=\"737\" data-end=\"740\" \/>Kszta\u0142t <strong data-start=\"748\" data-end=\"759\">cat-eye<\/strong> podkre\u015bla kobiecy charakter modelu, a konstrukcja <strong data-start=\"810\" data-end=\"833\">w ca\u0142o\u015bci z acetatu<\/strong> daje wra\u017cenie jako\u015bci i sp\u00f3jnej, \u201cpe\u0142nej\u201d formy. To okulary korekcyjne, kt\u00f3re robi\u0105 wra\u017cenie detalem \u2014 elegancko, bez krzyku.<br data-start=\"959\" data-end=\"962\" \/>W serii wyst\u0119puj\u0105 zar\u00f3wno modele damskie, jak i m\u0119skie: oba maj\u0105 lettering <strong data-start=\"1037\" data-end=\"1046\">Gucci<\/strong> na zausznikach, ale r\u00f3\u017cni\u0105 si\u0119 symbolem. W damskich pojawiaj\u0105 si\u0119 <strong data-start=\"1113\" data-end=\"1124\">gwiazdy<\/strong>, a w m\u0119skich \u2014 drobne <strong data-start=\"1147\" data-end=\"1160\" data-is-only-node=\"\">asteryski<\/strong>. Paleta kolorystyczna jest modowa i przyci\u0105gaj\u0105ca uwag\u0119, dzi\u0119ki czemu wariant <strong data-start=\"1239\" data-end=\"1246\">004<\/strong> \u015bwietnie sprawdzi si\u0119 jako stylowy akcent w codziennych stylizacjach.<\/p>\n<h3 data-start=\"1318\" data-end=\"1341\">Najwa\u017cniejsze cechy<\/h3>\n<ul data-start=\"1342\" data-end=\"1737\">\n<li data-start=\"1342\" data-end=\"1376\">\n<p data-start=\"1344\" data-end=\"1376\"><strong data-start=\"1344\" data-end=\"1354\">Model:<\/strong> Gucci <strong data-start=\"1361\" data-end=\"1376\">GG1172O 004<\/strong><\/p>\n<\/li>\n<li data-start=\"1377\" data-end=\"1422\">\n<p data-start=\"1379\" data-end=\"1422\"><strong data-start=\"1379\" data-end=\"1387\">Typ:<\/strong> okulary <strong data-start=\"1396\" data-end=\"1410\">korekcyjne<\/strong> (do szkie\u0142)<\/p>\n<\/li>\n<li data-start=\"1423\" data-end=\"1457\">\n<p data-start=\"1425\" data-end=\"1457\"><strong data-start=\"1425\" data-end=\"1437\">Kszta\u0142t:<\/strong> kobiecy <strong data-start=\"1446\" data-end=\"1457\">cat-eye<\/strong><\/p>\n<\/li>\n<li data-start=\"1458\" data-end=\"1505\">\n<p data-start=\"1460\" data-end=\"1505\"><strong data-start=\"1460\" data-end=\"1473\">Materia\u0142:<\/strong> <strong data-start=\"1474\" data-end=\"1490\">pe\u0142ny acetat<\/strong> (full acetate)<\/p>\n<\/li>\n<li data-start=\"1506\" data-end=\"1596\">\n<p data-start=\"1508\" data-end=\"1596\"><strong data-start=\"1508\" data-end=\"1527\">Detale premium:<\/strong> symbol + logo <strong data-start=\"1542\" data-end=\"1551\">Gucci<\/strong> niewyczuwalne w dotyku, b\u0142yszcz\u0105ce wizualnie<\/p>\n<\/li>\n<li data-start=\"1597\" data-end=\"1690\">\n<p data-start=\"1599\" data-end=\"1690\"><strong data-start=\"1599\" data-end=\"1628\">Ozdoba w wersji damskiej:<\/strong> motyw <strong data-start=\"1635\" data-end=\"1645\">gwiazd<\/strong> na zausznikach (r\u00f3\u017cny od m\u0119skich asterisk\u00f3w)<\/p>\n<\/li>\n<li data-start=\"1691\" data-end=\"1737\">\n<p data-start=\"1693\" data-end=\"1737\"><strong data-start=\"1693\" data-end=\"1709\">Kolorystyka:<\/strong> modowa, przyci\u0105gaj\u0105ca wzrok<\/p>\n<\/li>\n<\/ul>\n","protected":false},"featured_media":7631,"template":"","meta":{"_acf_changed":false},"product_brand":[623],"product_cat":[51,747],"product_tag":[],"model":[624],"class_list":{"0":"post-7628","1":"product","2":"type-product","3":"status-publish","4":"has-post-thumbnail","6":"product_brand-gucci","7":"product_cat-okulary-korekcyjne","8":"product_cat-outlet","9":"model-gg1172o","11":"first","12":"instock","13":"sale","14":"taxable","15":"shipping-taxable","16":"purchasable","17":"product-type-simple"},"acf":[],"aioseo_notices":[],"_links":{"self":[{"href":"https:\/\/markoweokulary.pl\/pl\/wp-json\/wp\/v2\/product\/7628","targetHints":{"allow":["GET"]}}],"collection":[{"href":"https:\/\/markoweokulary.pl\/pl\/wp-json\/wp\/v2\/product"}],"about":[{"href":"https:\/\/markoweokulary.pl\/pl\/wp-json\/wp\/v2\/types\/product"}],"version-history":[{"count":1,"href":"https:\/\/markoweokulary.pl\/pl\/wp-json\/wp\/v2\/product\/7628\/revisions"}],"predecessor-version":[{"id":7632,"href":"https:\/\/markoweokulary.pl\/pl\/wp-json\/wp\/v2\/product\/7628\/revisions\/7632"}],"wp:featuredmedia":[{"embeddable":true,"href":"https:\/\/markoweokulary.pl\/pl\/wp-json\/wp\/v2\/media\/7631"}],"wp:attachment":[{"href":"https:\/\/markoweokulary.pl\/pl\/wp-json\/wp\/v2\/media?parent=7628"}],"wp:term":[{"taxonomy":"product_brand","embeddable":true,"href":"https:\/\/markoweokulary.pl\/pl\/wp-json\/wp\/v2\/product_brand?post=7628"},{"taxonomy":"product_cat","embeddable":true,"href":"https:\/\/markoweokulary.pl\/pl\/wp-json\/wp\/v2\/product_cat?post=7628"},{"taxonomy":"product_tag","embeddable":true,"href":"https:\/\/markoweokulary.pl\/pl\/wp-json\/wp\/v2\/product_tag?post=7628"},{"taxonomy":"model","embeddable":true,"href":"https:\/\/markoweokulary.pl\/pl\/wp-json\/wp\/v2\/model?post=7628"}],"curies":[{"name":"wp","href":"https:\/\/api.w.org\/{rel}","templated":true}]}}