{"id":7619,"date":"2026-03-03T22:24:54","date_gmt":"2026-03-03T21:24:54","guid":{"rendered":"https:\/\/markoweokulary.pl\/?post_type=product&#038;p=7619"},"modified":"2026-04-02T17:01:22","modified_gmt":"2026-04-02T15:01:22","slug":"balenciaga-bb0103sa-001","status":"publish","type":"product","link":"https:\/\/markoweokulary.pl\/pl\/produkt\/balenciaga-bb0103sa-001\/","title":{"rendered":"Balenciaga BB0103SA | 001"},"content":{"rendered":"<p>Model inspirowany <strong data-start=\"89\" data-end=\"116\">bogat\u0105 estetyk\u0105 lat 80.<\/strong>: vintage\u2019owy <strong data-start=\"130\" data-end=\"141\">cat-eye<\/strong> z eleganckimi, z\u0142otymi zawiasami i symetrycznie sk\u0142adanym logo <strong data-start=\"205\" data-end=\"211\">BB<\/strong>. Wersja <strong data-start=\"220\" data-end=\"227\">001<\/strong> to klasyka w stylu Balenciagi \u2014 wyrazista, kobieca i ponadczasowa.<\/p>\n","protected":false},"excerpt":{"rendered":"<p data-start=\"311\" data-end=\"963\"><strong data-start=\"311\" data-end=\"338\">Balenciaga BB0103SA 001<\/strong> to okulary przeciws\u0142oneczne, kt\u00f3re od razu buduj\u0105 efekt \u201estatement\u201d. Projekt nawi\u0105zuje do <strong data-start=\"429\" data-end=\"458\">opulentnego stylu lat 80.<\/strong> \u2014 epoki mocnych sylwetek, bi\u017cuteryjnych detali i pewno\u015bci siebie. Kszta\u0142t <strong data-start=\"533\" data-end=\"544\">cat-eye<\/strong> jest tu podany w klimacie vintage: z charakterem, ale na tyle elegancko, \u017ce pasuje zar\u00f3wno do minimalistycznych, jak i bardziej modowych stylizacji.<br data-start=\"693\" data-end=\"696\" \/>Najmocniejszym detalem s\u0105 <strong data-start=\"722\" data-end=\"749\">z\u0142ote zawiasy z logo BB<\/strong> \u2014 zaprojektowane tak, by symetrycznie si\u0119 sk\u0142ada\u0142y i jednocze\u015bnie wizualnie oddziela\u0142y, zw\u0119\u017caj\u0105ce si\u0119 zauszniki. Ten element dzia\u0142a jak bi\u017cuteria: podkre\u015bla luksusowy charakter modelu i dodaje mu rozpoznawalno\u015bci.<\/p>\n<h3 data-start=\"965\" data-end=\"988\">Najwa\u017cniejsze cechy<\/h3>\n<ul data-start=\"989\" data-end=\"1345\">\n<li data-start=\"989\" data-end=\"1029\">\n<p data-start=\"991\" data-end=\"1029\"><strong data-start=\"991\" data-end=\"1001\">Model:<\/strong> Balenciaga <strong data-start=\"1013\" data-end=\"1029\">BB0103SA 001<\/strong><\/p>\n<\/li>\n<li data-start=\"1030\" data-end=\"1069\">\n<p data-start=\"1032\" data-end=\"1069\"><strong data-start=\"1032\" data-end=\"1040\">Typ:<\/strong> okulary <strong data-start=\"1049\" data-end=\"1069\">przeciws\u0142oneczne<\/strong><\/p>\n<\/li>\n<li data-start=\"1070\" data-end=\"1136\">\n<p data-start=\"1072\" data-end=\"1136\"><strong data-start=\"1072\" data-end=\"1087\">Inspiracja:<\/strong> estetyka <strong data-start=\"1097\" data-end=\"1108\">lat 80.<\/strong> (opulentny, wyrazisty styl)<\/p>\n<\/li>\n<li data-start=\"1137\" data-end=\"1179\">\n<p data-start=\"1139\" data-end=\"1179\"><strong data-start=\"1139\" data-end=\"1151\">Kszta\u0142t:<\/strong> <strong data-start=\"1152\" data-end=\"1163\">cat-eye<\/strong> w stylu vintage<\/p>\n<\/li>\n<li data-start=\"1180\" data-end=\"1259\">\n<p data-start=\"1182\" data-end=\"1259\"><strong data-start=\"1182\" data-end=\"1200\">Detal premium:<\/strong> symetrycznie sk\u0142adane <strong data-start=\"1223\" data-end=\"1234\">logo BB<\/strong> na <strong data-start=\"1238\" data-end=\"1259\">z\u0142otych zawiasach<\/strong><\/p>\n<\/li>\n<li data-start=\"1260\" data-end=\"1345\">\n<p data-start=\"1262\" data-end=\"1345\"><strong data-start=\"1262\" data-end=\"1276\">Zauszniki:<\/strong> zw\u0119\u017caj\u0105ce si\u0119 (tapering arms), podkre\u015blone przez konstrukcj\u0119 zawiasu<\/p>\n<\/li>\n<\/ul>\n","protected":false},"featured_media":7622,"template":"","meta":{"_acf_changed":false},"product_brand":[605],"product_cat":[30,747],"product_tag":[],"model":[618],"class_list":{"0":"post-7619","1":"product","2":"type-product","3":"status-publish","4":"has-post-thumbnail","6":"product_brand-balenciaga","7":"product_cat-okulary-przeciwsloneczne","8":"product_cat-outlet","9":"model-bb0103sa","11":"first","12":"instock","13":"sale","14":"taxable","15":"shipping-taxable","16":"purchasable","17":"product-type-simple"},"acf":[],"aioseo_notices":[],"_links":{"self":[{"href":"https:\/\/markoweokulary.pl\/pl\/wp-json\/wp\/v2\/product\/7619","targetHints":{"allow":["GET"]}}],"collection":[{"href":"https:\/\/markoweokulary.pl\/pl\/wp-json\/wp\/v2\/product"}],"about":[{"href":"https:\/\/markoweokulary.pl\/pl\/wp-json\/wp\/v2\/types\/product"}],"version-history":[{"count":1,"href":"https:\/\/markoweokulary.pl\/pl\/wp-json\/wp\/v2\/product\/7619\/revisions"}],"predecessor-version":[{"id":7623,"href":"https:\/\/markoweokulary.pl\/pl\/wp-json\/wp\/v2\/product\/7619\/revisions\/7623"}],"wp:featuredmedia":[{"embeddable":true,"href":"https:\/\/markoweokulary.pl\/pl\/wp-json\/wp\/v2\/media\/7622"}],"wp:attachment":[{"href":"https:\/\/markoweokulary.pl\/pl\/wp-json\/wp\/v2\/media?parent=7619"}],"wp:term":[{"taxonomy":"product_brand","embeddable":true,"href":"https:\/\/markoweokulary.pl\/pl\/wp-json\/wp\/v2\/product_brand?post=7619"},{"taxonomy":"product_cat","embeddable":true,"href":"https:\/\/markoweokulary.pl\/pl\/wp-json\/wp\/v2\/product_cat?post=7619"},{"taxonomy":"product_tag","embeddable":true,"href":"https:\/\/markoweokulary.pl\/pl\/wp-json\/wp\/v2\/product_tag?post=7619"},{"taxonomy":"model","embeddable":true,"href":"https:\/\/markoweokulary.pl\/pl\/wp-json\/wp\/v2\/model?post=7619"}],"curies":[{"name":"wp","href":"https:\/\/api.w.org\/{rel}","templated":true}]}}