{"id":7614,"date":"2026-03-03T22:16:47","date_gmt":"2026-03-03T21:16:47","guid":{"rendered":"https:\/\/markoweokulary.pl\/?post_type=product&#038;p=7614"},"modified":"2026-04-02T17:00:50","modified_gmt":"2026-04-02T15:00:50","slug":"balenciaga-bb0263o-001","status":"publish","type":"product","link":"https:\/\/markoweokulary.pl\/pl\/produkt\/balenciaga-bb0263o-001\/","title":{"rendered":"Balenciaga BB0263O | 001"},"content":{"rendered":"<p data-start=\"64\" data-end=\"260\">Model typu statement z <strong data-start=\"87\" data-end=\"121\">maksymalnym napisem BALENCIAGA<\/strong> na zausznikach. Logo wykonane metod\u0105 <strong data-start=\"159\" data-end=\"170\">lapping<\/strong> daje idealnie g\u0142adk\u0105 powierzchni\u0119 \u2014 bez prog\u00f3w i szczelin mi\u0119dzy logotypem a zausznikiem.<\/p>\n","protected":false},"excerpt":{"rendered":"<p data-start=\"277\" data-end=\"1054\"><strong data-start=\"277\" data-end=\"303\">Balenciaga BB0263O 001<\/strong> to nowa koncepcja dla os\u00f3b, kt\u00f3re lubi\u0105 mocny detal i wyrazisty branding. Najwa\u017cniejszym elementem oprawy jest <strong data-start=\"415\" data-end=\"444\">maxi lettering BALENCIAGA<\/strong> \u2014 du\u017cy, czytelny napis, kt\u00f3ry buduje charakter ca\u0142ego modelu.<br data-start=\"506\" data-end=\"509\" \/>To, co wyr\u00f3\u017cnia ten projekt, to spos\u00f3b wykonania logo. Zastosowano bardzo precyzyjny proces wyko\u0144czeniowy nazywany <strong data-start=\"624\" data-end=\"637\">\u201elapping\u201d<\/strong>, dzi\u0119ki kt\u00f3remu powierzchnie s\u0105 <strong data-start=\"670\" data-end=\"690\">idealnie g\u0142adkie<\/strong>, a mi\u0119dzy logotypem a zausznikiem <strong data-start=\"725\" data-end=\"761\">nie ma \u017cadnych stopni ani przerw<\/strong>. Efekt jest czysty, luksusowy i wyj\u0105tkowo dopracowany w dotyku oraz w odbiorze wizualnym.<br data-start=\"851\" data-end=\"854\" \/>Dodatkowo, dzi\u0119ki <strong data-start=\"872\" data-end=\"915\">delikatnej fazie (bevel) na zausznikach<\/strong>, ca\u0142o\u015b\u0107 perfekcyjnie \u0142\u0105czy si\u0119 z frontem w obszarze \u0142\u0105czenia (end piece), co podkre\u015bla sp\u00f3jno\u015b\u0107 projektu i jego architektoniczn\u0105 precyzj\u0119.<\/p>\n<h3 data-start=\"1056\" data-end=\"1079\">Najwa\u017cniejsze cechy<\/h3>\n<ul data-start=\"1080\" data-end=\"1507\">\n<li data-start=\"1080\" data-end=\"1119\">\n<p data-start=\"1082\" data-end=\"1119\"><strong data-start=\"1082\" data-end=\"1092\">Model:<\/strong> Balenciaga <strong data-start=\"1104\" data-end=\"1119\">BB0263O 001<\/strong><\/p>\n<\/li>\n<li data-start=\"1120\" data-end=\"1165\">\n<p data-start=\"1122\" data-end=\"1165\"><strong data-start=\"1122\" data-end=\"1130\">Typ:<\/strong> okulary <strong data-start=\"1139\" data-end=\"1153\">korekcyjne<\/strong> (do szkie\u0142)<\/p>\n<\/li>\n<li data-start=\"1166\" data-end=\"1204\">\n<p data-start=\"1168\" data-end=\"1204\"><strong data-start=\"1168\" data-end=\"1177\">Styl:<\/strong> statement \/ mocny branding<\/p>\n<\/li>\n<li data-start=\"1205\" data-end=\"1262\">\n<p data-start=\"1207\" data-end=\"1262\"><strong data-start=\"1207\" data-end=\"1217\">Detal:<\/strong> <strong data-start=\"1218\" data-end=\"1247\">maxi lettering BALENCIAGA<\/strong> na zausznikach<\/p>\n<\/li>\n<li data-start=\"1263\" data-end=\"1380\">\n<p data-start=\"1265\" data-end=\"1380\"><strong data-start=\"1265\" data-end=\"1291\">Technologia wykonania:<\/strong> proces <strong data-start=\"1299\" data-end=\"1310\">lapping<\/strong> \u2013 g\u0142adka powierzchnia bez stopni i szczelin mi\u0119dzy logo a zausznikiem<\/p>\n<\/li>\n<li data-start=\"1381\" data-end=\"1507\">\n<p data-start=\"1383\" data-end=\"1507\"><strong data-start=\"1383\" data-end=\"1411\">Dopasowanie konstrukcji:<\/strong> subtelna <strong data-start=\"1421\" data-end=\"1437\">faza (bevel)<\/strong> na zausznikach dla idealnego po\u0142\u0105czenia z frontem w strefie end piece<\/p>\n<\/li>\n<\/ul>\n","protected":false},"featured_media":7617,"template":"","meta":{"_acf_changed":false},"product_brand":[605],"product_cat":[51,747],"product_tag":[],"model":[617],"class_list":{"0":"post-7614","1":"product","2":"type-product","3":"status-publish","4":"has-post-thumbnail","6":"product_brand-balenciaga","7":"product_cat-okulary-korekcyjne","8":"product_cat-outlet","9":"model-bb0263o","11":"first","12":"instock","13":"sale","14":"taxable","15":"shipping-taxable","16":"purchasable","17":"product-type-simple"},"acf":[],"aioseo_notices":[],"_links":{"self":[{"href":"https:\/\/markoweokulary.pl\/pl\/wp-json\/wp\/v2\/product\/7614","targetHints":{"allow":["GET"]}}],"collection":[{"href":"https:\/\/markoweokulary.pl\/pl\/wp-json\/wp\/v2\/product"}],"about":[{"href":"https:\/\/markoweokulary.pl\/pl\/wp-json\/wp\/v2\/types\/product"}],"version-history":[{"count":1,"href":"https:\/\/markoweokulary.pl\/pl\/wp-json\/wp\/v2\/product\/7614\/revisions"}],"predecessor-version":[{"id":7618,"href":"https:\/\/markoweokulary.pl\/pl\/wp-json\/wp\/v2\/product\/7614\/revisions\/7618"}],"wp:featuredmedia":[{"embeddable":true,"href":"https:\/\/markoweokulary.pl\/pl\/wp-json\/wp\/v2\/media\/7617"}],"wp:attachment":[{"href":"https:\/\/markoweokulary.pl\/pl\/wp-json\/wp\/v2\/media?parent=7614"}],"wp:term":[{"taxonomy":"product_brand","embeddable":true,"href":"https:\/\/markoweokulary.pl\/pl\/wp-json\/wp\/v2\/product_brand?post=7614"},{"taxonomy":"product_cat","embeddable":true,"href":"https:\/\/markoweokulary.pl\/pl\/wp-json\/wp\/v2\/product_cat?post=7614"},{"taxonomy":"product_tag","embeddable":true,"href":"https:\/\/markoweokulary.pl\/pl\/wp-json\/wp\/v2\/product_tag?post=7614"},{"taxonomy":"model","embeddable":true,"href":"https:\/\/markoweokulary.pl\/pl\/wp-json\/wp\/v2\/model?post=7614"}],"curies":[{"name":"wp","href":"https:\/\/api.w.org\/{rel}","templated":true}]}}