{"id":7609,"date":"2026-03-03T22:11:07","date_gmt":"2026-03-03T21:11:07","guid":{"rendered":"https:\/\/markoweokulary.pl\/?post_type=product&#038;p=7609"},"modified":"2026-04-02T16:54:53","modified_gmt":"2026-04-02T14:54:53","slug":"balenciaga-bb0274o-001","status":"publish","type":"product","link":"https:\/\/markoweokulary.pl\/pl\/produkt\/balenciaga-bb0274o-001\/","title":{"rendered":"Balenciaga BB0274O | 001"},"content":{"rendered":"<p>Nowe kszta\u0142ty w duchu <strong data-start=\"86\" data-end=\"101\">Rive Gauche<\/strong>: acetatowa oprawa z <strong data-start=\"122\" data-end=\"146\">vintage\u2019owym logo BB<\/strong>, wyko\u0144czeniem typu <strong data-start=\"166\" data-end=\"178\">tumbling<\/strong> i eleganckim <strong data-start=\"192\" data-end=\"205\">po\u0142yskiem<\/strong> na ca\u0142ej palecie kolorystycznej.<\/p>\n","protected":false},"excerpt":{"rendered":"<p data-start=\"255\" data-end=\"877\">Model <strong data-start=\"261\" data-end=\"287\">Balenciaga BB0274O 001<\/strong> wzmacnia koncepcj\u0119 <strong data-start=\"307\" data-end=\"322\">Rive Gauche<\/strong> \u2014 inspirowan\u0105 paryskim stylem i charakterystyczn\u0105 dla Balenciagi r\u00f3wnowag\u0105 mi\u0119dzy klasyk\u0105 a nowoczesn\u0105 ostro\u015bci\u0105 formy. W tym projekcie kluczow\u0105 rol\u0119 gra detal: <strong data-start=\"484\" data-end=\"536\">logo BB nawi\u0105zuj\u0105ce do vintage\u2019owego znaku marki<\/strong>, kt\u00f3re dodaje oprawie mocnego, rozpoznawalnego akcentu.<br data-start=\"592\" data-end=\"595\" \/>Wyko\u0144czenie oprawy zosta\u0142o podbite przez charakterystyczn\u0105 obr\u00f3bk\u0119 <strong data-start=\"662\" data-end=\"674\">tumbling<\/strong>, nadaj\u0105c\u0105 powierzchni dopracowany, bardziej \u201cjubilerski\u201d efekt. Ca\u0142o\u015b\u0107 wykonano w <strong data-start=\"757\" data-end=\"791\">acetatowej palecie z po\u0142yskiem<\/strong>, dzi\u0119ki czemu oprawa prezentuje si\u0119 elegancko, a kolor wygl\u0105da g\u0142\u0119boko i szlachetnie.<\/p>\n<h3 data-start=\"879\" data-end=\"902\">Najwa\u017cniejsze cechy<\/h3>\n<ul data-start=\"903\" data-end=\"1219\">\n<li data-start=\"903\" data-end=\"942\">\n<p data-start=\"905\" data-end=\"942\"><strong data-start=\"905\" data-end=\"915\">Model:<\/strong> Balenciaga <strong data-start=\"927\" data-end=\"942\">BB0274O 001<\/strong><\/p>\n<\/li>\n<li data-start=\"943\" data-end=\"988\">\n<p data-start=\"945\" data-end=\"988\"><strong data-start=\"945\" data-end=\"953\">Typ:<\/strong> okulary <strong data-start=\"962\" data-end=\"976\">korekcyjne<\/strong> (do szkie\u0142)<\/p>\n<\/li>\n<li data-start=\"989\" data-end=\"1021\">\n<p data-start=\"991\" data-end=\"1021\"><strong data-start=\"991\" data-end=\"1005\">Koncepcja:<\/strong> <strong data-start=\"1006\" data-end=\"1021\">Rive Gauche<\/strong><\/p>\n<\/li>\n<li data-start=\"1022\" data-end=\"1075\">\n<p data-start=\"1024\" data-end=\"1075\"><strong data-start=\"1024\" data-end=\"1037\">Materia\u0142:<\/strong> <strong data-start=\"1038\" data-end=\"1048\">acetat<\/strong> z b\u0142yszcz\u0105cym wyko\u0144czeniem<\/p>\n<\/li>\n<li data-start=\"1076\" data-end=\"1139\">\n<p data-start=\"1078\" data-end=\"1139\"><strong data-start=\"1078\" data-end=\"1097\">Detal brandowy:<\/strong> <strong data-start=\"1098\" data-end=\"1109\">logo BB<\/strong> inspirowane vintage\u2019owym logo<\/p>\n<\/li>\n<li data-start=\"1140\" data-end=\"1219\">\n<p data-start=\"1142\" data-end=\"1219\"><strong data-start=\"1142\" data-end=\"1166\">Wyko\u0144czenie premium:<\/strong> efekt <strong data-start=\"1173\" data-end=\"1185\">tumbling<\/strong> (specyficzna obr\u00f3bka powierzchni)<\/p>\n<\/li>\n<\/ul>\n","protected":false},"featured_media":7612,"template":"","meta":{"_acf_changed":false},"product_brand":[605],"product_cat":[51,747],"product_tag":[],"model":[616],"class_list":{"0":"post-7609","1":"product","2":"type-product","3":"status-publish","4":"has-post-thumbnail","6":"product_brand-balenciaga","7":"product_cat-okulary-korekcyjne","8":"product_cat-outlet","9":"model-bb0274o","11":"first","12":"instock","13":"sale","14":"taxable","15":"shipping-taxable","16":"purchasable","17":"product-type-simple"},"acf":[],"aioseo_notices":[],"_links":{"self":[{"href":"https:\/\/markoweokulary.pl\/pl\/wp-json\/wp\/v2\/product\/7609","targetHints":{"allow":["GET"]}}],"collection":[{"href":"https:\/\/markoweokulary.pl\/pl\/wp-json\/wp\/v2\/product"}],"about":[{"href":"https:\/\/markoweokulary.pl\/pl\/wp-json\/wp\/v2\/types\/product"}],"version-history":[{"count":1,"href":"https:\/\/markoweokulary.pl\/pl\/wp-json\/wp\/v2\/product\/7609\/revisions"}],"predecessor-version":[{"id":7613,"href":"https:\/\/markoweokulary.pl\/pl\/wp-json\/wp\/v2\/product\/7609\/revisions\/7613"}],"wp:featuredmedia":[{"embeddable":true,"href":"https:\/\/markoweokulary.pl\/pl\/wp-json\/wp\/v2\/media\/7612"}],"wp:attachment":[{"href":"https:\/\/markoweokulary.pl\/pl\/wp-json\/wp\/v2\/media?parent=7609"}],"wp:term":[{"taxonomy":"product_brand","embeddable":true,"href":"https:\/\/markoweokulary.pl\/pl\/wp-json\/wp\/v2\/product_brand?post=7609"},{"taxonomy":"product_cat","embeddable":true,"href":"https:\/\/markoweokulary.pl\/pl\/wp-json\/wp\/v2\/product_cat?post=7609"},{"taxonomy":"product_tag","embeddable":true,"href":"https:\/\/markoweokulary.pl\/pl\/wp-json\/wp\/v2\/product_tag?post=7609"},{"taxonomy":"model","embeddable":true,"href":"https:\/\/markoweokulary.pl\/pl\/wp-json\/wp\/v2\/model?post=7609"}],"curies":[{"name":"wp","href":"https:\/\/api.w.org\/{rel}","templated":true}]}}