{"id":7604,"date":"2026-03-03T22:04:53","date_gmt":"2026-03-03T21:04:53","guid":{"rendered":"https:\/\/markoweokulary.pl\/?post_type=product&#038;p=7604"},"modified":"2026-04-02T16:52:11","modified_gmt":"2026-04-02T14:52:11","slug":"balenciaga-bb0276o-003","status":"publish","type":"product","link":"https:\/\/markoweokulary.pl\/pl\/produkt\/balenciaga-bb0276o-003\/","title":{"rendered":"Balenciaga BB0276O | 003"},"content":{"rendered":"<p>Nowe kszta\u0142ty wzmacniaj\u0105ce koncepcj\u0119 <strong data-start=\"101\" data-end=\"116\">Rive Gauche<\/strong>: wyrazista oprawa z <strong data-start=\"137\" data-end=\"161\">vintage\u2019owym logo BB<\/strong> i charakterystycznym wyko\u0144czeniem typu <strong data-start=\"201\" data-end=\"213\">tumbling<\/strong>. Ca\u0142o\u015b\u0107 w <strong data-start=\"224\" data-end=\"255\">b\u0142yszcz\u0105cej palecie acetatu<\/strong>.<\/p>\n","protected":false},"excerpt":{"rendered":"<p data-start=\"273\" data-end=\"938\">Model <strong data-start=\"279\" data-end=\"305\">Balenciaga BB0276O 003<\/strong> rozwija estetyk\u0119 <strong data-start=\"323\" data-end=\"338\">Rive Gauche<\/strong> \u2014 lini\u0119 inspirowan\u0105 paryskim stylem, gdzie klasyka spotyka si\u0119 z nowoczesnym, bezkompromisowym detalem. W tym projekcie uwag\u0119 przyci\u0105ga <strong data-start=\"475\" data-end=\"528\">logo BB nawi\u0105zuj\u0105ce do vintage\u2019owych znak\u00f3w marki<\/strong>, dodaj\u0105ce oprawie kolekcjonerskiego charakteru.<br data-start=\"576\" data-end=\"579\" \/>Wyko\u0144czenie zosta\u0142o wzbogacone o specyficzny efekt <strong data-start=\"630\" data-end=\"642\">tumbling<\/strong> (szczeg\u00f3lna obr\u00f3bka powierzchni), kt\u00f3ry podbija wra\u017cenie \u201cpremium\u201d i sprawia, \u017ce oprawa wygl\u0105da jeszcze bardziej dopracowanie. Dodatkowo wszystkie warianty tego modelu wykonano w <strong data-start=\"822\" data-end=\"856\">acetatowej palecie z po\u0142yskiem<\/strong>, dzi\u0119ki czemu kolor jest g\u0142\u0119boki, a ca\u0142o\u015b\u0107 prezentuje si\u0119 elegancko i wyrazi\u015bcie.<\/p>\n<h3 data-start=\"940\" data-end=\"963\">Najwa\u017cniejsze cechy<\/h3>\n<ul data-start=\"964\" data-end=\"1311\">\n<li data-start=\"964\" data-end=\"1003\">\n<p data-start=\"966\" data-end=\"1003\"><strong data-start=\"966\" data-end=\"976\">Model:<\/strong> Balenciaga <strong data-start=\"988\" data-end=\"1003\">BB0276O 003<\/strong><\/p>\n<\/li>\n<li data-start=\"1004\" data-end=\"1049\">\n<p data-start=\"1006\" data-end=\"1049\"><strong data-start=\"1006\" data-end=\"1014\">Typ:<\/strong> okulary <strong data-start=\"1023\" data-end=\"1037\">korekcyjne<\/strong> (do szkie\u0142)<\/p>\n<\/li>\n<li data-start=\"1050\" data-end=\"1118\">\n<p data-start=\"1052\" data-end=\"1118\"><strong data-start=\"1052\" data-end=\"1066\">Koncepcja:<\/strong> <strong data-start=\"1067\" data-end=\"1082\">Rive Gauche<\/strong> (styl inspirowany parysk\u0105 estetyk\u0105)<\/p>\n<\/li>\n<li data-start=\"1119\" data-end=\"1170\">\n<p data-start=\"1121\" data-end=\"1170\"><strong data-start=\"1121\" data-end=\"1134\">Materia\u0142:<\/strong> <strong data-start=\"1135\" data-end=\"1145\">acetat<\/strong> (b\u0142yszcz\u0105ce wyko\u0144czenie)<\/p>\n<\/li>\n<li data-start=\"1171\" data-end=\"1234\">\n<p data-start=\"1173\" data-end=\"1234\"><strong data-start=\"1173\" data-end=\"1192\">Detal brandowy:<\/strong> <strong data-start=\"1193\" data-end=\"1204\">logo BB<\/strong> inspirowane vintage\u2019owym logo<\/p>\n<\/li>\n<li data-start=\"1235\" data-end=\"1311\">\n<p data-start=\"1237\" data-end=\"1311\"><strong data-start=\"1237\" data-end=\"1261\">Wyko\u0144czenie premium:<\/strong> efekt <strong data-start=\"1268\" data-end=\"1280\">tumbling<\/strong> (unikalna obr\u00f3bka powierzchni)<\/p>\n<\/li>\n<\/ul>\n","protected":false},"featured_media":7607,"template":"","meta":{"_acf_changed":false},"product_brand":[605],"product_cat":[51,747],"product_tag":[],"model":[614],"class_list":{"0":"post-7604","1":"product","2":"type-product","3":"status-publish","4":"has-post-thumbnail","6":"product_brand-balenciaga","7":"product_cat-okulary-korekcyjne","8":"product_cat-outlet","9":"model-bb0276o","11":"first","12":"instock","13":"sale","14":"taxable","15":"shipping-taxable","16":"purchasable","17":"product-type-simple"},"acf":[],"aioseo_notices":[],"_links":{"self":[{"href":"https:\/\/markoweokulary.pl\/pl\/wp-json\/wp\/v2\/product\/7604","targetHints":{"allow":["GET"]}}],"collection":[{"href":"https:\/\/markoweokulary.pl\/pl\/wp-json\/wp\/v2\/product"}],"about":[{"href":"https:\/\/markoweokulary.pl\/pl\/wp-json\/wp\/v2\/types\/product"}],"version-history":[{"count":1,"href":"https:\/\/markoweokulary.pl\/pl\/wp-json\/wp\/v2\/product\/7604\/revisions"}],"predecessor-version":[{"id":7608,"href":"https:\/\/markoweokulary.pl\/pl\/wp-json\/wp\/v2\/product\/7604\/revisions\/7608"}],"wp:featuredmedia":[{"embeddable":true,"href":"https:\/\/markoweokulary.pl\/pl\/wp-json\/wp\/v2\/media\/7607"}],"wp:attachment":[{"href":"https:\/\/markoweokulary.pl\/pl\/wp-json\/wp\/v2\/media?parent=7604"}],"wp:term":[{"taxonomy":"product_brand","embeddable":true,"href":"https:\/\/markoweokulary.pl\/pl\/wp-json\/wp\/v2\/product_brand?post=7604"},{"taxonomy":"product_cat","embeddable":true,"href":"https:\/\/markoweokulary.pl\/pl\/wp-json\/wp\/v2\/product_cat?post=7604"},{"taxonomy":"product_tag","embeddable":true,"href":"https:\/\/markoweokulary.pl\/pl\/wp-json\/wp\/v2\/product_tag?post=7604"},{"taxonomy":"model","embeddable":true,"href":"https:\/\/markoweokulary.pl\/pl\/wp-json\/wp\/v2\/model?post=7604"}],"curies":[{"name":"wp","href":"https:\/\/api.w.org\/{rel}","templated":true}]}}