{"id":7598,"date":"2026-03-03T21:55:36","date_gmt":"2026-03-03T20:55:36","guid":{"rendered":"https:\/\/markoweokulary.pl\/?post_type=product&#038;p=7598"},"modified":"2026-04-02T16:50:32","modified_gmt":"2026-04-02T14:50:32","slug":"balenciaga-bb0342o-008-blue","status":"publish","type":"product","link":"https:\/\/markoweokulary.pl\/pl\/produkt\/balenciaga-bb0342o-008-blue\/","title":{"rendered":"Balenciaga BB0342O | 008 Blue"},"content":{"rendered":"<p>Nowy model z koncepcji <strong data-start=\"87\" data-end=\"96\">Power<\/strong>: <strong data-start=\"98\" data-end=\"116\">mi\u0119kki cat-eye<\/strong> z ostr\u0105, architektoniczn\u0105 lini\u0105 i mocnymi proporcjami. Na lewym zauszniku \u2014 <strong data-start=\"193\" data-end=\"212\">wypuk\u0142e logo BB<\/strong> w wysokim reliefie.<\/p>\n","protected":false},"excerpt":{"rendered":"<p data-start=\"249\" data-end=\"881\"><strong data-start=\"249\" data-end=\"275\">Balenciaga BB0342O 008<\/strong> rozwija koncepcj\u0119 <strong data-start=\"294\" data-end=\"303\">Power<\/strong> (wprowadzon\u0105 w SS21), kt\u00f3ra czerpie z ewolucji kultowego, ci\u0119tego \u2014 \u201esharp\u201d \u2014 designu marki. To oprawa o formie <strong data-start=\"416\" data-end=\"432\">soft cat-eye<\/strong>, gdzie delikatnie uniesiony kszta\u0142t zosta\u0142 podkr\u0119cony wyrazistymi, ostrymi kraw\u0119dziami i <strong data-start=\"522\" data-end=\"556\">architektonicznymi proporcjami<\/strong>.<br data-start=\"557\" data-end=\"560\" \/>Model wygl\u0105da nowocze\u015bnie i mocno, ale nadal pozostaje bardzo \u201cdo noszenia\u201d na co dzie\u0144 \u2014 szczeg\u00f3lnie je\u015bli chcesz doda\u0107 stylizacji charakteru bez przesadnej ekstrawagancji. Ca\u0142o\u015b\u0107 dope\u0142nia <strong data-start=\"750\" data-end=\"771\">ikoniczne logo BB<\/strong> w wysokim reliefie umieszczone na <strong data-start=\"806\" data-end=\"825\">lewym zauszniku<\/strong> \u2014 detal premium, kt\u00f3ry robi efekt \u201estatement\u201d z bliska.<\/p>\n<h3 data-start=\"883\" data-end=\"906\">Najwa\u017cniejsze cechy<\/h3>\n<ul data-start=\"907\" data-end=\"1254\">\n<li data-start=\"907\" data-end=\"946\">\n<p data-start=\"909\" data-end=\"946\"><strong data-start=\"909\" data-end=\"919\">Model:<\/strong> Balenciaga <strong data-start=\"931\" data-end=\"946\">BB0342O 008<\/strong><\/p>\n<\/li>\n<li data-start=\"947\" data-end=\"992\">\n<p data-start=\"949\" data-end=\"992\"><strong data-start=\"949\" data-end=\"957\">Typ:<\/strong> okulary <strong data-start=\"966\" data-end=\"980\">korekcyjne<\/strong> (do szkie\u0142)<\/p>\n<\/li>\n<li data-start=\"993\" data-end=\"1060\">\n<p data-start=\"995\" data-end=\"1060\"><strong data-start=\"995\" data-end=\"1009\">Koncepcja:<\/strong> <strong data-start=\"1010\" data-end=\"1019\">Power<\/strong> (inspiracja ostr\u0105, \u201ecut\/sharp\u201d estetyk\u0105)<\/p>\n<\/li>\n<li data-start=\"1061\" data-end=\"1136\">\n<p data-start=\"1063\" data-end=\"1136\"><strong data-start=\"1063\" data-end=\"1075\">Kszta\u0142t:<\/strong> <strong data-start=\"1076\" data-end=\"1092\">soft cat-eye<\/strong> \u2013 uniesiona linia z wyrazistymi kraw\u0119dziami<\/p>\n<\/li>\n<li data-start=\"1137\" data-end=\"1183\">\n<p data-start=\"1139\" data-end=\"1183\"><strong data-start=\"1139\" data-end=\"1153\">Proporcje:<\/strong> architektoniczne, zdecydowane<\/p>\n<\/li>\n<li data-start=\"1184\" data-end=\"1254\">\n<p data-start=\"1186\" data-end=\"1254\"><strong data-start=\"1186\" data-end=\"1196\">Detal:<\/strong> wypuk\u0142e <strong data-start=\"1205\" data-end=\"1216\">logo BB<\/strong> w wysokim reliefie na lewym zauszniku<\/p>\n<\/li>\n<\/ul>\n","protected":false},"featured_media":7602,"template":"","meta":{"_acf_changed":false},"product_brand":[605],"product_cat":[51,747],"product_tag":[],"model":[612],"class_list":{"0":"post-7598","1":"product","2":"type-product","3":"status-publish","4":"has-post-thumbnail","6":"product_brand-balenciaga","7":"product_cat-okulary-korekcyjne","8":"product_cat-outlet","9":"model-bb0342o","11":"first","12":"instock","13":"sale","14":"taxable","15":"shipping-taxable","16":"purchasable","17":"product-type-simple"},"acf":[],"aioseo_notices":[],"_links":{"self":[{"href":"https:\/\/markoweokulary.pl\/pl\/wp-json\/wp\/v2\/product\/7598","targetHints":{"allow":["GET"]}}],"collection":[{"href":"https:\/\/markoweokulary.pl\/pl\/wp-json\/wp\/v2\/product"}],"about":[{"href":"https:\/\/markoweokulary.pl\/pl\/wp-json\/wp\/v2\/types\/product"}],"version-history":[{"count":0,"href":"https:\/\/markoweokulary.pl\/pl\/wp-json\/wp\/v2\/product\/7598\/revisions"}],"wp:featuredmedia":[{"embeddable":true,"href":"https:\/\/markoweokulary.pl\/pl\/wp-json\/wp\/v2\/media\/7602"}],"wp:attachment":[{"href":"https:\/\/markoweokulary.pl\/pl\/wp-json\/wp\/v2\/media?parent=7598"}],"wp:term":[{"taxonomy":"product_brand","embeddable":true,"href":"https:\/\/markoweokulary.pl\/pl\/wp-json\/wp\/v2\/product_brand?post=7598"},{"taxonomy":"product_cat","embeddable":true,"href":"https:\/\/markoweokulary.pl\/pl\/wp-json\/wp\/v2\/product_cat?post=7598"},{"taxonomy":"product_tag","embeddable":true,"href":"https:\/\/markoweokulary.pl\/pl\/wp-json\/wp\/v2\/product_tag?post=7598"},{"taxonomy":"model","embeddable":true,"href":"https:\/\/markoweokulary.pl\/pl\/wp-json\/wp\/v2\/model?post=7598"}],"curies":[{"name":"wp","href":"https:\/\/api.w.org\/{rel}","templated":true}]}}