{"id":705,"date":"2025-09-15T17:46:00","date_gmt":"2025-09-15T15:46:00","guid":{"rendered":"https:\/\/duke2.unixstorm.eu\/produkt\/jacques-marie-mage-grandfunk-sahara\/"},"modified":"2026-03-05T18:50:12","modified_gmt":"2026-03-05T17:50:12","slug":"jacques-marie-mage-grandfunk-sahara","status":"publish","type":"product","link":"https:\/\/markoweokulary.pl\/pl\/produkt\/jacques-marie-mage-grandfunk-sahara\/","title":{"rendered":"Jacques Marie Mage GRANDFUNK | SAHARA"},"content":{"rendered":"<p><strong data-start=\"1012\" data-end=\"1025\">Dla kogo?<\/strong><br data-start=\"1025\" data-end=\"1028\" \/><strong data-start=\"1028\" data-end=\"1070\">Jacques Marie Mage Grandfunk in Sahara<\/strong> to model dla tych, kt\u00f3rzy lubi\u0105 przyci\u0105ga\u0107 uwag\u0119 i \u017cyj\u0105 z pasj\u0105.<\/p>\n<p>Stylowy ho\u0142d dla wolno\u015bci, muzyki i artystycznego ducha lat 70. \u2013 odwa\u017cny, charyzmatyczny i absolutnie wyj\u0105tkowy.<\/p>\n","protected":false},"excerpt":{"rendered":"<h3 data-start=\"142\" data-end=\"192\">Jacques Marie Mage \u2013 <strong data-start=\"167\" data-end=\"190\">Grandfunk in Sahara<\/strong><\/h3>\n<p data-start=\"194\" data-end=\"532\"><strong data-start=\"194\" data-end=\"221\">Funkowa energia lat 70.<\/strong><br data-start=\"221\" data-end=\"224\" \/>Model <strong data-start=\"230\" data-end=\"253\">Grandfunk in Sahara<\/strong> to prawdziwa deklaracja stylu \u2013 sze\u015bciok\u0105tne okulary przeciws\u0142oneczne o szerokim dopasowaniu, inspirowane estetyk\u0105 lat 70. R\u0119cznie wykonane we W\u0142oszech w limitowanej edycji <strong data-start=\"427\" data-end=\"446\">200 egzemplarzy<\/strong>, stanowi\u0105 po\u0142\u0105czenie \u015bmia\u0142ej formy, artystycznego ducha i mistrzowskiego rzemios\u0142a.<\/p>\n<p data-start=\"534\" data-end=\"555\"><strong data-start=\"534\" data-end=\"553\">Detale i design<\/strong><\/p>\n<ul data-start=\"556\" data-end=\"1010\">\n<li data-start=\"556\" data-end=\"646\">\n<p data-start=\"558\" data-end=\"646\">Rama: br\u0105zowa, 9-milimetrowa z utwardzonego acetatu celulozowego w odcieniu <strong data-start=\"634\" data-end=\"644\">Sahara<\/strong><\/p>\n<\/li>\n<li data-start=\"647\" data-end=\"738\">\n<p data-start=\"649\" data-end=\"738\">Zauszniki: z klasycznym rdzeniem <em data-start=\"682\" data-end=\"703\">Cantilever wirecore<\/em>, grawerowanym w detal <em data-start=\"726\" data-end=\"736\">hairline<\/em><\/p>\n<\/li>\n<li data-start=\"739\" data-end=\"808\">\n<p data-start=\"741\" data-end=\"808\">Zawiasy: solidne, siedmiopr\u0119towe \u2013 gwarancja trwa\u0142o\u015bci i komfortu<\/p>\n<\/li>\n<li data-start=\"809\" data-end=\"888\">\n<p data-start=\"811\" data-end=\"888\">Ko\u0144c\u00f3wki zausznik\u00f3w: wyposa\u017cone w oczka do zaczepienia \u0142a\u0144cuszka lub ozdoby<\/p>\n<\/li>\n<li data-start=\"889\" data-end=\"943\">\n<p data-start=\"891\" data-end=\"943\">Soczewki: br\u0105zowe z gradientem, z pe\u0142n\u0105 ochron\u0105 UV<\/p>\n<\/li>\n<li data-start=\"944\" data-end=\"1010\">\n<p data-start=\"946\" data-end=\"1010\">Limitowana edycja: <strong data-start=\"965\" data-end=\"978\">200 sztuk<\/strong>, r\u0119cznie wykonana we W\u0142oszech<\/p>\n<\/li>\n<\/ul>\n","protected":false},"featured_media":1851,"template":"","meta":{"_acf_changed":false},"product_brand":[82],"product_cat":[30],"product_tag":[123],"model":[380],"class_list":{"0":"post-705","1":"product","2":"type-product","3":"status-publish","4":"has-post-thumbnail","6":"product_brand-jacques-marie-mage","7":"product_cat-okulary-przeciwsloneczne","8":"product_tag-jmmgf13p","9":"model-grandfunk","11":"first","12":"instock","13":"sale","14":"taxable","15":"shipping-taxable","16":"purchasable","17":"product-type-simple"},"acf":[],"aioseo_notices":[],"_links":{"self":[{"href":"https:\/\/markoweokulary.pl\/pl\/wp-json\/wp\/v2\/product\/705","targetHints":{"allow":["GET"]}}],"collection":[{"href":"https:\/\/markoweokulary.pl\/pl\/wp-json\/wp\/v2\/product"}],"about":[{"href":"https:\/\/markoweokulary.pl\/pl\/wp-json\/wp\/v2\/types\/product"}],"version-history":[{"count":1,"href":"https:\/\/markoweokulary.pl\/pl\/wp-json\/wp\/v2\/product\/705\/revisions"}],"predecessor-version":[{"id":4504,"href":"https:\/\/markoweokulary.pl\/pl\/wp-json\/wp\/v2\/product\/705\/revisions\/4504"}],"wp:featuredmedia":[{"embeddable":true,"href":"https:\/\/markoweokulary.pl\/pl\/wp-json\/wp\/v2\/media\/1851"}],"wp:attachment":[{"href":"https:\/\/markoweokulary.pl\/pl\/wp-json\/wp\/v2\/media?parent=705"}],"wp:term":[{"taxonomy":"product_brand","embeddable":true,"href":"https:\/\/markoweokulary.pl\/pl\/wp-json\/wp\/v2\/product_brand?post=705"},{"taxonomy":"product_cat","embeddable":true,"href":"https:\/\/markoweokulary.pl\/pl\/wp-json\/wp\/v2\/product_cat?post=705"},{"taxonomy":"product_tag","embeddable":true,"href":"https:\/\/markoweokulary.pl\/pl\/wp-json\/wp\/v2\/product_tag?post=705"},{"taxonomy":"model","embeddable":true,"href":"https:\/\/markoweokulary.pl\/pl\/wp-json\/wp\/v2\/model?post=705"}],"curies":[{"name":"wp","href":"https:\/\/api.w.org\/{rel}","templated":true}]}}