{"id":685,"date":"2025-09-15T17:37:59","date_gmt":"2025-09-15T15:37:59","guid":{"rendered":"https:\/\/duke2.unixstorm.eu\/produkt\/jacques-marie-mage-grandfunk-teddy-brown\/"},"modified":"2026-03-05T18:50:12","modified_gmt":"2026-03-05T17:50:12","slug":"jacques-marie-mage-grandfunk-teddy-brown","status":"publish","type":"product","link":"https:\/\/markoweokulary.pl\/pl\/produkt\/jacques-marie-mage-grandfunk-teddy-brown\/","title":{"rendered":"Jacques Marie Mage GRANDFUNK | TEDDY BROWN"},"content":{"rendered":"<p><strong data-start=\"1234\" data-end=\"1247\">Dla kogo?<\/strong><br data-start=\"1247\" data-end=\"1250\" \/><strong data-start=\"1250\" data-end=\"1297\">Jacques Marie Mage Grandfunk in Teddy Brown<\/strong> to oprawa dla os\u00f3b o silnym charakterze i niepowtarzalnym stylu.<\/p>\n<p>Dla tych, kt\u00f3rzy ceni\u0105 muzyk\u0119, ruch i wolno\u015b\u0107 \u2013 okulary, kt\u00f3re nie tylko przyci\u0105gaj\u0105 spojrzenia, ale tworz\u0105 w\u0142asny rytm.<\/p>\n","protected":false},"excerpt":{"rendered":"<h3 data-start=\"161\" data-end=\"216\">Jacques Marie Mage \u2013 <strong data-start=\"186\" data-end=\"214\">Grandfunk in Teddy Brown<\/strong><\/h3>\n<p data-start=\"218\" data-end=\"605\"><strong data-start=\"218\" data-end=\"273\">Lata 70. w pe\u0142nej krasie \u2013 odwaga, styl i charakter<\/strong><br data-start=\"273\" data-end=\"276\" \/>Model <strong data-start=\"282\" data-end=\"310\">Grandfunk in Teddy Brown<\/strong> to ho\u0142d dla ekspresyjnego ducha lat 70. \u2013 odwa\u017cny, sze\u015bciok\u0105tny kszta\u0142t, rze\u017abiarska forma i w\u0142oskie rzemios\u0142o najwy\u017cszej klasy. Wykonany r\u0119cznie w limitowanej edycji <strong data-start=\"478\" data-end=\"497\">200 egzemplarzy<\/strong>, \u0142\u0105czy styl vintage z nowoczesn\u0105 finezj\u0105, tworz\u0105c okulary o wyj\u0105tkowej osobowo\u015bci i scenicznej charyzmie.<\/p>\n<p data-start=\"607\" data-end=\"628\"><strong data-start=\"607\" data-end=\"626\">Detale i design<\/strong><\/p>\n<ul data-start=\"629\" data-end=\"1232\">\n<li data-start=\"629\" data-end=\"714\">\n<p data-start=\"631\" data-end=\"714\">Rama: 9-milimetrowy acetat celulozowy w ciep\u0142ym odcieniu <strong data-start=\"688\" data-end=\"712\">Havana \/ Teddy Brown<\/strong><\/p>\n<\/li>\n<li data-start=\"715\" data-end=\"796\">\n<p data-start=\"717\" data-end=\"796\">Kszta\u0142t: geometryczny, sze\u015bciok\u0105tny \u2013 wyra\u017anie inspirowany stylistyk\u0105 lat 70.<\/p>\n<\/li>\n<li data-start=\"797\" data-end=\"903\">\n<p data-start=\"799\" data-end=\"903\">Zauszniki: r\u0119cznie wykonane z acetatu, z ozdobnym rdzeniem <em data-start=\"858\" data-end=\"879\">Cantilever wirecore<\/em> z grawerem <em data-start=\"891\" data-end=\"901\">hairline<\/em><\/p>\n<\/li>\n<li data-start=\"904\" data-end=\"995\">\n<p data-start=\"906\" data-end=\"995\">Zawiasy: sygnowane, siedmiopunktowe (<em data-start=\"943\" data-end=\"959\">7-barrel hinge<\/em>) \u2013 gwarancja trwa\u0142o\u015bci i precyzji<\/p>\n<\/li>\n<li data-start=\"996\" data-end=\"1072\">\n<p data-start=\"998\" data-end=\"1072\">Dodatki: otwory na ko\u0144c\u00f3wkach zausznik\u00f3w umo\u017cliwiaj\u0105ce dodanie \u0142a\u0144cuszka<\/p>\n<\/li>\n<li data-start=\"1073\" data-end=\"1163\">\n<p data-start=\"1075\" data-end=\"1163\">Soczewki: pomara\u0144czowy gradient z pe\u0142n\u0105 ochron\u0105 UV, nadaj\u0105cy spojrzeniu ciep\u0142a i g\u0142\u0119bi<\/p>\n<\/li>\n<li data-start=\"1164\" data-end=\"1232\">\n<p data-start=\"1166\" data-end=\"1232\">Limitowana edycja: <strong data-start=\"1185\" data-end=\"1198\">200 sztuk<\/strong>, wykonanych r\u0119cznie we W\u0142oszech<\/p>\n<\/li>\n<\/ul>\n","protected":false},"featured_media":682,"template":"","meta":{"_acf_changed":false},"product_brand":[82],"product_cat":[30],"product_tag":[121],"model":[380],"class_list":{"0":"post-685","1":"product","2":"type-product","3":"status-publish","4":"has-post-thumbnail","6":"product_brand-jacques-marie-mage","7":"product_cat-okulary-przeciwsloneczne","8":"product_tag-jmmgf13m","9":"model-grandfunk","11":"first","12":"instock","13":"sale","14":"taxable","15":"shipping-taxable","16":"purchasable","17":"product-type-simple"},"acf":[],"aioseo_notices":[],"_links":{"self":[{"href":"https:\/\/markoweokulary.pl\/pl\/wp-json\/wp\/v2\/product\/685","targetHints":{"allow":["GET"]}}],"collection":[{"href":"https:\/\/markoweokulary.pl\/pl\/wp-json\/wp\/v2\/product"}],"about":[{"href":"https:\/\/markoweokulary.pl\/pl\/wp-json\/wp\/v2\/types\/product"}],"version-history":[{"count":1,"href":"https:\/\/markoweokulary.pl\/pl\/wp-json\/wp\/v2\/product\/685\/revisions"}],"predecessor-version":[{"id":4503,"href":"https:\/\/markoweokulary.pl\/pl\/wp-json\/wp\/v2\/product\/685\/revisions\/4503"}],"wp:featuredmedia":[{"embeddable":true,"href":"https:\/\/markoweokulary.pl\/pl\/wp-json\/wp\/v2\/media\/682"}],"wp:attachment":[{"href":"https:\/\/markoweokulary.pl\/pl\/wp-json\/wp\/v2\/media?parent=685"}],"wp:term":[{"taxonomy":"product_brand","embeddable":true,"href":"https:\/\/markoweokulary.pl\/pl\/wp-json\/wp\/v2\/product_brand?post=685"},{"taxonomy":"product_cat","embeddable":true,"href":"https:\/\/markoweokulary.pl\/pl\/wp-json\/wp\/v2\/product_cat?post=685"},{"taxonomy":"product_tag","embeddable":true,"href":"https:\/\/markoweokulary.pl\/pl\/wp-json\/wp\/v2\/product_tag?post=685"},{"taxonomy":"model","embeddable":true,"href":"https:\/\/markoweokulary.pl\/pl\/wp-json\/wp\/v2\/model?post=685"}],"curies":[{"name":"wp","href":"https:\/\/api.w.org\/{rel}","templated":true}]}}