{"id":673,"date":"2025-09-15T17:35:00","date_gmt":"2025-09-15T15:35:00","guid":{"rendered":"https:\/\/duke2.unixstorm.eu\/produkt\/jacques-marie-mage-eldorado-ciel\/"},"modified":"2026-03-05T18:50:12","modified_gmt":"2026-03-05T17:50:12","slug":"jacques-marie-mage-eldorado-ciel","status":"publish","type":"product","link":"https:\/\/markoweokulary.pl\/pl\/produkt\/jacques-marie-mage-eldorado-ciel\/","title":{"rendered":"Jacques Marie Mage EL DORADO | CIEL"},"content":{"rendered":"<p data-start=\"1148\" data-end=\"1396\"><strong data-start=\"1148\" data-end=\"1161\">Dla kogo?<\/strong><br data-start=\"1161\" data-end=\"1164\" \/><strong data-start=\"1164\" data-end=\"1203\">Jacques Marie Mage Eldorado in Ciel<\/strong> to model dla os\u00f3b, kt\u00f3re \u0142\u0105cz\u0105 artystyczn\u0105 wra\u017cliwo\u015b\u0107 z pewno\u015bci\u0105 siebie.<\/p>\n<p data-start=\"1148\" data-end=\"1396\">Subtelny, nowoczesny i ponadczasowy \u2013 stworzony dla tych, kt\u00f3rzy ceni\u0105 design o czystej formie i filmowej elegancji.<\/p>\n","protected":false},"excerpt":{"rendered":"<h3 data-start=\"189\" data-end=\"236\">Jacques Marie Mage \u2013 <strong data-start=\"214\" data-end=\"234\">Eldorado in Ciel<\/strong><\/h3>\n<p data-start=\"238\" data-end=\"601\"><strong data-start=\"238\" data-end=\"278\">Nowoczesna elegancja w duchu lat 30.<\/strong><br data-start=\"278\" data-end=\"281\" \/>Model <strong data-start=\"287\" data-end=\"307\">Eldorado in Ciel<\/strong> to bezramkowe okulary o o\u015bmiok\u0105tnym kszta\u0142cie soczewek, inspirowane estetyk\u0105 lat 30. i duchem pionier\u00f3w tamtej epoki. Limitowana edycja <strong data-start=\"444\" data-end=\"463\">500 egzemplarzy<\/strong> \u0142\u0105czy minimalistyczn\u0105 form\u0119 z mistrzowskim wykonaniem, tworz\u0105c opraw\u0119, kt\u00f3ra emanuje lekko\u015bci\u0105, precyzj\u0105 i artystycznym wyrafinowaniem.<\/p>\n<p data-start=\"603\" data-end=\"624\"><strong data-start=\"603\" data-end=\"622\">Detale i design<\/strong><\/p>\n<ul data-start=\"625\" data-end=\"1146\">\n<li data-start=\"625\" data-end=\"701\">\n<p data-start=\"627\" data-end=\"701\">Konstrukcja: bezramkowa, o geometrycznym, o\u015bmiok\u0105tnym kszta\u0142cie soczewek<\/p>\n<\/li>\n<li data-start=\"702\" data-end=\"786\">\n<p data-start=\"704\" data-end=\"786\">Kolor: subtelny, niebieskawy odcie\u0144 <strong data-start=\"740\" data-end=\"748\">Ciel<\/strong>, dodaj\u0105cy \u015bwie\u017co\u015bci i nowoczesno\u015bci<\/p>\n<\/li>\n<li data-start=\"787\" data-end=\"880\">\n<p data-start=\"789\" data-end=\"880\">Styl: inspirowany klasycznymi okularami z lat 30., reinterpretowany we wsp\u00f3\u0142czesnym duchu<\/p>\n<\/li>\n<li data-start=\"881\" data-end=\"957\">\n<p data-start=\"883\" data-end=\"957\">Zauszniki: wysoko osadzone, z precyzyjnie wykonanymi metalowymi detalami<\/p>\n<\/li>\n<li data-start=\"958\" data-end=\"1051\">\n<p data-start=\"960\" data-end=\"1051\">Materia\u0142y: lekki i trwa\u0142y tytan, r\u0119cznie wyko\u0144czone soczewki o ch\u0142odnym, eleganckim tonie<\/p>\n<\/li>\n<li data-start=\"1052\" data-end=\"1146\">\n<p data-start=\"1054\" data-end=\"1146\">Limitowana edycja: <strong data-start=\"1073\" data-end=\"1086\">500 sztuk<\/strong>, ka\u017cdy egzemplarz powsta\u0142 z dba\u0142o\u015bci\u0105 o perfekcyjny detal<\/p>\n<\/li>\n<\/ul>\n","protected":false},"featured_media":670,"template":"","meta":{"_acf_changed":false},"product_brand":[82],"product_cat":[30],"product_tag":[118],"model":[377],"class_list":{"0":"post-673","1":"product","2":"type-product","3":"status-publish","4":"has-post-thumbnail","6":"product_brand-jacques-marie-mage","7":"product_cat-okulary-przeciwsloneczne","8":"product_tag-jmmeo26","9":"model-eldorado","11":"first","12":"instock","13":"sale","14":"taxable","15":"shipping-taxable","16":"purchasable","17":"product-type-simple"},"acf":[],"aioseo_notices":[],"_links":{"self":[{"href":"https:\/\/markoweokulary.pl\/pl\/wp-json\/wp\/v2\/product\/673","targetHints":{"allow":["GET"]}}],"collection":[{"href":"https:\/\/markoweokulary.pl\/pl\/wp-json\/wp\/v2\/product"}],"about":[{"href":"https:\/\/markoweokulary.pl\/pl\/wp-json\/wp\/v2\/types\/product"}],"version-history":[{"count":1,"href":"https:\/\/markoweokulary.pl\/pl\/wp-json\/wp\/v2\/product\/673\/revisions"}],"predecessor-version":[{"id":4491,"href":"https:\/\/markoweokulary.pl\/pl\/wp-json\/wp\/v2\/product\/673\/revisions\/4491"}],"wp:featuredmedia":[{"embeddable":true,"href":"https:\/\/markoweokulary.pl\/pl\/wp-json\/wp\/v2\/media\/670"}],"wp:attachment":[{"href":"https:\/\/markoweokulary.pl\/pl\/wp-json\/wp\/v2\/media?parent=673"}],"wp:term":[{"taxonomy":"product_brand","embeddable":true,"href":"https:\/\/markoweokulary.pl\/pl\/wp-json\/wp\/v2\/product_brand?post=673"},{"taxonomy":"product_cat","embeddable":true,"href":"https:\/\/markoweokulary.pl\/pl\/wp-json\/wp\/v2\/product_cat?post=673"},{"taxonomy":"product_tag","embeddable":true,"href":"https:\/\/markoweokulary.pl\/pl\/wp-json\/wp\/v2\/product_tag?post=673"},{"taxonomy":"model","embeddable":true,"href":"https:\/\/markoweokulary.pl\/pl\/wp-json\/wp\/v2\/model?post=673"}],"curies":[{"name":"wp","href":"https:\/\/api.w.org\/{rel}","templated":true}]}}