{"id":669,"date":"2025-09-15T17:34:23","date_gmt":"2025-09-15T15:34:23","guid":{"rendered":"https:\/\/duke2.unixstorm.eu\/produkt\/jacques-marie-mage-eldorado-altan\/"},"modified":"2026-03-30T13:35:39","modified_gmt":"2026-03-30T11:35:39","slug":"jacques-marie-mage-eldorado-electrum","status":"publish","type":"product","link":"https:\/\/markoweokulary.pl\/pl\/produkt\/jacques-marie-mage-eldorado-electrum\/","title":{"rendered":"Jacques Marie Mage EL DORADO | ELECTRUM"},"content":{"rendered":"<p><strong data-start=\"1154\" data-end=\"1167\">Dla kogo?<\/strong><br data-start=\"1167\" data-end=\"1170\" \/><strong data-start=\"1170\" data-end=\"1210\">Jacques Marie Mage El Dorado in Electrum<\/strong> to propozycja dla os\u00f3b, kt\u00f3re kochaj\u0105 klasyk\u0119 z dusz\u0105 modernizmu.<\/p>\n<p>To oprawa o subtelnej sile i inteligentnym designie \u2013 dla tych, kt\u00f3rzy wybieraj\u0105 elegancj\u0119 \u015bwiadomie, z artystycznym wyczuciem.<\/p>\n","protected":false},"excerpt":{"rendered":"<h3 data-start=\"176\" data-end=\"224\">Jacques Marie Mage \u2013 <strong data-start=\"201\" data-end=\"222\">El Dorado in Electrum<\/strong><\/h3>\n<p data-start=\"226\" data-end=\"576\"><strong data-start=\"226\" data-end=\"268\">Geometryczna elegancja z dusz\u0105 lat 30.<\/strong><br data-start=\"268\" data-end=\"271\" \/>Model <strong data-start=\"277\" data-end=\"298\">El Dorado in Electrum<\/strong> to bezramkowe okulary inspirowane klasycznym stylem lat 30., w kt\u00f3rych lekko\u015b\u0107 formy spotyka si\u0119 z architektoniczn\u0105 precyzj\u0105. Limitowana edycja <strong data-start=\"443\" data-end=\"462\">500 egzemplarzy<\/strong> \u0142\u0105czy subtelny luksus z rzemie\u015blniczym kunsztem, tworz\u0105c opraw\u0119, kt\u00f3ra jest r\u00f3wnie nowoczesna, co ponadczasowa.<\/p>\n<p data-start=\"578\" data-end=\"599\"><strong data-start=\"578\" data-end=\"597\">Detale i design<\/strong><\/p>\n<ul data-start=\"600\" data-end=\"1152\">\n<li data-start=\"600\" data-end=\"702\">\n<p data-start=\"602\" data-end=\"702\">Konstrukcja: bezramkowa, z o\u015bmiok\u0105tnym kszta\u0142tem soczewek \u2013 charakterystycznym dla modelu Eldorado<\/p>\n<\/li>\n<li data-start=\"703\" data-end=\"778\">\n<p data-start=\"705\" data-end=\"778\">Kolor: ciep\u0142y, bursztynowy odcie\u0144 <strong data-start=\"739\" data-end=\"748\">Altan<\/strong>, dodaj\u0105cy g\u0142\u0119bi i elegancji<\/p>\n<\/li>\n<li data-start=\"779\" data-end=\"872\">\n<p data-start=\"781\" data-end=\"872\">Styl: inspirowany latami 30. \u2013 czysta forma, perfekcyjne proporcje i ponadczasowa finezja<\/p>\n<\/li>\n<li data-start=\"873\" data-end=\"967\">\n<p data-start=\"875\" data-end=\"967\">Zauszniki: wysoko osadzone, z dopracowanymi metalowymi akcentami o architektonicznej linii<\/p>\n<\/li>\n<li data-start=\"968\" data-end=\"1065\">\n<p data-start=\"970\" data-end=\"1065\">Materia\u0142y: lekki tytan i r\u0119cznie wyko\u0144czone soczewki, zapewniaj\u0105ce komfort i wyj\u0105tkowy wygl\u0105d<\/p>\n<\/li>\n<li data-start=\"1066\" data-end=\"1152\">\n<p data-start=\"1068\" data-end=\"1152\">Limitowana edycja: <strong data-start=\"1087\" data-end=\"1100\">500 sztuk<\/strong>, ka\u017cda para wykonana r\u0119cznie z dba\u0142o\u015bci\u0105 o detale<\/p>\n<\/li>\n<\/ul>\n","protected":false},"featured_media":666,"template":"","meta":{"_acf_changed":false},"product_brand":[82],"product_cat":[30],"product_tag":[],"model":[377],"class_list":{"0":"post-669","1":"product","2":"type-product","3":"status-publish","4":"has-post-thumbnail","6":"product_brand-jacques-marie-mage","7":"product_cat-okulary-przeciwsloneczne","8":"model-eldorado","10":"first","11":"outofstock","12":"sale","13":"taxable","14":"shipping-taxable","15":"purchasable","16":"product-type-simple"},"acf":[],"aioseo_notices":[],"_links":{"self":[{"href":"https:\/\/markoweokulary.pl\/pl\/wp-json\/wp\/v2\/product\/669","targetHints":{"allow":["GET"]}}],"collection":[{"href":"https:\/\/markoweokulary.pl\/pl\/wp-json\/wp\/v2\/product"}],"about":[{"href":"https:\/\/markoweokulary.pl\/pl\/wp-json\/wp\/v2\/types\/product"}],"version-history":[{"count":1,"href":"https:\/\/markoweokulary.pl\/pl\/wp-json\/wp\/v2\/product\/669\/revisions"}],"predecessor-version":[{"id":4490,"href":"https:\/\/markoweokulary.pl\/pl\/wp-json\/wp\/v2\/product\/669\/revisions\/4490"}],"wp:featuredmedia":[{"embeddable":true,"href":"https:\/\/markoweokulary.pl\/pl\/wp-json\/wp\/v2\/media\/666"}],"wp:attachment":[{"href":"https:\/\/markoweokulary.pl\/pl\/wp-json\/wp\/v2\/media?parent=669"}],"wp:term":[{"taxonomy":"product_brand","embeddable":true,"href":"https:\/\/markoweokulary.pl\/pl\/wp-json\/wp\/v2\/product_brand?post=669"},{"taxonomy":"product_cat","embeddable":true,"href":"https:\/\/markoweokulary.pl\/pl\/wp-json\/wp\/v2\/product_cat?post=669"},{"taxonomy":"product_tag","embeddable":true,"href":"https:\/\/markoweokulary.pl\/pl\/wp-json\/wp\/v2\/product_tag?post=669"},{"taxonomy":"model","embeddable":true,"href":"https:\/\/markoweokulary.pl\/pl\/wp-json\/wp\/v2\/model?post=669"}],"curies":[{"name":"wp","href":"https:\/\/api.w.org\/{rel}","templated":true}]}}