{"id":665,"date":"2025-09-15T17:33:39","date_gmt":"2025-09-15T15:33:39","guid":{"rendered":"https:\/\/duke2.unixstorm.eu\/produkt\/jacques-marie-mage-earl-altan\/"},"modified":"2026-03-10T18:32:33","modified_gmt":"2026-03-10T17:32:33","slug":"jacques-marie-mage-earl-altan","status":"publish","type":"product","link":"https:\/\/markoweokulary.pl\/pl\/produkt\/jacques-marie-mage-earl-altan\/","title":{"rendered":"Jacques Marie Mage EARL | ALTAN"},"content":{"rendered":"<p><strong data-start=\"1098\" data-end=\"1111\">Dla kogo?<\/strong><br data-start=\"1111\" data-end=\"1114\" \/><strong data-start=\"1114\" data-end=\"1150\">Jacques Marie Mage Earl in Altan<\/strong> to oprawa dla estet\u00f3w i kolekcjoner\u00f3w, kt\u00f3rzy ceni\u0105 kunszt, indywidualizm i subteln\u0105 ekstrawagancj\u0119.<\/p>\n<p>Stylowy ho\u0142d dla lat 70., w kt\u00f3rym elegancja spotyka si\u0119 z charakterem \u2013 gotowy, by wznie\u015b\u0107 toast za odwag\u0119 i design z dusz\u0105.<\/p>\n","protected":false},"excerpt":{"rendered":"<h3 data-start=\"184\" data-end=\"228\">Jacques Marie Mage \u2013 <strong data-start=\"209\" data-end=\"226\">Earl in Altan<\/strong><\/h3>\n<p data-start=\"230\" data-end=\"572\"><strong data-start=\"230\" data-end=\"269\">Luksusowy navigator w duchu lat 70.<\/strong><br data-start=\"269\" data-end=\"272\" \/>Model <strong data-start=\"278\" data-end=\"295\">Earl in Altan<\/strong> to wyj\u0105tkowa reinterpretacja klasycznego kszta\u0142tu <em data-start=\"346\" data-end=\"355\">aviator<\/em>, wykonana w ca\u0142o\u015bci z tytanu i inspirowana stylistyk\u0105 lat 70. Limitowana edycja <strong data-start=\"436\" data-end=\"455\">500 egzemplarzy<\/strong> \u0142\u0105czy elegancj\u0119, techniczn\u0105 precyzj\u0119 i filmowy charakter, tworz\u0105c opraw\u0119 o niepowtarzalnej lekko\u015bci i sile wyrazu.<\/p>\n<p data-start=\"574\" data-end=\"595\"><strong data-start=\"574\" data-end=\"593\">Detale i design<\/strong><\/p>\n<ul data-start=\"596\" data-end=\"1096\">\n<li data-start=\"596\" data-end=\"693\">\n<p data-start=\"598\" data-end=\"693\">Konstrukcja: 100% tytan z unikalnymi, 4-milimetrowymi oprawkami soczewek (<em data-start=\"672\" data-end=\"690\">lens-rim inserts<\/em>)<\/p>\n<\/li>\n<li data-start=\"694\" data-end=\"800\">\n<p data-start=\"696\" data-end=\"800\">Wyko\u0144czenie: dwukolorowa linia brwi i zauszniki z charakterystycznymi zdobieniami w stylu <strong data-start=\"786\" data-end=\"798\">Art Deco<\/strong><\/p>\n<\/li>\n<li data-start=\"801\" data-end=\"898\">\n<p data-start=\"803\" data-end=\"898\">Styl: smuk\u0142a, inspirowana latami 70. forma <em data-start=\"846\" data-end=\"857\">navigator<\/em> \u2013 balans mi\u0119dzy retro a nowoczesno\u015bci\u0105<\/p>\n<\/li>\n<li data-start=\"899\" data-end=\"996\">\n<p data-start=\"901\" data-end=\"996\">Materia\u0142: ultralekki, wytrzyma\u0142y tytan klasy <em data-start=\"946\" data-end=\"961\">beta titanium<\/em>, gwarantuj\u0105cy komfort i trwa\u0142o\u015b\u0107<\/p>\n<\/li>\n<li data-start=\"997\" data-end=\"1096\">\n<p data-start=\"999\" data-end=\"1096\">Limitowana produkcja: <strong data-start=\"1021\" data-end=\"1034\">500 sztuk<\/strong>, ka\u017cda para wykonana r\u0119cznie z najwy\u017csz\u0105 dba\u0142o\u015bci\u0105 o detale<\/p>\n<\/li>\n<\/ul>\n","protected":false},"featured_media":662,"template":"","meta":{"_acf_changed":false},"product_brand":[82],"product_cat":[30],"product_tag":[117],"model":[376],"class_list":{"0":"post-665","1":"product","2":"type-product","3":"status-publish","4":"has-post-thumbnail","6":"product_brand-jacques-marie-mage","7":"product_cat-okulary-przeciwsloneczne","8":"product_tag-jmmer54","9":"model-earl","11":"first","12":"instock","13":"sale","14":"taxable","15":"shipping-taxable","16":"purchasable","17":"product-type-simple"},"acf":[],"aioseo_notices":[],"_links":{"self":[{"href":"https:\/\/markoweokulary.pl\/pl\/wp-json\/wp\/v2\/product\/665","targetHints":{"allow":["GET"]}}],"collection":[{"href":"https:\/\/markoweokulary.pl\/pl\/wp-json\/wp\/v2\/product"}],"about":[{"href":"https:\/\/markoweokulary.pl\/pl\/wp-json\/wp\/v2\/types\/product"}],"version-history":[{"count":3,"href":"https:\/\/markoweokulary.pl\/pl\/wp-json\/wp\/v2\/product\/665\/revisions"}],"predecessor-version":[{"id":4925,"href":"https:\/\/markoweokulary.pl\/pl\/wp-json\/wp\/v2\/product\/665\/revisions\/4925"}],"wp:featuredmedia":[{"embeddable":true,"href":"https:\/\/markoweokulary.pl\/pl\/wp-json\/wp\/v2\/media\/662"}],"wp:attachment":[{"href":"https:\/\/markoweokulary.pl\/pl\/wp-json\/wp\/v2\/media?parent=665"}],"wp:term":[{"taxonomy":"product_brand","embeddable":true,"href":"https:\/\/markoweokulary.pl\/pl\/wp-json\/wp\/v2\/product_brand?post=665"},{"taxonomy":"product_cat","embeddable":true,"href":"https:\/\/markoweokulary.pl\/pl\/wp-json\/wp\/v2\/product_cat?post=665"},{"taxonomy":"product_tag","embeddable":true,"href":"https:\/\/markoweokulary.pl\/pl\/wp-json\/wp\/v2\/product_tag?post=665"},{"taxonomy":"model","embeddable":true,"href":"https:\/\/markoweokulary.pl\/pl\/wp-json\/wp\/v2\/model?post=665"}],"curies":[{"name":"wp","href":"https:\/\/api.w.org\/{rel}","templated":true}]}}