{"id":656,"date":"2025-09-15T17:30:42","date_gmt":"2025-09-15T15:30:42","guid":{"rendered":"https:\/\/duke2.unixstorm.eu\/produkt\/jacques-marie-mage-silverton-viper\/"},"modified":"2026-03-05T18:50:12","modified_gmt":"2026-03-05T17:50:12","slug":"jacques-marie-mage-silverton-viper","status":"publish","type":"product","link":"https:\/\/markoweokulary.pl\/pl\/produkt\/jacques-marie-mage-silverton-viper\/","title":{"rendered":"Jacques Marie Mage SILVERTON | VIPER"},"content":{"rendered":"<p data-start=\"1139\" data-end=\"1417\"><strong data-start=\"1139\" data-end=\"1152\">Dla kogo?<\/strong><br data-start=\"1152\" data-end=\"1155\" \/><strong data-start=\"1155\" data-end=\"1196\">Jacques Marie Mage Silverton in Viper<\/strong> to model dla estet\u00f3w, kolekcjoner\u00f3w i wizjoner\u00f3w \u2013 os\u00f3b, kt\u00f3re dostrzegaj\u0105 pi\u0119kno w precyzji i proporcji.<\/p>\n<p data-start=\"1139\" data-end=\"1417\">Elegancki, architektoniczny i pe\u0142en charakteru \u2013 symbol nowoczesnego luksusu, w kt\u00f3rym ka\u017cdy detal ma znaczenie.<\/p>\n","protected":false},"excerpt":{"rendered":"<h3 data-start=\"164\" data-end=\"213\">Jacques Marie Mage \u2013 <strong data-start=\"189\" data-end=\"211\">Silverton in Viper<\/strong><\/h3>\n<p data-start=\"215\" data-end=\"624\"><strong data-start=\"215\" data-end=\"261\">Bezramkowa precyzja. Architektura luksusu.<\/strong><br data-start=\"261\" data-end=\"264\" \/>Model <strong data-start=\"270\" data-end=\"292\">Silverton in Viper<\/strong> to wyj\u0105tkowy projekt z kolekcji <strong data-start=\"325\" data-end=\"343\">Rimless Series<\/strong>, w kt\u00f3rym techniczna doskona\u0142o\u015b\u0107 spotyka si\u0119 z artystyczn\u0105 finezj\u0105. Limitowana edycja <strong data-start=\"430\" data-end=\"449\">500 egzemplarzy<\/strong> stanowi ho\u0142d dla nowoczesnego rzemios\u0142a \u2013 lekka, bezramkowa konstrukcja \u0142\u0105czy szlachetny tytan z rze\u017abiarskim acetatem, tworz\u0105c form\u0119 o wyj\u0105tkowej harmonii i wyrafinowaniu.<\/p>\n<p data-start=\"626\" data-end=\"647\"><strong data-start=\"626\" data-end=\"645\">Detale i design<\/strong><\/p>\n<ul data-start=\"648\" data-end=\"1137\">\n<li data-start=\"648\" data-end=\"736\">\n<p data-start=\"650\" data-end=\"736\">Konstrukcja: bezramkowa, z tytanowym mostkiem i lini\u0105 brwi po\u0142\u0105czon\u0105 w jeden element<\/p>\n<\/li>\n<li data-start=\"737\" data-end=\"831\">\n<p data-start=\"739\" data-end=\"831\">Wyko\u0144czenie: dwukolorowe akcenty z metali szlachetnych \u2013 subtelny kontrast i g\u0142\u0119bia detalu<\/p>\n<\/li>\n<li data-start=\"832\" data-end=\"932\">\n<p data-start=\"834\" data-end=\"932\">Zauszniki: z acetatu w odcieniu <strong data-start=\"866\" data-end=\"875\">Viper<\/strong>, o rze\u017abiarskiej formie z ozdobnym rdzeniem <em data-start=\"920\" data-end=\"930\">wirecore<\/em><\/p>\n<\/li>\n<li data-start=\"933\" data-end=\"1035\">\n<p data-start=\"935\" data-end=\"1035\">Styl: nowoczesny, lekki, precyzyjny \u2013 po\u0142\u0105czenie klasy i innowacji w duchu rzemie\u015blniczego kunsztu<\/p>\n<\/li>\n<\/ul>\n","protected":false},"featured_media":653,"template":"","meta":{"_acf_changed":false},"product_brand":[82],"product_cat":[30],"product_tag":[115],"model":[397],"class_list":{"0":"post-656","1":"product","2":"type-product","3":"status-publish","4":"has-post-thumbnail","6":"product_brand-jacques-marie-mage","7":"product_cat-okulary-przeciwsloneczne","8":"product_tag-jmmsvr1n","9":"model-silverton","11":"first","12":"instock","13":"sale","14":"taxable","15":"shipping-taxable","16":"purchasable","17":"product-type-simple"},"acf":[],"aioseo_notices":[],"_links":{"self":[{"href":"https:\/\/markoweokulary.pl\/pl\/wp-json\/wp\/v2\/product\/656","targetHints":{"allow":["GET"]}}],"collection":[{"href":"https:\/\/markoweokulary.pl\/pl\/wp-json\/wp\/v2\/product"}],"about":[{"href":"https:\/\/markoweokulary.pl\/pl\/wp-json\/wp\/v2\/types\/product"}],"version-history":[{"count":1,"href":"https:\/\/markoweokulary.pl\/pl\/wp-json\/wp\/v2\/product\/656\/revisions"}],"predecessor-version":[{"id":4549,"href":"https:\/\/markoweokulary.pl\/pl\/wp-json\/wp\/v2\/product\/656\/revisions\/4549"}],"wp:featuredmedia":[{"embeddable":true,"href":"https:\/\/markoweokulary.pl\/pl\/wp-json\/wp\/v2\/media\/653"}],"wp:attachment":[{"href":"https:\/\/markoweokulary.pl\/pl\/wp-json\/wp\/v2\/media?parent=656"}],"wp:term":[{"taxonomy":"product_brand","embeddable":true,"href":"https:\/\/markoweokulary.pl\/pl\/wp-json\/wp\/v2\/product_brand?post=656"},{"taxonomy":"product_cat","embeddable":true,"href":"https:\/\/markoweokulary.pl\/pl\/wp-json\/wp\/v2\/product_cat?post=656"},{"taxonomy":"product_tag","embeddable":true,"href":"https:\/\/markoweokulary.pl\/pl\/wp-json\/wp\/v2\/product_tag?post=656"},{"taxonomy":"model","embeddable":true,"href":"https:\/\/markoweokulary.pl\/pl\/wp-json\/wp\/v2\/model?post=656"}],"curies":[{"name":"wp","href":"https:\/\/api.w.org\/{rel}","templated":true}]}}