{"id":4856,"date":"2026-01-29T14:19:27","date_gmt":"2026-01-29T13:19:27","guid":{"rendered":"https:\/\/www.diukoptyk.pl\/?post_type=product&#038;p=4856"},"modified":"2026-03-05T18:50:23","modified_gmt":"2026-03-05T17:50:23","slug":"jacques-marie-mage-elmyr-noir-x","status":"publish","type":"product","link":"https:\/\/markoweokulary.pl\/pl\/produkt\/jacques-marie-mage-elmyr-noir-x\/","title":{"rendered":"Jacques Marie Mage ELMYR | NOIR X"},"content":{"rendered":"<h2 data-start=\"1930\" data-end=\"1973\"><strong data-start=\"1933\" data-end=\"1973\">Dla kogo s\u0105 okulary ELMYR in NOIR X?<\/strong><\/h2>\n<ul data-start=\"1975\" data-end=\"2364\">\n<li data-start=\"1975\" data-end=\"2066\">\n<p data-start=\"1977\" data-end=\"2066\">dla os\u00f3b wybieraj\u0105cych <strong data-start=\"2000\" data-end=\"2063\">luksusowe okulary przeciws\u0142oneczne o wyrazistym charakterze<\/strong>,<\/p>\n<\/li>\n<li data-start=\"2067\" data-end=\"2131\">\n<p data-start=\"2069\" data-end=\"2131\">dla mi\u0142o\u015bnik\u00f3w <strong data-start=\"2084\" data-end=\"2128\">czerni prze\u0142amanej szlachetnymi detalami<\/strong>,<\/p>\n<\/li>\n<li data-start=\"2132\" data-end=\"2210\">\n<p data-start=\"2134\" data-end=\"2210\">dla klient\u00f3w Diuka ceni\u0105cych <strong data-start=\"2163\" data-end=\"2207\">limitowane serie i perfekcyjne rzemios\u0142o<\/strong>,<\/p>\n<\/li>\n<li data-start=\"2211\" data-end=\"2279\">\n<p data-start=\"2213\" data-end=\"2279\">dla os\u00f3b, kt\u00f3re chc\u0105, by okulary by\u0142y <strong data-start=\"2251\" data-end=\"2276\">mocnym akcentem stylu<\/strong>,<\/p>\n<\/li>\n<li data-start=\"2280\" data-end=\"2364\">\n<p data-start=\"2282\" data-end=\"2364\">dla tych, kt\u00f3rzy szukaj\u0105 <strong data-start=\"2307\" data-end=\"2363\">klasycznej formy w nowoczesnym, zdecydowanym wydaniu<\/strong>.<\/p>\n<\/li>\n<\/ul>\n","protected":false},"excerpt":{"rendered":"<h2 data-start=\"210\" data-end=\"288\"><strong data-start=\"213\" data-end=\"288\">ELMYR in NOIR X \u2013 luksusowe okulary przeciws\u0142oneczne, edycja limitowana<\/strong><\/h2>\n<p data-start=\"290\" data-end=\"641\"><strong data-start=\"290\" data-end=\"309\">ELMYR in NOIR X<\/strong> to bardziej wyraziste, graficzne oblicze modelu inspirowanego estetyk\u0105 lat 70. Zachowuj\u0105c charakterystyczn\u0105, fazowan\u0105 form\u0119 i \u015brednie dopasowanie, ten wariant stawia na kontrast, g\u0142\u0119bi\u0119 koloru i zdecydowan\u0105 obecno\u015b\u0107. To propozycja dla os\u00f3b, kt\u00f3re klasyczn\u0105 sylwetk\u0119 okular\u00f3w chc\u0105 nosi\u0107 w mocniejszym, bardziej wsp\u00f3\u0142czesnym wydaniu.<\/p>\n<p data-start=\"643\" data-end=\"981\">Wersja <strong data-start=\"650\" data-end=\"660\">NOIR X<\/strong> zosta\u0142a wykonana z masywnego <strong data-start=\"690\" data-end=\"772\">10-milimetrowego, utwardzanego acetatu celulozowego w kolorze g\u0142\u0119bokiej czerni<\/strong>, z charakterystycznymi, podw\u00f3jnie laminowanymi zausznikami. Czer\u0144 oprawy zosta\u0142a prze\u0142amana detalami w odcieniu ciemnego z\u0142ota, tworz\u0105c wyrazist\u0105, ale nadal eleganck\u0105 kompozycj\u0119 o kolekcjonerskim charakterze.<\/p>\n<p data-start=\"983\" data-end=\"1387\">Opraw\u0119 zdobi\u0105 <strong data-start=\"997\" data-end=\"1045\">sygnaturowe piny frontowe w kszta\u0142cie grot\u00f3w<\/strong>, wyko\u0144czone w kolorze ciemnego z\u0142ota, a tak\u017ce <strong data-start=\"1092\" data-end=\"1123\">ukryte \u201eClassic\u201d wirecore\u2019y<\/strong> w tym samym odcieniu, widoczne subtelnie pod powierzchni\u0105 acetatu. Ca\u0142o\u015b\u0107 uzupe\u0142niaj\u0105 <strong data-start=\"1210\" data-end=\"1270\">autorskie, siedmiobary\u0142kowe zawiasy ze stali nierdzewnej<\/strong>, ozdobione grawerowanymi detalami inspirowanymi stylistyk\u0105 Art Deco, zapewniaj\u0105ce trwa\u0142o\u015b\u0107 i p\u0142ynn\u0105 prac\u0119 mechaniki.<\/p>\n<p data-start=\"1389\" data-end=\"1714\">Zastosowane <strong data-start=\"1401\" data-end=\"1446\">pomara\u0144czowe soczewki Armorlite o bazie 4<\/strong>, wyposa\u017cone w pow\u0142ok\u0119 antyrefleksyjn\u0105 od strony wewn\u0119trznej, oferuj\u0105 wysoki komfort widzenia, redukcj\u0119 odblask\u00f3w oraz kontrastowy, ciep\u0142y obraz w intensywnym \u015bwietle. To rozwi\u0105zanie, kt\u00f3re \u0142\u0105czy funkcjonalno\u015b\u0107 okular\u00f3w przeciws\u0142onecznych premium z wyrazist\u0105 estetyk\u0105.<\/p>\n<p data-start=\"1716\" data-end=\"1923\"><strong data-start=\"1716\" data-end=\"1735\">ELMYR in NOIR X<\/strong> powsta\u0142 w <strong data-start=\"1746\" data-end=\"1784\">limitowanej edycji 350 egzemplarzy<\/strong>, r\u0119cznie wykonanych z dba\u0142o\u015bci\u0105 o ka\u017cdy detal. To model dla tych, kt\u00f3rzy szukaj\u0105 klasycznej formy w bardziej zdecydowanym, mocnym wydaniu.<\/p>\n","protected":false},"featured_media":4857,"template":"","meta":{"_acf_changed":false},"product_brand":[82],"product_cat":[30],"product_tag":[],"model":[415],"class_list":{"0":"post-4856","1":"product","2":"type-product","3":"status-publish","4":"has-post-thumbnail","6":"product_brand-jacques-marie-mage","7":"product_cat-okulary-przeciwsloneczne","8":"model-elmyr","10":"first","11":"instock","12":"sale","13":"taxable","14":"shipping-taxable","15":"purchasable","16":"product-type-simple"},"acf":[],"aioseo_notices":[],"_links":{"self":[{"href":"https:\/\/markoweokulary.pl\/pl\/wp-json\/wp\/v2\/product\/4856","targetHints":{"allow":["GET"]}}],"collection":[{"href":"https:\/\/markoweokulary.pl\/pl\/wp-json\/wp\/v2\/product"}],"about":[{"href":"https:\/\/markoweokulary.pl\/pl\/wp-json\/wp\/v2\/types\/product"}],"version-history":[{"count":2,"href":"https:\/\/markoweokulary.pl\/pl\/wp-json\/wp\/v2\/product\/4856\/revisions"}],"predecessor-version":[{"id":7010,"href":"https:\/\/markoweokulary.pl\/pl\/wp-json\/wp\/v2\/product\/4856\/revisions\/7010"}],"wp:featuredmedia":[{"embeddable":true,"href":"https:\/\/markoweokulary.pl\/pl\/wp-json\/wp\/v2\/media\/4857"}],"wp:attachment":[{"href":"https:\/\/markoweokulary.pl\/pl\/wp-json\/wp\/v2\/media?parent=4856"}],"wp:term":[{"taxonomy":"product_brand","embeddable":true,"href":"https:\/\/markoweokulary.pl\/pl\/wp-json\/wp\/v2\/product_brand?post=4856"},{"taxonomy":"product_cat","embeddable":true,"href":"https:\/\/markoweokulary.pl\/pl\/wp-json\/wp\/v2\/product_cat?post=4856"},{"taxonomy":"product_tag","embeddable":true,"href":"https:\/\/markoweokulary.pl\/pl\/wp-json\/wp\/v2\/product_tag?post=4856"},{"taxonomy":"model","embeddable":true,"href":"https:\/\/markoweokulary.pl\/pl\/wp-json\/wp\/v2\/model?post=4856"}],"curies":[{"name":"wp","href":"https:\/\/api.w.org\/{rel}","templated":true}]}}