{"id":4234,"date":"2025-11-19T17:59:06","date_gmt":"2025-11-19T16:59:06","guid":{"rendered":"https:\/\/www.diukoptyk.pl\/?post_type=product&#038;p=4234"},"modified":"2026-03-05T18:50:23","modified_gmt":"2026-03-05T17:50:23","slug":"jacques-marie-mage-alfred-brut","status":"publish","type":"product","link":"https:\/\/markoweokulary.pl\/pl\/produkt\/jacques-marie-mage-alfred-brut\/","title":{"rendered":"Jacques Marie Mage ALFRED | BRUT"},"content":{"rendered":"<p><strong data-start=\"1749\" data-end=\"1786\">Jacques Marie Mage Alfred in Brut<\/strong> \u2013 mocna, rze\u017abiarska forma dla os\u00f3b, kt\u00f3re chc\u0105 nosi\u0107 opraw\u0119 tak wyj\u0105tkow\u0105, jak ich osobowo\u015b\u0107. Idealny wyb\u00f3r dla kolekcjoner\u00f3w i estet\u00f3w ceni\u0105cych <strong data-start=\"1934\" data-end=\"1975\">obj\u0119to\u015b\u0107, precyzj\u0119 i niepowtarzalno\u015b\u0107<\/strong>.<\/p>\n","protected":false},"excerpt":{"rendered":"<h3 data-start=\"0\" data-end=\"45\"><strong data-start=\"4\" data-end=\"43\">Jacques Marie Mage \u2013 Alfred in Brut<\/strong><\/h3>\n<p data-start=\"46\" data-end=\"89\"><strong data-start=\"46\" data-end=\"89\">Limitowana edycja: 200 sztuk na \u015bwiecie<\/strong><\/p>\n<p data-start=\"91\" data-end=\"466\">Model <strong data-start=\"97\" data-end=\"115\">Alfred in Brut<\/strong> to spektakularna, rze\u017abiarska oprawa, kt\u00f3ra \u0142\u0105czy monumentaln\u0105 form\u0119 z kunsztem precyzyjnego detalu. Stworzony z najwy\u017cszej jako\u015bci, ro\u015blinnego acetatu model jest wyrazistym manifestem \u2013 symbolem odwagi, elegancji i niepowtarzalnego charakteru. To oprawa dla os\u00f3b, kt\u00f3re nie szukaj\u0105 kompromis\u00f3w: pragn\u0105 stylu, kt\u00f3ry ma znaczenie, g\u0142\u0119bi\u0119 i intencj\u0119.<\/p>\n<p data-start=\"468\" data-end=\"786\"><strong data-start=\"468\" data-end=\"478\">Alfred<\/strong> zachwyca swoj\u0105 <strong data-start=\"494\" data-end=\"537\">smuk\u0142\u0105, a jednocze\u015bnie pot\u0119\u017cn\u0105 sylwetk\u0105<\/strong>, rze\u017abionymi zako\u0144czeniami oraz ods\u0142oni\u0119tym drutem o dynamicznym, <strong data-start=\"604\" data-end=\"616\">art d\u00e9co<\/strong> liniowaniu. Detale w kolorze <strong data-start=\"646\" data-end=\"663\">jasnego z\u0142ota<\/strong>, w tym <strong data-start=\"671\" data-end=\"698\">ods\u0142oni\u0119ty drut LeBaron<\/strong> oraz <strong data-start=\"704\" data-end=\"738\">tension-secured 7-barrel hinge<\/strong>, podkre\u015blaj\u0105 luksusowy charakter tego modelu.<\/p>\n<p data-start=\"788\" data-end=\"1096\">Ca\u0142o\u015b\u0107 dope\u0142niaj\u0105 <strong data-start=\"806\" data-end=\"852\">zielone soczewki CR-39 w gradiencie Spruce<\/strong>, osadzone w krystalicznej, 8-milimetrowej ramie, wraz z <strong data-start=\"909\" data-end=\"947\">podw\u00f3jnie laminowanymi zausznikami<\/strong> i metalowymi akcentami premium. Soczewki posiadaj\u0105 oczywi\u015bcie <strong data-start=\"1010\" data-end=\"1048\">wewn\u0119trzn\u0105 pow\u0142ok\u0119 antyrefleksyjn\u0105<\/strong>, gwarantuj\u0105c perfekcyjn\u0105 klarowno\u015b\u0107 widzenia.<\/p>\n<hr data-start=\"1098\" data-end=\"1101\" \/>\n<p data-start=\"1103\" data-end=\"1130\"><strong data-start=\"1103\" data-end=\"1128\">Szczeg\u00f3\u0142y techniczne:<\/strong><\/p>\n<ul data-start=\"1131\" data-end=\"1740\">\n<li data-start=\"1131\" data-end=\"1185\">\n<p data-start=\"1133\" data-end=\"1185\">Materia\u0142: 8 mm utwardzany, ro\u015blinny acetat premium<\/p>\n<\/li>\n<li data-start=\"1186\" data-end=\"1238\">\n<p data-start=\"1188\" data-end=\"1238\">Kolor: <strong data-start=\"1195\" data-end=\"1236\">Brut (krystaliczny z subteln\u0105 g\u0142\u0119bi\u0105)<\/strong><\/p>\n<\/li>\n<li data-start=\"1239\" data-end=\"1493\">\n<p data-start=\"1241\" data-end=\"1250\">Detale:<\/p>\n<ul data-start=\"1253\" data-end=\"1493\">\n<li data-start=\"1253\" data-end=\"1308\">\n<p data-start=\"1255\" data-end=\"1308\">Ods\u0142oni\u0119ty drut <strong data-start=\"1271\" data-end=\"1282\">LeBaron<\/strong> w kolorze jasnego z\u0142ota<\/p>\n<\/li>\n<li data-start=\"1311\" data-end=\"1384\">\n<p data-start=\"1313\" data-end=\"1384\">Custom 7-barrel hinge z delikatn\u0105 faktur\u0105 (hairline), tension-secured<\/p>\n<\/li>\n<li data-start=\"1387\" data-end=\"1434\">\n<p data-start=\"1389\" data-end=\"1434\">Precjozalne metalowe elementy w zausznikach<\/p>\n<\/li>\n<li data-start=\"1437\" data-end=\"1493\">\n<p data-start=\"1439\" data-end=\"1493\">Rze\u017abione, monumentalne endpiece o unikatowej formie<\/p>\n<\/li>\n<\/ul>\n<\/li>\n<li data-start=\"1494\" data-end=\"1580\">\n<p data-start=\"1496\" data-end=\"1580\">Soczewki: <strong data-start=\"1506\" data-end=\"1531\">Spruce Gradient CR-39<\/strong>, 6-base, z pow\u0142ok\u0105 antyrefleksyjn\u0105 od wewn\u0105trz<\/p>\n<\/li>\n<li data-start=\"1581\" data-end=\"1654\">\n<p data-start=\"1583\" data-end=\"1654\">Zauszniki: Podw\u00f3jnie laminowane, z wyrafinowanymi detalami metalowymi<\/p>\n<\/li>\n<li data-start=\"1655\" data-end=\"1679\">\n<p data-start=\"1657\" data-end=\"1679\">Limitacja: 200 sztuk<\/p>\n<\/li>\n<li data-start=\"1680\" data-end=\"1740\">\n<p data-start=\"1682\" data-end=\"1740\">W zestawie: Etui, \u015bciereczka i certyfikat autentyczno\u015bci<\/p>\n<\/li>\n<\/ul>\n","protected":false},"featured_media":4235,"template":"","meta":{"_acf_changed":false},"product_brand":[82],"product_cat":[30],"product_tag":[411],"model":[],"class_list":{"0":"post-4234","1":"product","2":"type-product","3":"status-publish","4":"has-post-thumbnail","6":"product_brand-jacques-marie-mage","7":"product_cat-okulary-przeciwsloneczne","8":"product_tag-alfred","10":"first","11":"outofstock","12":"sale","13":"taxable","14":"shipping-taxable","15":"purchasable","16":"product-type-simple"},"acf":[],"aioseo_notices":[],"_links":{"self":[{"href":"https:\/\/markoweokulary.pl\/pl\/wp-json\/wp\/v2\/product\/4234","targetHints":{"allow":["GET"]}}],"collection":[{"href":"https:\/\/markoweokulary.pl\/pl\/wp-json\/wp\/v2\/product"}],"about":[{"href":"https:\/\/markoweokulary.pl\/pl\/wp-json\/wp\/v2\/types\/product"}],"version-history":[{"count":2,"href":"https:\/\/markoweokulary.pl\/pl\/wp-json\/wp\/v2\/product\/4234\/revisions"}],"predecessor-version":[{"id":4291,"href":"https:\/\/markoweokulary.pl\/pl\/wp-json\/wp\/v2\/product\/4234\/revisions\/4291"}],"wp:featuredmedia":[{"embeddable":true,"href":"https:\/\/markoweokulary.pl\/pl\/wp-json\/wp\/v2\/media\/4235"}],"wp:attachment":[{"href":"https:\/\/markoweokulary.pl\/pl\/wp-json\/wp\/v2\/media?parent=4234"}],"wp:term":[{"taxonomy":"product_brand","embeddable":true,"href":"https:\/\/markoweokulary.pl\/pl\/wp-json\/wp\/v2\/product_brand?post=4234"},{"taxonomy":"product_cat","embeddable":true,"href":"https:\/\/markoweokulary.pl\/pl\/wp-json\/wp\/v2\/product_cat?post=4234"},{"taxonomy":"product_tag","embeddable":true,"href":"https:\/\/markoweokulary.pl\/pl\/wp-json\/wp\/v2\/product_tag?post=4234"},{"taxonomy":"model","embeddable":true,"href":"https:\/\/markoweokulary.pl\/pl\/wp-json\/wp\/v2\/model?post=4234"}],"curies":[{"name":"wp","href":"https:\/\/api.w.org\/{rel}","templated":true}]}}