{"id":4030,"date":"2025-11-05T16:35:32","date_gmt":"2025-11-05T15:35:32","guid":{"rendered":"https:\/\/www.diukoptyk.pl\/?post_type=product&#038;p=4030"},"modified":"2026-03-05T18:50:23","modified_gmt":"2026-03-05T17:50:23","slug":"jacques-marie-mage-ayrton-senna-by-jmm-1992-antique-silver","status":"publish","type":"product","link":"https:\/\/markoweokulary.pl\/pl\/produkt\/jacques-marie-mage-ayrton-senna-by-jmm-1992-antique-silver\/","title":{"rendered":"Jacques Marie Mage AYRTON SENNA BY JMM: 1992| ANTIQUE SILVER"},"content":{"rendered":"<article class=\"text-token-text-primary w-full focus:outline-none [--shadow-height:45px] has-data-writing-block:pointer-events-none has-data-writing-block:-mt-(--shadow-height) has-data-writing-block:pt-(--shadow-height) [&amp;:has([data-writing-block])&gt;*]:pointer-events-auto [content-visibility:auto] supports-[content-visibility:auto]:[contain-intrinsic-size:auto_100lvh] scroll-mt-[calc(var(--header-height)+min(200px,max(70px,20svh)))]\" dir=\"auto\" data-turn-id=\"request-WEB:6263c756-1d19-4435-92cf-4480ab715bd4-1\" data-testid=\"conversation-turn-4\" data-scroll-anchor=\"true\" data-turn=\"assistant\">\n<div class=\"text-base my-auto mx-auto pb-10 [--thread-content-margin:--spacing(4)] thread-sm:[--thread-content-margin:--spacing(6)] thread-lg:[--thread-content-margin:--spacing(16)] px-(--thread-content-margin)\">\n<div class=\"[--thread-content-max-width:40rem] thread-lg:[--thread-content-max-width:48rem] mx-auto max-w-(--thread-content-max-width) flex-1 group\/turn-messages focus-visible:outline-hidden relative flex w-full min-w-0 flex-col agent-turn\">\n<div class=\"flex max-w-full flex-col grow\">\n<div class=\"min-h-8 text-message relative flex w-full flex-col items-end gap-2 text-start break-words whitespace-normal [.text-message+&amp;]:mt-1\" dir=\"auto\" data-message-author-role=\"assistant\" data-message-id=\"c63c9ffe-0265-4de8-9aab-081c2be724aa\" data-message-model-slug=\"gpt-5\">\n<div class=\"flex w-full flex-col gap-1 empty:hidden first:pt-[1px]\">\n<div class=\"markdown prose dark:prose-invert w-full break-words light markdown-new-styling\">\n<p data-start=\"1670\" data-end=\"1829\" data-is-last-node=\"\" data-is-only-node=\"\"><strong data-start=\"1672\" data-end=\"1727\">Jacques Marie Mage Ayrton Senna 1992 Antique Silver<\/strong> \u2013 oprawa, kt\u00f3ra \u0142\u0105czy <strong data-start=\"1750\" data-end=\"1828\">ducha sportowej legendy z ponadczasow\u0105 elegancj\u0105 i perfekcyjnym rzemios\u0142em<\/strong>.<\/p>\n<\/div>\n<\/div>\n<\/div>\n<\/div>\n<\/div>\n<\/div>\n<\/article>\n","protected":false},"excerpt":{"rendered":"<h3 data-start=\"0\" data-end=\"63\"><strong data-start=\"4\" data-end=\"61\">Jacques Marie Mage Ayrton Senna \u2013 1992 Antique Silver<\/strong><\/h3>\n<p data-start=\"64\" data-end=\"107\"><strong data-start=\"64\" data-end=\"107\">Limitowana edycja: 500 sztuk na \u015bwiecie<\/strong><\/p>\n<p data-start=\"109\" data-end=\"393\">Model <strong data-start=\"115\" data-end=\"153\">Ayrton Senna by Jacques Marie Mage<\/strong> w kolorze <strong data-start=\"164\" data-end=\"182\">Antique Silver<\/strong> to po\u0142\u0105czenie elegancji, precyzji i si\u0142y ducha legendarnego mistrza Formu\u0142y 1. Inspirowany latami 90. oraz stylem samego Senny, projekt odzwierciedla jego niepowtarzaln\u0105 charyzm\u0119, inteligencj\u0119 i determinacj\u0119.<\/p>\n<p data-start=\"395\" data-end=\"725\">R\u0119cznie wykonane w Japonii z <strong data-start=\"424\" data-end=\"444\">100% tytanu beta<\/strong>, okulary te zachwycaj\u0105 mistrzowsk\u0105 konstrukcj\u0105 i wyrafinowanymi detalami. Charakteryzuje je <strong data-start=\"537\" data-end=\"569\">rze\u017abiony mostek z top barem<\/strong>, <strong data-start=\"571\" data-end=\"619\">wstawki z matowego acetatu w odcieniu Havana<\/strong>, a tak\u017ce <strong data-start=\"629\" data-end=\"664\">delikatne szlify na zausznikach<\/strong>, kt\u00f3re nadaj\u0105 ca\u0142o\u015bci eleganckiego, sportowego charakteru.<\/p>\n<p data-start=\"727\" data-end=\"1066\">Model wyko\u0144czony zosta\u0142 <strong data-start=\"751\" data-end=\"778\">monoblokowymi zawiasami<\/strong> w kolorze gunmetal oraz <strong data-start=\"803\" data-end=\"847\">r\u0119cznie malowanymi ko\u0144c\u00f3wkami zausznik\u00f3w<\/strong> w \u017c\u00f3\u0142tym epoksydzie z <strong data-start=\"870\" data-end=\"907\">czarnym, polerowanym pier\u015bcieniem<\/strong>. <strong data-start=\"909\" data-end=\"927\">Z\u0142ociste noski<\/strong> i <strong data-start=\"930\" data-end=\"972\">zielone mineralne soczewki Taiga Green<\/strong> z pow\u0142ok\u0105 antyrefleksyjn\u0105 od wewn\u0119trznej strony podkre\u015blaj\u0105 luksusowy charakter tej edycji.<\/p>\n<p data-start=\"1068\" data-end=\"1182\">Ka\u017cda para okular\u00f3w dostarczana jest w zestawie z <strong data-start=\"1118\" data-end=\"1160\">personalizowanym sk\u00f3rzanym paskiem JMM<\/strong> i oryginalnym etui.<\/p>\n<hr data-start=\"1184\" data-end=\"1187\" \/>\n<p data-start=\"1189\" data-end=\"1216\"><strong data-start=\"1189\" data-end=\"1214\">Szczeg\u00f3\u0142y techniczne:<\/strong><\/p>\n<ul data-start=\"1217\" data-end=\"1663\">\n<li data-start=\"1217\" data-end=\"1274\">\n<p data-start=\"1219\" data-end=\"1274\">Materia\u0142: 100% beta tytan, r\u0119cznie wykonany w Japonii<\/p>\n<\/li>\n<li data-start=\"1275\" data-end=\"1348\">\n<p data-start=\"1277\" data-end=\"1348\">Kolor: Antique Silver \/ Penta Grey z wstawkami z acetatu Matte Havana<\/p>\n<\/li>\n<li data-start=\"1349\" data-end=\"1410\">\n<p data-start=\"1351\" data-end=\"1410\">Soczewki: Mineralne Taiga Green z pow\u0142ok\u0105 antyrefleksyjn\u0105<\/p>\n<\/li>\n<li data-start=\"1411\" data-end=\"1507\">\n<p data-start=\"1413\" data-end=\"1507\">Zauszniki: R\u0119cznie malowane ko\u0144c\u00f3wki w \u017c\u00f3\u0142tym epoksydzie z czarnym, polerowanym pier\u015bcieniem<\/p>\n<\/li>\n<li data-start=\"1508\" data-end=\"1577\">\n<p data-start=\"1510\" data-end=\"1577\">Mostek: Rze\u017abiony, z charakterystycznym top barem w stylu lat 90.<\/p>\n<\/li>\n<li data-start=\"1578\" data-end=\"1602\">\n<p data-start=\"1580\" data-end=\"1602\">Limitacja: 500 sztuk<\/p>\n<\/li>\n<li data-start=\"1603\" data-end=\"1663\">\n<p data-start=\"1605\" data-end=\"1663\">W zestawie: Etui, \u015bciereczka i sk\u00f3rzany pasek na okulary<\/p>\n<\/li>\n<\/ul>\n","protected":false},"featured_media":4041,"template":"","meta":{"_acf_changed":false},"product_brand":[82],"product_cat":[30],"product_tag":[],"model":[363],"class_list":{"0":"post-4030","1":"product","2":"type-product","3":"status-publish","4":"has-post-thumbnail","6":"product_brand-jacques-marie-mage","7":"product_cat-okulary-przeciwsloneczne","8":"model-363","10":"first","11":"outofstock","12":"sale","13":"taxable","14":"shipping-taxable","15":"purchasable","16":"product-type-simple"},"acf":[],"aioseo_notices":[],"_links":{"self":[{"href":"https:\/\/markoweokulary.pl\/pl\/wp-json\/wp\/v2\/product\/4030","targetHints":{"allow":["GET"]}}],"collection":[{"href":"https:\/\/markoweokulary.pl\/pl\/wp-json\/wp\/v2\/product"}],"about":[{"href":"https:\/\/markoweokulary.pl\/pl\/wp-json\/wp\/v2\/types\/product"}],"version-history":[{"count":4,"href":"https:\/\/markoweokulary.pl\/pl\/wp-json\/wp\/v2\/product\/4030\/revisions"}],"predecessor-version":[{"id":4625,"href":"https:\/\/markoweokulary.pl\/pl\/wp-json\/wp\/v2\/product\/4030\/revisions\/4625"}],"wp:featuredmedia":[{"embeddable":true,"href":"https:\/\/markoweokulary.pl\/pl\/wp-json\/wp\/v2\/media\/4041"}],"wp:attachment":[{"href":"https:\/\/markoweokulary.pl\/pl\/wp-json\/wp\/v2\/media?parent=4030"}],"wp:term":[{"taxonomy":"product_brand","embeddable":true,"href":"https:\/\/markoweokulary.pl\/pl\/wp-json\/wp\/v2\/product_brand?post=4030"},{"taxonomy":"product_cat","embeddable":true,"href":"https:\/\/markoweokulary.pl\/pl\/wp-json\/wp\/v2\/product_cat?post=4030"},{"taxonomy":"product_tag","embeddable":true,"href":"https:\/\/markoweokulary.pl\/pl\/wp-json\/wp\/v2\/product_tag?post=4030"},{"taxonomy":"model","embeddable":true,"href":"https:\/\/markoweokulary.pl\/pl\/wp-json\/wp\/v2\/model?post=4030"}],"curies":[{"name":"wp","href":"https:\/\/api.w.org\/{rel}","templated":true}]}}