{"id":3975,"date":"2025-10-29T21:08:49","date_gmt":"2025-10-29T20:08:49","guid":{"rendered":"https:\/\/www.diukoptyk.pl\/?post_type=product&#038;p=3975"},"modified":"2026-03-16T09:16:19","modified_gmt":"2026-03-16T08:16:19","slug":"silhouette-5541-3535","status":"publish","type":"product","link":"https:\/\/markoweokulary.pl\/pl\/produkt\/silhouette-5541-3535\/","title":{"rendered":"Silhouette 5541 3535"},"content":{"rendered":"<p><strong data-start=\"497\" data-end=\"510\">Dla kogo:<\/strong><br data-start=\"510\" data-end=\"513\" \/>Dla kobiet, kt\u00f3re ceni\u0105 <strong data-start=\"537\" data-end=\"593\" data-is-only-node=\"\">elegancj\u0119, subtelno\u015b\u0107 i luksus w najczystszej formie<\/strong>. Model 5541 3535 to idealny wyb\u00f3r dla os\u00f3b, kt\u00f3re chc\u0105 podkre\u015bli\u0107 swoj\u0105 kobieco\u015b\u0107 w spos\u00f3b nienachalny \u2013 idealny do codziennych stylizacji, jak i bardziej formalnych okazji.<\/p>\n","protected":false},"excerpt":{"rendered":"<p>Model <strong data-start=\"71\" data-end=\"95\" data-is-only-node=\"\">Silhouette 5541 3535<\/strong> to ikona minimalizmu i kobiecego wdzi\u0119ku. Bezramkowa konstrukcja z delikatnym r\u00f3\u017cowo\u2013z\u0142otym wyko\u0144czeniem tworzy efekt subtelnej lekko\u015bci, kt\u00f3ry pi\u0119knie komponuje si\u0119 z ka\u017cdym typem urody. Wykonane z ultralekkiego <strong data-start=\"309\" data-end=\"319\">tytanu<\/strong>, okulary zachwycaj\u0105 elastyczno\u015bci\u0105, trwa\u0142o\u015bci\u0105 i niemal niewyczuwalnym komfortem noszenia. Soczewki o lekko kocim kszta\u0142cie dodaj\u0105 ca\u0142o\u015bci delikatnego, kobiecego charakteru.<\/p>\n","protected":false},"featured_media":3978,"template":"","meta":{"_acf_changed":false},"product_brand":[351],"product_cat":[51,747],"product_tag":[],"model":[],"class_list":{"0":"post-3975","1":"product","2":"type-product","3":"status-publish","4":"has-post-thumbnail","6":"product_brand-silhouette","7":"product_cat-okulary-korekcyjne","8":"product_cat-outlet","10":"first","11":"instock","12":"sale","13":"taxable","14":"shipping-taxable","15":"purchasable","16":"product-type-simple"},"acf":[],"aioseo_notices":[],"_links":{"self":[{"href":"https:\/\/markoweokulary.pl\/pl\/wp-json\/wp\/v2\/product\/3975","targetHints":{"allow":["GET"]}}],"collection":[{"href":"https:\/\/markoweokulary.pl\/pl\/wp-json\/wp\/v2\/product"}],"about":[{"href":"https:\/\/markoweokulary.pl\/pl\/wp-json\/wp\/v2\/types\/product"}],"version-history":[{"count":1,"href":"https:\/\/markoweokulary.pl\/pl\/wp-json\/wp\/v2\/product\/3975\/revisions"}],"predecessor-version":[{"id":3979,"href":"https:\/\/markoweokulary.pl\/pl\/wp-json\/wp\/v2\/product\/3975\/revisions\/3979"}],"wp:featuredmedia":[{"embeddable":true,"href":"https:\/\/markoweokulary.pl\/pl\/wp-json\/wp\/v2\/media\/3978"}],"wp:attachment":[{"href":"https:\/\/markoweokulary.pl\/pl\/wp-json\/wp\/v2\/media?parent=3975"}],"wp:term":[{"taxonomy":"product_brand","embeddable":true,"href":"https:\/\/markoweokulary.pl\/pl\/wp-json\/wp\/v2\/product_brand?post=3975"},{"taxonomy":"product_cat","embeddable":true,"href":"https:\/\/markoweokulary.pl\/pl\/wp-json\/wp\/v2\/product_cat?post=3975"},{"taxonomy":"product_tag","embeddable":true,"href":"https:\/\/markoweokulary.pl\/pl\/wp-json\/wp\/v2\/product_tag?post=3975"},{"taxonomy":"model","embeddable":true,"href":"https:\/\/markoweokulary.pl\/pl\/wp-json\/wp\/v2\/model?post=3975"}],"curies":[{"name":"wp","href":"https:\/\/api.w.org\/{rel}","templated":true}]}}