{"id":3970,"date":"2025-10-29T21:02:25","date_gmt":"2025-10-29T20:02:25","guid":{"rendered":"https:\/\/www.diukoptyk.pl\/?post_type=product&#038;p=3970"},"modified":"2026-03-16T09:16:19","modified_gmt":"2026-03-16T08:16:19","slug":"silhouette-spx-2947-9060","status":"publish","type":"product","link":"https:\/\/markoweokulary.pl\/pl\/produkt\/silhouette-spx-2947-9060\/","title":{"rendered":"Silhouette SPX 2947 9060"},"content":{"rendered":"<p><strong data-start=\"439\" data-end=\"452\">Dla kogo:<\/strong><br data-start=\"452\" data-end=\"455\" \/>Dla m\u0119\u017cczyzn, kt\u00f3rzy ceni\u0105 <strong data-start=\"482\" data-end=\"515\" data-is-only-node=\"\">minimalizm, wygod\u0119 i trwa\u0142o\u015b\u0107<\/strong>. Model SPX 2947 9060 sprawdzi si\u0119 zar\u00f3wno w biurze, jak i w codziennym u\u017cytkowaniu, podkre\u015blaj\u0105c pewno\u015b\u0107 siebie i elegancj\u0119 wsp\u00f3\u0142czesnego gentlemana.<\/p>\n","protected":false},"excerpt":{"rendered":"<p>Model <strong data-start=\"60\" data-end=\"88\" data-is-only-node=\"\">Silhouette SPX 2947 9060<\/strong> to po\u0142\u0105czenie nowoczesnego designu i funkcjonalnej elegancji. Prostok\u0105tna oprawa w odcieniu <strong data-start=\"181\" data-end=\"195\">Black Onyx<\/strong> zosta\u0142a wykonana z ultralekkiego i wytrzyma\u0142ego materia\u0142u <strong data-start=\"254\" data-end=\"263\">SPX\u00ae+<\/strong>, kt\u00f3ry zapewnia maksymalny komfort noszenia przez ca\u0142y dzie\u0144. Smuk\u0142a konstrukcja i matowe wyko\u0144czenie nadaj\u0105 okularom profesjonalny, a jednocze\u015bnie ponadczasowy charakter.<\/p>\n","protected":false},"featured_media":3973,"template":"","meta":{"_acf_changed":false},"product_brand":[351],"product_cat":[51,747],"product_tag":[],"model":[],"class_list":{"0":"post-3970","1":"product","2":"type-product","3":"status-publish","4":"has-post-thumbnail","6":"product_brand-silhouette","7":"product_cat-okulary-korekcyjne","8":"product_cat-outlet","10":"first","11":"outofstock","12":"sale","13":"taxable","14":"shipping-taxable","15":"purchasable","16":"product-type-simple"},"acf":[],"aioseo_notices":[],"_links":{"self":[{"href":"https:\/\/markoweokulary.pl\/pl\/wp-json\/wp\/v2\/product\/3970","targetHints":{"allow":["GET"]}}],"collection":[{"href":"https:\/\/markoweokulary.pl\/pl\/wp-json\/wp\/v2\/product"}],"about":[{"href":"https:\/\/markoweokulary.pl\/pl\/wp-json\/wp\/v2\/types\/product"}],"version-history":[{"count":1,"href":"https:\/\/markoweokulary.pl\/pl\/wp-json\/wp\/v2\/product\/3970\/revisions"}],"predecessor-version":[{"id":3974,"href":"https:\/\/markoweokulary.pl\/pl\/wp-json\/wp\/v2\/product\/3970\/revisions\/3974"}],"wp:featuredmedia":[{"embeddable":true,"href":"https:\/\/markoweokulary.pl\/pl\/wp-json\/wp\/v2\/media\/3973"}],"wp:attachment":[{"href":"https:\/\/markoweokulary.pl\/pl\/wp-json\/wp\/v2\/media?parent=3970"}],"wp:term":[{"taxonomy":"product_brand","embeddable":true,"href":"https:\/\/markoweokulary.pl\/pl\/wp-json\/wp\/v2\/product_brand?post=3970"},{"taxonomy":"product_cat","embeddable":true,"href":"https:\/\/markoweokulary.pl\/pl\/wp-json\/wp\/v2\/product_cat?post=3970"},{"taxonomy":"product_tag","embeddable":true,"href":"https:\/\/markoweokulary.pl\/pl\/wp-json\/wp\/v2\/product_tag?post=3970"},{"taxonomy":"model","embeddable":true,"href":"https:\/\/markoweokulary.pl\/pl\/wp-json\/wp\/v2\/model?post=3970"}],"curies":[{"name":"wp","href":"https:\/\/api.w.org\/{rel}","templated":true}]}}