{"id":3954,"date":"2025-10-29T20:39:40","date_gmt":"2025-10-29T19:39:40","guid":{"rendered":"https:\/\/www.diukoptyk.pl\/?post_type=product&#038;p=3954"},"modified":"2026-03-16T09:16:19","modified_gmt":"2026-03-16T08:16:19","slug":"silhouette-star-island-8183-7530-gold","status":"publish","type":"product","link":"https:\/\/markoweokulary.pl\/pl\/produkt\/silhouette-star-island-8183-7530-gold\/","title":{"rendered":"Silhouette Star Island 8183 7530 Gold"},"content":{"rendered":"<p><strong data-start=\"544\" data-end=\"557\">Dla kogo:<\/strong><br data-start=\"557\" data-end=\"560\" \/>Dla kobiet, kt\u00f3re ceni\u0105 <strong data-start=\"584\" data-end=\"639\" data-is-only-node=\"\">minimalistyczny luksus, ponadczasowy styl i komfort<\/strong>, bez kompromis\u00f3w. Idealne do eleganckich stylizacji, letnich podr\u00f3\u017cy i codziennego noszenia \u2014 model <strong data-start=\"740\" data-end=\"765\">Star Island 8183 7530<\/strong> podkre\u015bla wyrafinowany gust i pewno\u015b\u0107 siebie ka\u017cdej w\u0142a\u015bcicielki.<\/p>\n","protected":false},"excerpt":{"rendered":"<p>Model <strong data-start=\"74\" data-end=\"110\" data-is-only-node=\"\">Silhouette Star Island 8183 7530<\/strong> to synonim luksusu w ultralekkiej formie. Oprawa typu <strong data-start=\"165\" data-end=\"176\">rimless<\/strong> (bezramkowa) w odcieniu <strong data-start=\"201\" data-end=\"210\">z\u0142ota<\/strong> zosta\u0142a po\u0142\u0105czona z delikatnie przydymionymi, br\u0105zowymi soczewkami, kt\u00f3re nadaj\u0105 ca\u0142o\u015bci wyj\u0105tkowo elegancki i kobiecy charakter. Geometryczny kszta\u0142t z subtelnym mostkiem w formie podw\u00f3jnej linii tworzy harmonijn\u0105 i nowoczesn\u0105 sylwetk\u0119. Wykonane z tytanu okulary zapewniaj\u0105 niezwyk\u0142y komfort noszenia i odporno\u015b\u0107 na uszkodzenia.<\/p>\n","protected":false},"featured_media":3958,"template":"","meta":{"_acf_changed":false},"product_brand":[351],"product_cat":[30,747],"product_tag":[],"model":[],"class_list":{"0":"post-3954","1":"product","2":"type-product","3":"status-publish","4":"has-post-thumbnail","6":"product_brand-silhouette","7":"product_cat-okulary-przeciwsloneczne","8":"product_cat-outlet","10":"first","11":"instock","12":"sale","13":"taxable","14":"shipping-taxable","15":"purchasable","16":"product-type-simple"},"acf":[],"aioseo_notices":[],"_links":{"self":[{"href":"https:\/\/markoweokulary.pl\/pl\/wp-json\/wp\/v2\/product\/3954","targetHints":{"allow":["GET"]}}],"collection":[{"href":"https:\/\/markoweokulary.pl\/pl\/wp-json\/wp\/v2\/product"}],"about":[{"href":"https:\/\/markoweokulary.pl\/pl\/wp-json\/wp\/v2\/types\/product"}],"version-history":[{"count":1,"href":"https:\/\/markoweokulary.pl\/pl\/wp-json\/wp\/v2\/product\/3954\/revisions"}],"predecessor-version":[{"id":3955,"href":"https:\/\/markoweokulary.pl\/pl\/wp-json\/wp\/v2\/product\/3954\/revisions\/3955"}],"wp:featuredmedia":[{"embeddable":true,"href":"https:\/\/markoweokulary.pl\/pl\/wp-json\/wp\/v2\/media\/3958"}],"wp:attachment":[{"href":"https:\/\/markoweokulary.pl\/pl\/wp-json\/wp\/v2\/media?parent=3954"}],"wp:term":[{"taxonomy":"product_brand","embeddable":true,"href":"https:\/\/markoweokulary.pl\/pl\/wp-json\/wp\/v2\/product_brand?post=3954"},{"taxonomy":"product_cat","embeddable":true,"href":"https:\/\/markoweokulary.pl\/pl\/wp-json\/wp\/v2\/product_cat?post=3954"},{"taxonomy":"product_tag","embeddable":true,"href":"https:\/\/markoweokulary.pl\/pl\/wp-json\/wp\/v2\/product_tag?post=3954"},{"taxonomy":"model","embeddable":true,"href":"https:\/\/markoweokulary.pl\/pl\/wp-json\/wp\/v2\/model?post=3954"}],"curies":[{"name":"wp","href":"https:\/\/api.w.org\/{rel}","templated":true}]}}