{"id":3932,"date":"2025-10-29T20:07:01","date_gmt":"2025-10-29T19:07:01","guid":{"rendered":"https:\/\/www.diukoptyk.pl\/?post_type=product&#038;p=3932"},"modified":"2026-03-30T13:26:28","modified_gmt":"2026-03-30T11:26:28","slug":"silhouette-2972-4510","status":"publish","type":"product","link":"https:\/\/markoweokulary.pl\/pl\/produkt\/silhouette-2972-4510\/","title":{"rendered":"Silhouette 2972 4510"},"content":{"rendered":"<p><strong data-start=\"525\" data-end=\"538\">Dla kogo:<\/strong><br data-start=\"538\" data-end=\"541\" \/>Dla m\u0119\u017cczyzn, kt\u00f3rzy ceni\u0105 <strong data-start=\"568\" data-end=\"598\" data-is-only-node=\"\">czysty, zdecydowany design<\/strong> i wygod\u0119 w codziennym u\u017cytkowaniu. Model 2972 4510 doskonale sprawdzi si\u0119 zar\u00f3wno w pracy, jak i w czasie wolnym \u2014 idealny wyb\u00f3r dla tych, kt\u00f3rzy szukaj\u0105 nowoczesnych okular\u00f3w z subtelnym akcentem koloru.<\/p>\n","protected":false},"excerpt":{"rendered":"<p>Model <strong data-start=\"56\" data-end=\"80\" data-is-only-node=\"\">Silhouette 2972 4510<\/strong> to idealne po\u0142\u0105czenie klasyki i nowoczesno\u015bci. Pe\u0142na oprawa o prostok\u0105tnym kszta\u0142cie w intensywnym odcieniu <strong data-start=\"189\" data-end=\"213\">metalicznego granatu<\/strong> nadaje twarzy wyrazisto\u015bci, zachowuj\u0105c przy tym lekko\u015b\u0107 i elegancj\u0119. Wykonane z innowacyjnego materia\u0142u <strong data-start=\"318\" data-end=\"327\">SPX\u00ae+<\/strong>, charakteryzuj\u0105 si\u0119 wyj\u0105tkow\u0105 trwa\u0142o\u015bci\u0105, elastyczno\u015bci\u0105 i komfortem noszenia. Subtelne detale oraz matowe wyko\u0144czenie dope\u0142niaj\u0105 ca\u0142o\u015bci, tworz\u0105c ponadczasowy model o wsp\u00f3\u0142czesnym charakterze.<\/p>\n","protected":false},"featured_media":3935,"template":"","meta":{"_acf_changed":false},"product_brand":[351],"product_cat":[51,747],"product_tag":[],"model":[],"class_list":{"0":"post-3932","1":"product","2":"type-product","3":"status-publish","4":"has-post-thumbnail","6":"product_brand-silhouette","7":"product_cat-okulary-korekcyjne","8":"product_cat-outlet","10":"first","11":"outofstock","12":"sale","13":"taxable","14":"shipping-taxable","15":"purchasable","16":"product-type-simple"},"acf":[],"aioseo_notices":[],"_links":{"self":[{"href":"https:\/\/markoweokulary.pl\/pl\/wp-json\/wp\/v2\/product\/3932","targetHints":{"allow":["GET"]}}],"collection":[{"href":"https:\/\/markoweokulary.pl\/pl\/wp-json\/wp\/v2\/product"}],"about":[{"href":"https:\/\/markoweokulary.pl\/pl\/wp-json\/wp\/v2\/types\/product"}],"version-history":[{"count":1,"href":"https:\/\/markoweokulary.pl\/pl\/wp-json\/wp\/v2\/product\/3932\/revisions"}],"predecessor-version":[{"id":3936,"href":"https:\/\/markoweokulary.pl\/pl\/wp-json\/wp\/v2\/product\/3932\/revisions\/3936"}],"wp:featuredmedia":[{"embeddable":true,"href":"https:\/\/markoweokulary.pl\/pl\/wp-json\/wp\/v2\/media\/3935"}],"wp:attachment":[{"href":"https:\/\/markoweokulary.pl\/pl\/wp-json\/wp\/v2\/media?parent=3932"}],"wp:term":[{"taxonomy":"product_brand","embeddable":true,"href":"https:\/\/markoweokulary.pl\/pl\/wp-json\/wp\/v2\/product_brand?post=3932"},{"taxonomy":"product_cat","embeddable":true,"href":"https:\/\/markoweokulary.pl\/pl\/wp-json\/wp\/v2\/product_cat?post=3932"},{"taxonomy":"product_tag","embeddable":true,"href":"https:\/\/markoweokulary.pl\/pl\/wp-json\/wp\/v2\/product_tag?post=3932"},{"taxonomy":"model","embeddable":true,"href":"https:\/\/markoweokulary.pl\/pl\/wp-json\/wp\/v2\/model?post=3932"}],"curies":[{"name":"wp","href":"https:\/\/api.w.org\/{rel}","templated":true}]}}