{"id":3927,"date":"2025-10-29T19:58:44","date_gmt":"2025-10-29T18:58:44","guid":{"rendered":"https:\/\/www.diukoptyk.pl\/?post_type=product&#038;p=3927"},"modified":"2026-03-16T09:16:19","modified_gmt":"2026-03-16T08:16:19","slug":"silhouette-2969-6940","status":"publish","type":"product","link":"https:\/\/markoweokulary.pl\/pl\/produkt\/silhouette-2969-6940\/","title":{"rendered":"Silhouette 2969 6940"},"content":{"rendered":"<p><strong data-start=\"481\" data-end=\"494\">Dla kogo:<\/strong><br data-start=\"494\" data-end=\"497\" \/>Dla m\u0119\u017cczyzn, kt\u00f3rzy ceni\u0105 <strong data-start=\"524\" data-end=\"562\" data-is-only-node=\"\">po\u0142\u0105czenie klasyki i nowoczesno\u015bci<\/strong>. To model dla indywidualist\u00f3w \u2014 elegancki, a jednocze\u015bnie swobodny, \u015bwietnie komponuj\u0105cy si\u0119 zar\u00f3wno z garniturem, jak i codziennym stylem. Doskona\u0142y wyb\u00f3r dla tych, kt\u00f3rzy lubi\u0105 \u0142\u0105czy\u0107 funkcjonalno\u015b\u0107 z odwa\u017cnym designem.<\/p>\n","protected":false},"excerpt":{"rendered":"<p>Model <strong data-start=\"56\" data-end=\"80\" data-is-only-node=\"\">Silhouette 2969 6940<\/strong> to wyraz nowoczesnego designu z nut\u0105 retro. Charakterystyczny kszta\u0142t aviatora z wyci\u0119ciem w g\u00f3rnej cz\u0119\u015bci mostka nadaje mu dynamicznego charakteru, a subtelne przej\u015bcie koloru \u2014 od <strong data-start=\"263\" data-end=\"296\">szaro\u015bci po transparentny be\u017c<\/strong> \u2014 dodaje lekko\u015bci i wyj\u0105tkowej g\u0142\u0119bi. Wykonany z materia\u0142u <strong data-start=\"356\" data-end=\"365\">SPX\u00ae+<\/strong>, znanego z niezwyk\u0142ej elastyczno\u015bci i trwa\u0142o\u015bci, zapewnia idealne dopasowanie oraz maksymalny komfort noszenia.<\/p>\n","protected":false},"featured_media":3930,"template":"","meta":{"_acf_changed":false},"product_brand":[351],"product_cat":[51,747],"product_tag":[],"model":[],"class_list":{"0":"post-3927","1":"product","2":"type-product","3":"status-publish","4":"has-post-thumbnail","6":"product_brand-silhouette","7":"product_cat-okulary-korekcyjne","8":"product_cat-outlet","10":"first","11":"outofstock","12":"sale","13":"taxable","14":"shipping-taxable","15":"purchasable","16":"product-type-simple"},"acf":[],"aioseo_notices":[],"_links":{"self":[{"href":"https:\/\/markoweokulary.pl\/pl\/wp-json\/wp\/v2\/product\/3927","targetHints":{"allow":["GET"]}}],"collection":[{"href":"https:\/\/markoweokulary.pl\/pl\/wp-json\/wp\/v2\/product"}],"about":[{"href":"https:\/\/markoweokulary.pl\/pl\/wp-json\/wp\/v2\/types\/product"}],"version-history":[{"count":1,"href":"https:\/\/markoweokulary.pl\/pl\/wp-json\/wp\/v2\/product\/3927\/revisions"}],"predecessor-version":[{"id":3931,"href":"https:\/\/markoweokulary.pl\/pl\/wp-json\/wp\/v2\/product\/3927\/revisions\/3931"}],"wp:featuredmedia":[{"embeddable":true,"href":"https:\/\/markoweokulary.pl\/pl\/wp-json\/wp\/v2\/media\/3930"}],"wp:attachment":[{"href":"https:\/\/markoweokulary.pl\/pl\/wp-json\/wp\/v2\/media?parent=3927"}],"wp:term":[{"taxonomy":"product_brand","embeddable":true,"href":"https:\/\/markoweokulary.pl\/pl\/wp-json\/wp\/v2\/product_brand?post=3927"},{"taxonomy":"product_cat","embeddable":true,"href":"https:\/\/markoweokulary.pl\/pl\/wp-json\/wp\/v2\/product_cat?post=3927"},{"taxonomy":"product_tag","embeddable":true,"href":"https:\/\/markoweokulary.pl\/pl\/wp-json\/wp\/v2\/product_tag?post=3927"},{"taxonomy":"model","embeddable":true,"href":"https:\/\/markoweokulary.pl\/pl\/wp-json\/wp\/v2\/model?post=3927"}],"curies":[{"name":"wp","href":"https:\/\/api.w.org\/{rel}","templated":true}]}}