{"id":3914,"date":"2025-10-29T16:40:26","date_gmt":"2025-10-29T15:40:26","guid":{"rendered":"https:\/\/www.diukoptyk.pl\/?post_type=product&#038;p=3914"},"modified":"2026-03-16T09:16:20","modified_gmt":"2026-03-16T08:16:20","slug":"silhouette-2953-6130","status":"publish","type":"product","link":"https:\/\/markoweokulary.pl\/pl\/produkt\/silhouette-2953-6130\/","title":{"rendered":"Silhouette 2953 6130"},"content":{"rendered":"<p><strong data-start=\"388\" data-end=\"401\">Dla kogo:<\/strong><br data-start=\"401\" data-end=\"404\" \/>Dla kobiet ceni\u0105cych <strong data-start=\"425\" data-end=\"458\" data-is-only-node=\"\">klasyk\u0119 w nowoczesnym wydaniu<\/strong>. Idealne dla tych, kt\u00f3re szukaj\u0105 opraw subtelnych, ale pe\u0142nych charakteru \u2014 pasuj\u0105cych zar\u00f3wno do codziennego, jak i eleganckiego stylu. To model, kt\u00f3ry podkre\u015bla naturalne pi\u0119kno i dodaje wyrafinowania ka\u017cdej stylizacji.<\/p>\n","protected":false},"excerpt":{"rendered":"<p>Model <strong data-start=\"56\" data-end=\"80\" data-is-only-node=\"\">Silhouette 2953 6130<\/strong> to wyj\u0105tkowe po\u0142\u0105czenie lekko\u015bci i naturalnej elegancji. Smuk\u0142a, owalna oprawa w odcieniu <strong data-start=\"171\" data-end=\"225\">ciep\u0142ego br\u0105zu z subtelnym, transparentnym efektem<\/strong> nadaje twarzy mi\u0119kko\u015bci i harmonii. Delikatne zauszniki z tytanu oraz elastyczny mostek gwarantuj\u0105 niezr\u00f3wnany komfort i trwa\u0142o\u015b\u0107, z kt\u00f3rej s\u0142ynie Silhouette.<\/p>\n","protected":false},"featured_media":3915,"template":"","meta":{"_acf_changed":false},"product_brand":[351],"product_cat":[51,747],"product_tag":[],"model":[],"class_list":{"0":"post-3914","1":"product","2":"type-product","3":"status-publish","4":"has-post-thumbnail","6":"product_brand-silhouette","7":"product_cat-okulary-korekcyjne","8":"product_cat-outlet","10":"first","11":"instock","12":"sale","13":"taxable","14":"shipping-taxable","15":"purchasable","16":"product-type-simple"},"acf":[],"aioseo_notices":[],"_links":{"self":[{"href":"https:\/\/markoweokulary.pl\/pl\/wp-json\/wp\/v2\/product\/3914","targetHints":{"allow":["GET"]}}],"collection":[{"href":"https:\/\/markoweokulary.pl\/pl\/wp-json\/wp\/v2\/product"}],"about":[{"href":"https:\/\/markoweokulary.pl\/pl\/wp-json\/wp\/v2\/types\/product"}],"version-history":[{"count":1,"href":"https:\/\/markoweokulary.pl\/pl\/wp-json\/wp\/v2\/product\/3914\/revisions"}],"predecessor-version":[{"id":3916,"href":"https:\/\/markoweokulary.pl\/pl\/wp-json\/wp\/v2\/product\/3914\/revisions\/3916"}],"wp:featuredmedia":[{"embeddable":true,"href":"https:\/\/markoweokulary.pl\/pl\/wp-json\/wp\/v2\/media\/3915"}],"wp:attachment":[{"href":"https:\/\/markoweokulary.pl\/pl\/wp-json\/wp\/v2\/media?parent=3914"}],"wp:term":[{"taxonomy":"product_brand","embeddable":true,"href":"https:\/\/markoweokulary.pl\/pl\/wp-json\/wp\/v2\/product_brand?post=3914"},{"taxonomy":"product_cat","embeddable":true,"href":"https:\/\/markoweokulary.pl\/pl\/wp-json\/wp\/v2\/product_cat?post=3914"},{"taxonomy":"product_tag","embeddable":true,"href":"https:\/\/markoweokulary.pl\/pl\/wp-json\/wp\/v2\/product_tag?post=3914"},{"taxonomy":"model","embeddable":true,"href":"https:\/\/markoweokulary.pl\/pl\/wp-json\/wp\/v2\/model?post=3914"}],"curies":[{"name":"wp","href":"https:\/\/api.w.org\/{rel}","templated":true}]}}