{"id":3895,"date":"2025-10-29T15:53:46","date_gmt":"2025-10-29T14:53:46","guid":{"rendered":"https:\/\/www.diukoptyk.pl\/?post_type=product&#038;p=3895"},"modified":"2026-04-11T21:36:16","modified_gmt":"2026-04-11T19:36:16","slug":"silhouette-1598-75-9030","status":"publish","type":"product","link":"https:\/\/markoweokulary.pl\/pl\/produkt\/silhouette-1598-75-9030\/","title":{"rendered":"Silhouette 1598 75 9030"},"content":{"rendered":"<p><strong data-start=\"382\" data-end=\"395\">Dla kogo:<\/strong><br data-start=\"395\" data-end=\"398\" \/>Dla kobiet, kt\u00f3re ceni\u0105 <strong data-start=\"422\" data-end=\"457\" data-is-only-node=\"\">minimalizm z nut\u0105 wyrafinowania<\/strong>. Idealne dla os\u00f3b, kt\u00f3re chc\u0105 wygl\u0105da\u0107 elegancko, ale naturalnie \u2014 w pracy, podczas spotka\u0144 czy w codziennym \u017cyciu. To model, kt\u00f3ry subtelnie podkre\u015bla styl i pewno\u015b\u0107 siebie, nie dominuj\u0105c twarzy.<\/p>\n","protected":false},"excerpt":{"rendered":"<p data-start=\"34\" data-end=\"380\">Model <strong data-start=\"59\" data-end=\"86\" data-is-only-node=\"\">Silhouette 1598 75 9030<\/strong> to delikatna, kobieca reinterpretacja klasycznej formy cat-eye. Subtelna, matowa oprawa w kolorze <strong data-start=\"185\" data-end=\"222\">czerni z akcentami r\u00f3\u017cowego z\u0142ota<\/strong> podkre\u015bla rysy twarzy i dodaje spojrzeniu elegancji. Wykonana z ultralekkich, elastycznych materia\u0142\u00f3w zapewnia wyj\u0105tkowy komfort noszenia przez ca\u0142y dzie\u0144.<\/p>\n","protected":false},"featured_media":3898,"template":"","meta":{"_acf_changed":false},"product_brand":[351],"product_cat":[51,747],"product_tag":[],"model":[],"class_list":{"0":"post-3895","1":"product","2":"type-product","3":"status-publish","4":"has-post-thumbnail","6":"product_brand-silhouette","7":"product_cat-okulary-korekcyjne","8":"product_cat-outlet","10":"first","11":"outofstock","12":"sale","13":"taxable","14":"shipping-taxable","15":"purchasable","16":"product-type-simple"},"acf":[],"aioseo_notices":[],"_links":{"self":[{"href":"https:\/\/markoweokulary.pl\/pl\/wp-json\/wp\/v2\/product\/3895","targetHints":{"allow":["GET"]}}],"collection":[{"href":"https:\/\/markoweokulary.pl\/pl\/wp-json\/wp\/v2\/product"}],"about":[{"href":"https:\/\/markoweokulary.pl\/pl\/wp-json\/wp\/v2\/types\/product"}],"version-history":[{"count":1,"href":"https:\/\/markoweokulary.pl\/pl\/wp-json\/wp\/v2\/product\/3895\/revisions"}],"predecessor-version":[{"id":3899,"href":"https:\/\/markoweokulary.pl\/pl\/wp-json\/wp\/v2\/product\/3895\/revisions\/3899"}],"wp:featuredmedia":[{"embeddable":true,"href":"https:\/\/markoweokulary.pl\/pl\/wp-json\/wp\/v2\/media\/3898"}],"wp:attachment":[{"href":"https:\/\/markoweokulary.pl\/pl\/wp-json\/wp\/v2\/media?parent=3895"}],"wp:term":[{"taxonomy":"product_brand","embeddable":true,"href":"https:\/\/markoweokulary.pl\/pl\/wp-json\/wp\/v2\/product_brand?post=3895"},{"taxonomy":"product_cat","embeddable":true,"href":"https:\/\/markoweokulary.pl\/pl\/wp-json\/wp\/v2\/product_cat?post=3895"},{"taxonomy":"product_tag","embeddable":true,"href":"https:\/\/markoweokulary.pl\/pl\/wp-json\/wp\/v2\/product_tag?post=3895"},{"taxonomy":"model","embeddable":true,"href":"https:\/\/markoweokulary.pl\/pl\/wp-json\/wp\/v2\/model?post=3895"}],"curies":[{"name":"wp","href":"https:\/\/api.w.org\/{rel}","templated":true}]}}