{"id":3479,"date":"2025-10-17T12:55:03","date_gmt":"2025-10-17T10:55:03","guid":{"rendered":"https:\/\/www.diukoptyk.pl\/?post_type=product&#038;p=3479"},"modified":"2026-03-05T18:50:23","modified_gmt":"2026-03-05T17:50:23","slug":"jacques-marie-mage-casablanca-sulfur","status":"publish","type":"product","link":"https:\/\/markoweokulary.pl\/pl\/produkt\/jacques-marie-mage-casablanca-sulfur\/","title":{"rendered":"Jacques Marie Mage CASABLANCA | SULFUR"},"content":{"rendered":"<h3 data-start=\"1586\" data-end=\"1605\"><strong data-start=\"1590\" data-end=\"1603\">Dla kogo:<\/strong><\/h3>\n<p data-start=\"1606\" data-end=\"1928\">Dla mi\u0142o\u015bnik\u00f3w <strong data-start=\"1621\" data-end=\"1677\">subtelnego minimalizmu i artystycznej autentyczno\u015bci<\/strong>.<br data-start=\"1678\" data-end=\"1681\" \/>Model <strong data-start=\"1687\" data-end=\"1711\">Casablanca in Sulfur<\/strong> idealnie pasuje do os\u00f3b, kt\u00f3re \u0142\u0105cz\u0105 <strong data-start=\"1749\" data-end=\"1801\">intelektualny dystans z rockowym wyczuciem stylu<\/strong> \u2014 dla tw\u00f3rc\u00f3w, projektant\u00f3w, ludzi wolnych duchem, kt\u00f3rzy potrafi\u0105 doceni\u0107 <strong data-start=\"1877\" data-end=\"1925\">finezyjne rzemios\u0142o i nieprzeci\u0119tn\u0105 prostot\u0119<\/strong>.<\/p>\n","protected":false},"excerpt":{"rendered":"<h3 data-start=\"0\" data-end=\"51\"><strong data-start=\"4\" data-end=\"49\">JACQUES MARIE MAGE \u2013 CASABLANCA IN SULFUR<\/strong><\/h3>\n<p data-start=\"52\" data-end=\"132\"><strong data-start=\"52\" data-end=\"132\">Limitowana edycja 300 sztuk. Nowojorski duch lat 90. w mistrzowskim wydaniu.<\/strong><\/p>\n<p data-start=\"134\" data-end=\"590\">Model <strong data-start=\"140\" data-end=\"164\">Casablanca in Sulfur<\/strong> to ho\u0142d dla surowej energii i nonszalancji sceny indie lat 90., reinterpretowany w duchu wsp\u00f3\u0142czesnego luksusu.<br data-start=\"276\" data-end=\"279\" \/>Kompaktowa, <strong data-start=\"291\" data-end=\"320\">smuk\u0142a prostok\u0105tna oprawa<\/strong> wykonana z <strong data-start=\"332\" data-end=\"368\">10-milimetrowego szarego acetatu<\/strong> zachwyca precyzj\u0105 detalu i idealnymi proporcjami. Jej <strong data-start=\"423\" data-end=\"450\">delikatna linia brwiowa<\/strong> i <strong data-start=\"453\" data-end=\"470\">cienki mostek<\/strong> nadaj\u0105 twarzy wyraz inteligencji i subtelnej elegancji, a <strong data-start=\"529\" data-end=\"566\">metalowe akcenty w kolorze srebra<\/strong> dodaj\u0105 szlachetno\u015bci.<\/p>\n<p data-start=\"592\" data-end=\"906\">Zauszniki zdobi <strong data-start=\"608\" data-end=\"660\">ods\u0142oni\u0119ty, grawerowany rdze\u0144 \u201eClassic Wirecore\u201d<\/strong> oraz <strong data-start=\"666\" data-end=\"713\">siedmiobeczkowe zawiasy ze stal nierdzewnej<\/strong> z detalami inspirowanymi stylem Art Deco.<br data-start=\"755\" data-end=\"758\" \/>Soczewki <strong data-start=\"767\" data-end=\"785\">Dove Armorlite<\/strong> z pow\u0142ok\u0105 antyrefleksyjn\u0105 oferuj\u0105 <strong data-start=\"820\" data-end=\"865\">doskona\u0142\u0105 przejrzysto\u015b\u0107 i 100% ochron\u0119 UV<\/strong>, nadaj\u0105c spojrzeniu mi\u0119kko\u015bci i g\u0142\u0119bi.<\/p>\n<p data-start=\"908\" data-end=\"1023\">R\u0119cznie wykonane w Japonii w <strong data-start=\"937\" data-end=\"974\">limitowanej serii 300 egzemplarzy<\/strong>, te okulary to manifest stylu i niezale\u017cno\u015bci.<\/p>\n<hr data-start=\"1025\" data-end=\"1028\" \/>\n<p data-start=\"1030\" data-end=\"1052\"><strong data-start=\"1030\" data-end=\"1050\">Dane techniczne:<\/strong><\/p>\n<ul data-start=\"1053\" data-end=\"1579\">\n<li data-start=\"1053\" data-end=\"1088\">\n<p data-start=\"1055\" data-end=\"1088\"><strong data-start=\"1055\" data-end=\"1065\">Model:<\/strong> Casablanca in Sulfur<\/p>\n<\/li>\n<li data-start=\"1089\" data-end=\"1143\">\n<p data-start=\"1091\" data-end=\"1143\"><strong data-start=\"1091\" data-end=\"1104\">Kolekcja:<\/strong> Limited Production Batch (300 sztuk)<\/p>\n<\/li>\n<li data-start=\"1144\" data-end=\"1175\">\n<p data-start=\"1146\" data-end=\"1175\"><strong data-start=\"1146\" data-end=\"1165\">Kraj produkcji:<\/strong> Japonia<\/p>\n<\/li>\n<li data-start=\"1176\" data-end=\"1213\">\n<p data-start=\"1178\" data-end=\"1213\"><strong data-start=\"1178\" data-end=\"1191\">Materia\u0142:<\/strong> 10 mm acetat (Grey)<\/p>\n<\/li>\n<li data-start=\"1214\" data-end=\"1259\">\n<p data-start=\"1216\" data-end=\"1259\"><strong data-start=\"1216\" data-end=\"1233\">Kolor oprawy:<\/strong> Szary \/ Sterling Silver<\/p>\n<\/li>\n<li data-start=\"1260\" data-end=\"1333\">\n<p data-start=\"1262\" data-end=\"1333\"><strong data-start=\"1262\" data-end=\"1281\">Kolor soczewek:<\/strong> Dove Armorlite 4 Base (z pow\u0142ok\u0105 antyrefleksyjn\u0105)<\/p>\n<\/li>\n<li data-start=\"1334\" data-end=\"1524\">\n<p data-start=\"1336\" data-end=\"1349\"><strong data-start=\"1336\" data-end=\"1347\">Detale:<\/strong><\/p>\n<ul data-start=\"1352\" data-end=\"1524\">\n<li data-start=\"1352\" data-end=\"1392\">\n<p data-start=\"1354\" data-end=\"1392\">Sterling Silver Arrowhead Front Pins<\/p>\n<\/li>\n<li data-start=\"1395\" data-end=\"1436\">\n<p data-start=\"1397\" data-end=\"1436\">Ods\u0142oni\u0119ty srebrny \u201eClassic\u201d Wirecore<\/p>\n<\/li>\n<li data-start=\"1439\" data-end=\"1487\">\n<p data-start=\"1441\" data-end=\"1487\">Stalowe zawiasy 7-barrel z grawerem Art Deco<\/p>\n<\/li>\n<li data-start=\"1490\" data-end=\"1524\">\n<p data-start=\"1492\" data-end=\"1524\">Podw\u00f3jnie laminowane zauszniki<\/p>\n<\/li>\n<\/ul>\n<\/li>\n<li data-start=\"1525\" data-end=\"1579\">\n<p data-start=\"1527\" data-end=\"1579\"><strong data-start=\"1527\" data-end=\"1538\">Zestaw:<\/strong> Etui, \u015bciereczka, certyfikat limitacji<\/p>\n<\/li>\n<\/ul>\n","protected":false},"featured_media":3486,"template":"","meta":{"_acf_changed":false},"product_brand":[82],"product_cat":[30],"product_tag":[],"model":[],"class_list":{"0":"post-3479","1":"product","2":"type-product","3":"status-publish","4":"has-post-thumbnail","6":"product_brand-jacques-marie-mage","7":"product_cat-okulary-przeciwsloneczne","9":"first","10":"instock","11":"sale","12":"taxable","13":"shipping-taxable","14":"purchasable","15":"product-type-simple"},"acf":[],"aioseo_notices":[],"_links":{"self":[{"href":"https:\/\/markoweokulary.pl\/pl\/wp-json\/wp\/v2\/product\/3479","targetHints":{"allow":["GET"]}}],"collection":[{"href":"https:\/\/markoweokulary.pl\/pl\/wp-json\/wp\/v2\/product"}],"about":[{"href":"https:\/\/markoweokulary.pl\/pl\/wp-json\/wp\/v2\/types\/product"}],"version-history":[{"count":1,"href":"https:\/\/markoweokulary.pl\/pl\/wp-json\/wp\/v2\/product\/3479\/revisions"}],"predecessor-version":[{"id":4012,"href":"https:\/\/markoweokulary.pl\/pl\/wp-json\/wp\/v2\/product\/3479\/revisions\/4012"}],"wp:featuredmedia":[{"embeddable":true,"href":"https:\/\/markoweokulary.pl\/pl\/wp-json\/wp\/v2\/media\/3486"}],"wp:attachment":[{"href":"https:\/\/markoweokulary.pl\/pl\/wp-json\/wp\/v2\/media?parent=3479"}],"wp:term":[{"taxonomy":"product_brand","embeddable":true,"href":"https:\/\/markoweokulary.pl\/pl\/wp-json\/wp\/v2\/product_brand?post=3479"},{"taxonomy":"product_cat","embeddable":true,"href":"https:\/\/markoweokulary.pl\/pl\/wp-json\/wp\/v2\/product_cat?post=3479"},{"taxonomy":"product_tag","embeddable":true,"href":"https:\/\/markoweokulary.pl\/pl\/wp-json\/wp\/v2\/product_tag?post=3479"},{"taxonomy":"model","embeddable":true,"href":"https:\/\/markoweokulary.pl\/pl\/wp-json\/wp\/v2\/model?post=3479"}],"curies":[{"name":"wp","href":"https:\/\/api.w.org\/{rel}","templated":true}]}}