{"id":3464,"date":"2025-10-17T12:38:07","date_gmt":"2025-10-17T10:38:07","guid":{"rendered":"https:\/\/www.diukoptyk.pl\/?post_type=product&#038;p=3464"},"modified":"2026-03-05T18:50:23","modified_gmt":"2026-03-05T17:50:23","slug":"jacques-marie-mage-holden-maverick","status":"publish","type":"product","link":"https:\/\/markoweokulary.pl\/pl\/produkt\/jacques-marie-mage-holden-maverick\/","title":{"rendered":"Jacques Marie Mage HOLDEN | MAVERICK"},"content":{"rendered":"<h3 data-start=\"1778\" data-end=\"1797\"><strong data-start=\"1782\" data-end=\"1795\">Dla kogo:<\/strong><\/h3>\n<p data-start=\"1798\" data-end=\"2214\">Dla os\u00f3b o <strong data-start=\"1809\" data-end=\"1843\">silnej, niezale\u017cnej osobowo\u015bci<\/strong>, kt\u00f3re nie boj\u0105 si\u0119 przyci\u0105ga\u0107 spojrze\u0144.<br data-start=\"1884\" data-end=\"1887\" \/>Model <strong data-start=\"1893\" data-end=\"1915\">Holden in Maverick<\/strong> to wyb\u00f3r dla tych, kt\u00f3rzy \u0142\u0105cz\u0105 <strong data-start=\"1948\" data-end=\"1990\">artystyczn\u0105 wra\u017cliwo\u015b\u0107 z odwag\u0105 lidera<\/strong> \u2014 dla kreatywnych umys\u0142\u00f3w, wizjoner\u00f3w i estet\u00f3w ceni\u0105cych <strong data-start=\"2049\" data-end=\"2093\">unikalno\u015b\u0107 w formie i perfekcj\u0119 w detalu<\/strong>.<br data-start=\"2094\" data-end=\"2097\" \/>To okulary, kt\u00f3re nie tylko podkre\u015blaj\u0105 styl, ale r\u00f3wnie\u017c <strong data-start=\"2155\" data-end=\"2211\">opowiadaj\u0105 histori\u0119 pewno\u015bci siebie i indywidualizmu<\/strong>.<\/p>\n","protected":false},"excerpt":{"rendered":"<h3 data-start=\"193\" data-end=\"242\"><strong data-start=\"197\" data-end=\"240\">JACQUES MARIE MAGE \u2013 HOLDEN IN MAVERICK<\/strong><\/h3>\n<p data-start=\"243\" data-end=\"309\"><strong data-start=\"243\" data-end=\"309\">Limitowana edycja 400 sztuk. Odwaga formy, precyzja rzemios\u0142a.<\/strong><\/p>\n<p data-start=\"311\" data-end=\"868\">Model <strong data-start=\"317\" data-end=\"339\">Holden in Maverick<\/strong> to oprawa, w kt\u00f3rej <strong data-start=\"360\" data-end=\"446\">modernistyczny duch lat 60. spotyka wsp\u00f3\u0142czesn\u0105 in\u017cynieri\u0119 i artystyczn\u0105 ekspresj\u0119<\/strong>.<br data-start=\"447\" data-end=\"450\" \/>Wykonany z <strong data-start=\"461\" data-end=\"498\">czarnego acetatu o grubo\u015bci 10 mm<\/strong>, model przyci\u0105ga uwag\u0119 <strong data-start=\"522\" data-end=\"549\">heksagonalnym kszta\u0142tem<\/strong> i <strong data-start=\"552\" data-end=\"590\">mistrzowsko wywa\u017conymi proporcjami<\/strong>.<br data-start=\"591\" data-end=\"594\" \/>Jego wyj\u0105tkowy charakter podkre\u015blaj\u0105 <strong data-start=\"631\" data-end=\"647\">z\u0142ote detale<\/strong> \u2013 od <strong data-start=\"653\" data-end=\"707\">nitu w kszta\u0142cie strza\u0142y (Signature Arrowhead Pin)<\/strong>, przez <strong data-start=\"715\" data-end=\"747\">ods\u0142oni\u0119ty rdze\u0144 \u201eBlow-dart\u201d<\/strong> z precyzyjnym grawerunkiem, po <strong data-start=\"779\" data-end=\"823\">monoblokowy zawias o spr\u0119\u017cystym napi\u0119ciu<\/strong>, b\u0119d\u0105cy symbolem technicznej doskona\u0142o\u015bci.<\/p>\n<p data-start=\"870\" data-end=\"1178\">Soczewki <strong data-start=\"879\" data-end=\"905\">Superlight Purple CR39<\/strong> z <strong data-start=\"908\" data-end=\"935\">pow\u0142ok\u0105 antyrefleksyjn\u0105<\/strong> zapewniaj\u0105 idealn\u0105 r\u00f3wnowag\u0119 mi\u0119dzy ochron\u0105 wzroku a subtelnym, artystycznym tonem.<br data-start=\"1019\" data-end=\"1022\" \/>Ka\u017cdy egzemplarz wykonano <strong data-start=\"1048\" data-end=\"1069\">r\u0119cznie w Japonii<\/strong>, w <strong data-start=\"1073\" data-end=\"1104\">limitowanej serii 400 sztuk<\/strong>, co czyni go przedmiotem po\u017c\u0105dania dla kolekcjoner\u00f3w i koneser\u00f3w stylu.<\/p>\n<hr data-start=\"1180\" data-end=\"1183\" \/>\n<p data-start=\"1185\" data-end=\"1207\"><strong data-start=\"1185\" data-end=\"1205\">Dane techniczne:<\/strong><\/p>\n<ul data-start=\"1208\" data-end=\"1771\">\n<li data-start=\"1208\" data-end=\"1241\">\n<p data-start=\"1210\" data-end=\"1241\"><strong data-start=\"1210\" data-end=\"1220\">Model:<\/strong> Holden in Maverick<\/p>\n<\/li>\n<li data-start=\"1242\" data-end=\"1296\">\n<p data-start=\"1244\" data-end=\"1296\"><strong data-start=\"1244\" data-end=\"1257\">Kolekcja:<\/strong> Limited Production Batch (400 sztuk)<\/p>\n<\/li>\n<li data-start=\"1297\" data-end=\"1328\">\n<p data-start=\"1299\" data-end=\"1328\"><strong data-start=\"1299\" data-end=\"1318\">Kraj produkcji:<\/strong> Japonia<\/p>\n<\/li>\n<li data-start=\"1329\" data-end=\"1388\">\n<p data-start=\"1331\" data-end=\"1388\"><strong data-start=\"1331\" data-end=\"1344\">Materia\u0142:<\/strong> 10 mm acetat (Black) z podw\u00f3jn\u0105 laminacj\u0105<\/p>\n<\/li>\n<li data-start=\"1389\" data-end=\"1429\">\n<p data-start=\"1391\" data-end=\"1429\"><strong data-start=\"1391\" data-end=\"1408\">Kolor oprawy:<\/strong> Black \/ Light Gold<\/p>\n<\/li>\n<li data-start=\"1430\" data-end=\"1504\">\n<p data-start=\"1432\" data-end=\"1504\"><strong data-start=\"1432\" data-end=\"1451\">Kolor soczewek:<\/strong> Superlight Purple CR39 (z pow\u0142ok\u0105 antyrefleksyjn\u0105)<\/p>\n<\/li>\n<li data-start=\"1505\" data-end=\"1706\">\n<p data-start=\"1507\" data-end=\"1520\"><strong data-start=\"1507\" data-end=\"1518\">Detale:<\/strong><\/p>\n<ul data-start=\"1523\" data-end=\"1706\">\n<li data-start=\"1523\" data-end=\"1589\">\n<p data-start=\"1525\" data-end=\"1589\">Z\u0142ote nity w kszta\u0142cie strza\u0142y (Signature Arrowhead Front Pin)<\/p>\n<\/li>\n<li data-start=\"1592\" data-end=\"1630\">\n<p data-start=\"1594\" data-end=\"1630\">Ods\u0142oni\u0119ty z\u0142oty rdze\u0144 \u201eBlow-dart\u201d<\/p>\n<\/li>\n<li data-start=\"1633\" data-end=\"1685\">\n<p data-start=\"1635\" data-end=\"1685\">Z\u0142oty monoblokowy zawias z napi\u0119ciem spr\u0119\u017cynowym<\/p>\n<\/li>\n<li data-start=\"1688\" data-end=\"1706\">\n<p data-start=\"1690\" data-end=\"1706\">Tytanowe noski<\/p>\n<\/li>\n<\/ul>\n<\/li>\n<li data-start=\"1707\" data-end=\"1771\">\n<p data-start=\"1709\" data-end=\"1771\"><strong data-start=\"1709\" data-end=\"1720\">Zestaw:<\/strong> Luksusowe etui, \u015bciereczka, certyfikat limitacji<\/p>\n<\/li>\n<\/ul>\n","protected":false},"featured_media":3469,"template":"","meta":{"_acf_changed":false},"product_brand":[82],"product_cat":[51],"product_tag":[348],"model":[382],"class_list":{"0":"post-3464","1":"product","2":"type-product","3":"status-publish","4":"has-post-thumbnail","6":"product_brand-jacques-marie-mage","7":"product_cat-okulary-korekcyjne","8":"product_tag-jmmholrx-1k","9":"model-holden","11":"first","12":"instock","13":"sale","14":"taxable","15":"shipping-taxable","16":"purchasable","17":"product-type-simple"},"acf":[],"aioseo_notices":[],"_links":{"self":[{"href":"https:\/\/markoweokulary.pl\/pl\/wp-json\/wp\/v2\/product\/3464","targetHints":{"allow":["GET"]}}],"collection":[{"href":"https:\/\/markoweokulary.pl\/pl\/wp-json\/wp\/v2\/product"}],"about":[{"href":"https:\/\/markoweokulary.pl\/pl\/wp-json\/wp\/v2\/types\/product"}],"version-history":[{"count":1,"href":"https:\/\/markoweokulary.pl\/pl\/wp-json\/wp\/v2\/product\/3464\/revisions"}],"predecessor-version":[{"id":4013,"href":"https:\/\/markoweokulary.pl\/pl\/wp-json\/wp\/v2\/product\/3464\/revisions\/4013"}],"wp:featuredmedia":[{"embeddable":true,"href":"https:\/\/markoweokulary.pl\/pl\/wp-json\/wp\/v2\/media\/3469"}],"wp:attachment":[{"href":"https:\/\/markoweokulary.pl\/pl\/wp-json\/wp\/v2\/media?parent=3464"}],"wp:term":[{"taxonomy":"product_brand","embeddable":true,"href":"https:\/\/markoweokulary.pl\/pl\/wp-json\/wp\/v2\/product_brand?post=3464"},{"taxonomy":"product_cat","embeddable":true,"href":"https:\/\/markoweokulary.pl\/pl\/wp-json\/wp\/v2\/product_cat?post=3464"},{"taxonomy":"product_tag","embeddable":true,"href":"https:\/\/markoweokulary.pl\/pl\/wp-json\/wp\/v2\/product_tag?post=3464"},{"taxonomy":"model","embeddable":true,"href":"https:\/\/markoweokulary.pl\/pl\/wp-json\/wp\/v2\/model?post=3464"}],"curies":[{"name":"wp","href":"https:\/\/api.w.org\/{rel}","templated":true}]}}