{"id":3088,"date":"2025-10-15T16:10:57","date_gmt":"2025-10-15T14:10:57","guid":{"rendered":"https:\/\/www.diukoptyk.pl\/?post_type=product&#038;p=3088"},"modified":"2026-03-16T09:14:02","modified_gmt":"2026-03-16T08:14:02","slug":"lapima-laura-black","status":"publish","type":"product","link":"https:\/\/markoweokulary.pl\/pl\/produkt\/lapima-laura-black\/","title":{"rendered":"LAPIMA LAURA | BLACK"},"content":{"rendered":"<p><strong data-start=\"1196\" data-end=\"1209\">Dla kogo:<\/strong><br data-start=\"1209\" data-end=\"1212\" \/>Dla <strong data-start=\"1216\" data-end=\"1275\">kobiet ceni\u0105cych luksus i lekko\u015b\u0107 w nowoczesnym wydaniu<\/strong>.<br data-start=\"1276\" data-end=\"1279\" \/>Model <strong data-start=\"1285\" data-end=\"1301\">Lapima Laura<\/strong> to po\u0142\u0105czenie <strong data-start=\"1316\" data-end=\"1359\">subtelnej si\u0142y i zmys\u0142owej delikatno\u015bci<\/strong> \u2014 idealny wyb\u00f3r dla kobiet, kt\u00f3re lubi\u0105 wyra\u017ca\u0107 siebie poprzez eleganckie, ale zdecydowane formy.<\/p>\n","protected":false},"excerpt":{"rendered":"<h3 data-start=\"0\" data-end=\"24\"><strong data-start=\"4\" data-end=\"22\">Lapima \u2013 Laura<\/strong><\/h3>\n<p data-start=\"25\" data-end=\"88\"><strong data-start=\"25\" data-end=\"86\">Oversized elegance. Feminine power. Effortless lightness.<\/strong><\/p>\n<p data-start=\"90\" data-end=\"411\">Model <strong data-start=\"96\" data-end=\"105\">Laura<\/strong> to kwintesencja kobiecej elegancji \u2014 <strong data-start=\"143\" data-end=\"169\">du\u017ca, kwadratowa forma<\/strong> o smuk\u0142ej konstrukcji, kt\u00f3ra zachowuje r\u00f3wnowag\u0119 mi\u0119dzy si\u0142\u0105 a delikatno\u015bci\u0105. Inspirowana modelem <strong data-start=\"268\" data-end=\"277\">Paula<\/strong>, wyr\u00f3\u017cnia si\u0119 lekko\u015bci\u0105, cienkimi zausznikami i precyzyjnym wyko\u0144czeniem, kt\u00f3re nadaj\u0105 jej <strong data-start=\"369\" data-end=\"408\">wyrafinowany, wsp\u00f3\u0142czesny charakter<\/strong>.<\/p>\n<p data-start=\"413\" data-end=\"654\">Dzi\u0119ki <strong data-start=\"420\" data-end=\"467\">p\u0142askim soczewkom z pow\u0142ok\u0105 antyrefleksyjn\u0105<\/strong> model Laura zapewnia maksymalny komfort widzenia, redukuj\u0105c odbicia i zm\u0119czenie oczu. Wykonana z <strong data-start=\"565\" data-end=\"599\">w\u0142oskiego acetatu Mazzucchelli<\/strong>, oprawa emanuje luksusem, lekko\u015bci\u0105 i subteln\u0105 si\u0142\u0105.<\/p>\n<hr data-start=\"656\" data-end=\"659\" \/>\n<p data-start=\"661\" data-end=\"686\"><strong data-start=\"661\" data-end=\"684\">Detale i wykonanie:<\/strong><\/p>\n<ul data-start=\"687\" data-end=\"1031\">\n<li data-start=\"687\" data-end=\"737\">\n<p data-start=\"689\" data-end=\"737\"><strong data-start=\"689\" data-end=\"700\">Rodzaj:<\/strong> okulary korekcyjne \/ fashion frame<\/p>\n<\/li>\n<li data-start=\"738\" data-end=\"796\">\n<p data-start=\"740\" data-end=\"796\"><strong data-start=\"740\" data-end=\"752\">Kszta\u0142t:<\/strong> kwadratowy, oversize z cienk\u0105 konstrukcj\u0105<\/p>\n<\/li>\n<li data-start=\"797\" data-end=\"841\">\n<p data-start=\"799\" data-end=\"841\"><strong data-start=\"799\" data-end=\"808\">Styl:<\/strong> kobiecy, nowoczesny, elegancki<\/p>\n<\/li>\n<li data-start=\"842\" data-end=\"886\">\n<p data-start=\"844\" data-end=\"886\"><strong data-start=\"844\" data-end=\"857\">Materia\u0142:<\/strong> w\u0142oski acetat Mazzucchelli<\/p>\n<\/li>\n<li data-start=\"887\" data-end=\"940\">\n<p data-start=\"889\" data-end=\"940\"><strong data-start=\"889\" data-end=\"902\">Soczewki:<\/strong> bezbarwne z pow\u0142ok\u0105 antyrefleksyjn\u0105<\/p>\n<\/li>\n<li data-start=\"941\" data-end=\"998\">\n<p data-start=\"943\" data-end=\"998\"><strong data-start=\"943\" data-end=\"959\">Wyko\u0144czenie:<\/strong> r\u0119czne polerowanie o wysokim po\u0142ysku<\/p>\n<\/li>\n<li data-start=\"999\" data-end=\"1031\">\n<p data-start=\"1001\" data-end=\"1031\"><strong data-start=\"1001\" data-end=\"1020\">Kraj produkcji:<\/strong> Brazylia<\/p>\n<\/li>\n<\/ul>\n<hr data-start=\"1033\" data-end=\"1036\" \/>\n<p data-start=\"1038\" data-end=\"1052\"><strong data-start=\"1038\" data-end=\"1050\">Wymiary:<\/strong><\/p>\n<ul data-start=\"1053\" data-end=\"1189\">\n<li data-start=\"1053\" data-end=\"1082\">\n<p data-start=\"1055\" data-end=\"1082\">Szeroko\u015b\u0107 soczewki: 53 mm<\/p>\n<\/li>\n<li data-start=\"1083\" data-end=\"1100\">\n<p data-start=\"1085\" data-end=\"1100\">Mostek: 19 mm<\/p>\n<\/li>\n<li data-start=\"1101\" data-end=\"1130\">\n<p data-start=\"1103\" data-end=\"1130\">D\u0142ugo\u015b\u0107 zausznika: 145 mm<\/p>\n<\/li>\n<li data-start=\"1131\" data-end=\"1162\">\n<p data-start=\"1133\" data-end=\"1162\">Ca\u0142kowita szeroko\u015b\u0107: 151 mm<\/p>\n<\/li>\n<li data-start=\"1163\" data-end=\"1189\">\n<p data-start=\"1165\" data-end=\"1189\">Wysoko\u015b\u0107 frontu: 65 mm<\/p>\n<\/li>\n<\/ul>\n","protected":false},"featured_media":3089,"template":"","meta":{"_acf_changed":false},"product_brand":[344],"product_cat":[30,747],"product_tag":[],"model":[],"class_list":{"0":"post-3088","1":"product","2":"type-product","3":"status-publish","4":"has-post-thumbnail","6":"product_brand-lapima","7":"product_cat-okulary-przeciwsloneczne","8":"product_cat-outlet","10":"first","11":"instock","12":"sale","13":"taxable","14":"shipping-taxable","15":"purchasable","16":"product-type-simple"},"acf":[],"aioseo_notices":[],"_links":{"self":[{"href":"https:\/\/markoweokulary.pl\/pl\/wp-json\/wp\/v2\/product\/3088","targetHints":{"allow":["GET"]}}],"collection":[{"href":"https:\/\/markoweokulary.pl\/pl\/wp-json\/wp\/v2\/product"}],"about":[{"href":"https:\/\/markoweokulary.pl\/pl\/wp-json\/wp\/v2\/types\/product"}],"version-history":[{"count":1,"href":"https:\/\/markoweokulary.pl\/pl\/wp-json\/wp\/v2\/product\/3088\/revisions"}],"predecessor-version":[{"id":5971,"href":"https:\/\/markoweokulary.pl\/pl\/wp-json\/wp\/v2\/product\/3088\/revisions\/5971"}],"wp:featuredmedia":[{"embeddable":true,"href":"https:\/\/markoweokulary.pl\/pl\/wp-json\/wp\/v2\/media\/3089"}],"wp:attachment":[{"href":"https:\/\/markoweokulary.pl\/pl\/wp-json\/wp\/v2\/media?parent=3088"}],"wp:term":[{"taxonomy":"product_brand","embeddable":true,"href":"https:\/\/markoweokulary.pl\/pl\/wp-json\/wp\/v2\/product_brand?post=3088"},{"taxonomy":"product_cat","embeddable":true,"href":"https:\/\/markoweokulary.pl\/pl\/wp-json\/wp\/v2\/product_cat?post=3088"},{"taxonomy":"product_tag","embeddable":true,"href":"https:\/\/markoweokulary.pl\/pl\/wp-json\/wp\/v2\/product_tag?post=3088"},{"taxonomy":"model","embeddable":true,"href":"https:\/\/markoweokulary.pl\/pl\/wp-json\/wp\/v2\/model?post=3088"}],"curies":[{"name":"wp","href":"https:\/\/api.w.org\/{rel}","templated":true}]}}