{"id":3076,"date":"2025-10-15T12:41:22","date_gmt":"2025-10-15T10:41:22","guid":{"rendered":"https:\/\/www.diukoptyk.pl\/?post_type=product&#038;p=3076"},"modified":"2026-03-16T09:14:02","modified_gmt":"2026-03-16T08:14:02","slug":"lapima-carlota-brown","status":"publish","type":"product","link":"https:\/\/markoweokulary.pl\/pl\/produkt\/lapima-carlota-brown\/","title":{"rendered":"LAPIMA CARLOTA | BROWN"},"content":{"rendered":"<p><strong data-start=\"1175\" data-end=\"1188\">Dla kogo:<\/strong><br data-start=\"1188\" data-end=\"1191\" \/>Dla kobiet, kt\u00f3re kochaj\u0105 <strong data-start=\"1217\" data-end=\"1255\">klasyk\u0119 z nut\u0105 artystycznego retro<\/strong>.<br data-start=\"1256\" data-end=\"1259\" \/>Model <strong data-start=\"1265\" data-end=\"1283\">Lapima Carlota<\/strong> to esencja brazylijskiego ducha \u2013 elegancki, rze\u017abiarski i ponadczasowy. Doskona\u0142y dla tych, kt\u00f3re chc\u0105 podkre\u015bli\u0107 swoj\u0105 osobowo\u015b\u0107 z lekko\u015bci\u0105 i finezj\u0105.<\/p>\n","protected":false},"excerpt":{"rendered":"<h3 data-start=\"0\" data-end=\"26\"><strong data-start=\"4\" data-end=\"24\">Lapima \u2013 Carlota<\/strong><\/h3>\n<p data-start=\"27\" data-end=\"70\"><strong data-start=\"27\" data-end=\"68\">Timeless elegance with a \u201860s allure.<\/strong><\/p>\n<p data-start=\"72\" data-end=\"341\">Model <strong data-start=\"78\" data-end=\"89\">Carlota<\/strong> to prawdziwa ikona marki <strong data-start=\"115\" data-end=\"125\">Lapima<\/strong> \u2013 pierwszy projekt, od kt\u00f3rego wszystko si\u0119 zacz\u0119\u0142o. Jej subtelny <strong data-start=\"192\" data-end=\"203\">cat-eye<\/strong> \u0142\u0105czy kobiec\u0105 lekko\u015b\u0107 z zaokr\u0105glonym kszta\u0142tem inspirowanym <strong data-start=\"264\" data-end=\"278\">latami 60.<\/strong>, tworz\u0105c perfekcyjn\u0105 harmoni\u0119 mi\u0119dzy retro a nowoczesno\u015bci\u0105.<\/p>\n<p data-start=\"343\" data-end=\"684\">R\u0119cznie wykonana z <strong data-start=\"362\" data-end=\"396\">w\u0142oskiego acetatu Mazzucchelli<\/strong>, oprawa zachwyca rze\u017abiarsk\u0105 form\u0105 i mi\u0119kkimi liniami, kt\u00f3re delikatnie otulaj\u0105 twarz. Soczewki z <strong data-start=\"495\" data-end=\"515\">pe\u0142n\u0105 ochron\u0105 UV<\/strong> gwarantuj\u0105 nie tylko komfort widzenia, ale i bezpiecze\u0144stwo w ka\u017cdej sytuacji. Model <strong data-start=\"601\" data-end=\"612\">Carlota<\/strong> to manifest stylu, elegancji i ponadczasowego brazylijskiego designu.<\/p>\n<hr data-start=\"686\" data-end=\"689\" \/>\n<p data-start=\"691\" data-end=\"716\"><strong data-start=\"691\" data-end=\"714\">Detale i wykonanie:<\/strong><\/p>\n<ul data-start=\"717\" data-end=\"1010\">\n<li data-start=\"717\" data-end=\"757\">\n<p data-start=\"719\" data-end=\"757\"><strong data-start=\"719\" data-end=\"730\">Rodzaj:<\/strong> okulary przeciws\u0142oneczne<\/p>\n<\/li>\n<li data-start=\"758\" data-end=\"803\">\n<p data-start=\"760\" data-end=\"803\"><strong data-start=\"760\" data-end=\"772\">Kszta\u0142t:<\/strong> okr\u0105g\u0142y z delikatnym cat-eye<\/p>\n<\/li>\n<li data-start=\"804\" data-end=\"840\">\n<p data-start=\"806\" data-end=\"840\"><strong data-start=\"806\" data-end=\"815\">Styl:<\/strong> inspirowany latami 60.<\/p>\n<\/li>\n<li data-start=\"841\" data-end=\"885\">\n<p data-start=\"843\" data-end=\"885\"><strong data-start=\"843\" data-end=\"856\">Materia\u0142:<\/strong> w\u0142oski acetat Mazzucchelli<\/p>\n<\/li>\n<li data-start=\"886\" data-end=\"919\">\n<p data-start=\"888\" data-end=\"919\"><strong data-start=\"888\" data-end=\"901\">Soczewki:<\/strong> 100% ochrona UV<\/p>\n<\/li>\n<li data-start=\"920\" data-end=\"977\">\n<p data-start=\"922\" data-end=\"977\"><strong data-start=\"922\" data-end=\"938\">Wyko\u0144czenie:<\/strong> r\u0119czne polerowanie o wysokim po\u0142ysku<\/p>\n<\/li>\n<li data-start=\"978\" data-end=\"1010\">\n<p data-start=\"980\" data-end=\"1010\"><strong data-start=\"980\" data-end=\"999\">Kraj produkcji:<\/strong> Brazylia<\/p>\n<\/li>\n<\/ul>\n<hr data-start=\"1012\" data-end=\"1015\" \/>\n<p data-start=\"1017\" data-end=\"1031\"><strong data-start=\"1017\" data-end=\"1029\">Wymiary:<\/strong><\/p>\n<ul data-start=\"1032\" data-end=\"1168\">\n<li data-start=\"1032\" data-end=\"1061\">\n<p data-start=\"1034\" data-end=\"1061\">Szeroko\u015b\u0107 soczewki: 52 mm<\/p>\n<\/li>\n<li data-start=\"1062\" data-end=\"1079\">\n<p data-start=\"1064\" data-end=\"1079\">Mostek: 22 mm<\/p>\n<\/li>\n<li data-start=\"1080\" data-end=\"1109\">\n<p data-start=\"1082\" data-end=\"1109\">D\u0142ugo\u015b\u0107 zausznika: 145 mm<\/p>\n<\/li>\n<li data-start=\"1110\" data-end=\"1141\">\n<p data-start=\"1112\" data-end=\"1141\">Ca\u0142kowita szeroko\u015b\u0107: 147 mm<\/p>\n<\/li>\n<li data-start=\"1142\" data-end=\"1168\">\n<p data-start=\"1144\" data-end=\"1168\">Wysoko\u015b\u0107 frontu: 61 mm<\/p>\n<\/li>\n<\/ul>\n","protected":false},"featured_media":3077,"template":"","meta":{"_acf_changed":false},"product_brand":[344],"product_cat":[30,747],"product_tag":[],"model":[],"class_list":{"0":"post-3076","1":"product","2":"type-product","3":"status-publish","4":"has-post-thumbnail","6":"product_brand-lapima","7":"product_cat-okulary-przeciwsloneczne","8":"product_cat-outlet","10":"first","11":"instock","12":"sale","13":"taxable","14":"shipping-taxable","15":"purchasable","16":"product-type-simple"},"acf":[],"aioseo_notices":[],"_links":{"self":[{"href":"https:\/\/markoweokulary.pl\/pl\/wp-json\/wp\/v2\/product\/3076","targetHints":{"allow":["GET"]}}],"collection":[{"href":"https:\/\/markoweokulary.pl\/pl\/wp-json\/wp\/v2\/product"}],"about":[{"href":"https:\/\/markoweokulary.pl\/pl\/wp-json\/wp\/v2\/types\/product"}],"version-history":[{"count":2,"href":"https:\/\/markoweokulary.pl\/pl\/wp-json\/wp\/v2\/product\/3076\/revisions"}],"predecessor-version":[{"id":5967,"href":"https:\/\/markoweokulary.pl\/pl\/wp-json\/wp\/v2\/product\/3076\/revisions\/5967"}],"wp:featuredmedia":[{"embeddable":true,"href":"https:\/\/markoweokulary.pl\/pl\/wp-json\/wp\/v2\/media\/3077"}],"wp:attachment":[{"href":"https:\/\/markoweokulary.pl\/pl\/wp-json\/wp\/v2\/media?parent=3076"}],"wp:term":[{"taxonomy":"product_brand","embeddable":true,"href":"https:\/\/markoweokulary.pl\/pl\/wp-json\/wp\/v2\/product_brand?post=3076"},{"taxonomy":"product_cat","embeddable":true,"href":"https:\/\/markoweokulary.pl\/pl\/wp-json\/wp\/v2\/product_cat?post=3076"},{"taxonomy":"product_tag","embeddable":true,"href":"https:\/\/markoweokulary.pl\/pl\/wp-json\/wp\/v2\/product_tag?post=3076"},{"taxonomy":"model","embeddable":true,"href":"https:\/\/markoweokulary.pl\/pl\/wp-json\/wp\/v2\/model?post=3076"}],"curies":[{"name":"wp","href":"https:\/\/api.w.org\/{rel}","templated":true}]}}