{"id":2930,"date":"2025-10-14T14:52:23","date_gmt":"2025-10-14T12:52:23","guid":{"rendered":"https:\/\/www.diukoptyk.pl\/?post_type=product&#038;p=2930"},"modified":"2026-03-05T18:50:21","modified_gmt":"2026-03-05T17:50:21","slug":"jacques-marie-mage-diana-gold","status":"publish","type":"product","link":"https:\/\/markoweokulary.pl\/pl\/produkt\/jacques-marie-mage-diana-gold\/","title":{"rendered":"Jacques Marie Mage DIANA | GOLD"},"content":{"rendered":"<p><strong data-start=\"1663\" data-end=\"1676\">Dla kogo:<\/strong><br data-start=\"1676\" data-end=\"1679\" \/>Dla os\u00f3b ceni\u0105cych <strong data-start=\"1698\" data-end=\"1765\">subteln\u0105 elegancj\u0119, vintage\u2019owy charakter i artystyczn\u0105 finezj\u0119<\/strong>.<br data-start=\"1766\" data-end=\"1769\" \/>Jacques Marie Mage <strong data-start=\"1788\" data-end=\"1802\">Diana Gold<\/strong> to lekkie, pe\u0142ne wdzi\u0119ku okulary, kt\u00f3re przywo\u0142uj\u0105 ducha Swinging Sixties \u2013 epoki odwagi, stylu i wolno\u015bci. Idealne dla tych, kt\u00f3rzy wierz\u0105, \u017ce <strong data-start=\"1947\" data-end=\"2010\">prostota potrafi by\u0107 najbardziej wyrafinowan\u0105 form\u0105 luksusu<\/strong>.<\/p>\n","protected":false},"excerpt":{"rendered":"<h3 data-start=\"0\" data-end=\"43\"><strong data-start=\"4\" data-end=\"41\">Jacques Marie Mage \u2013 DIANA | GOLD<\/strong><\/h3>\n<p data-start=\"44\" data-end=\"96\"><strong data-start=\"44\" data-end=\"94\">Limitowana edycja inspirowana Swinging Sixties<\/strong><\/p>\n<p data-start=\"98\" data-end=\"446\">Model <strong data-start=\"104\" data-end=\"128\">Diana w kolorze Gold<\/strong> to ho\u0142d dla zmys\u0142owej elegancji i artystycznego ducha lat 60., epoki, w kt\u00f3rej moda i muzyka przenika\u0142y si\u0119 w kalejdoskopie emocji i stylu. Inspirowane okularami noszonymi przez <strong data-start=\"307\" data-end=\"321\">Dian\u0119 Ross<\/strong>, te delikatne, tytanowe oprawki o subtelnym, okr\u0105g\u0142ym kszta\u0142cie \u0142\u0105cz\u0105 <strong data-start=\"392\" data-end=\"403\">lekko\u015b\u0107<\/strong>, <strong data-start=\"405\" data-end=\"418\">charakter<\/strong> i <strong data-start=\"421\" data-end=\"443\">ponadczasowy blask<\/strong>.<\/p>\n<p data-start=\"448\" data-end=\"745\">R\u0119cznie wykonane z <strong data-start=\"467\" data-end=\"494\">japo\u0144skiego beta-tytanu<\/strong>, <strong data-start=\"496\" data-end=\"510\">Diana Gold<\/strong> zachwyca precyzj\u0105 detali i doskona\u0142\u0105 r\u00f3wnowag\u0105 formy. Cienka konstrukcja i dopracowane proporcje sprawiaj\u0105, \u017ce to model idealny dla <strong data-start=\"643\" data-end=\"677\">smuklejszych i \u015brednich twarzy<\/strong>, zapewniaj\u0105cy jednocze\u015bnie komfort i elegancj\u0119 w czystej postaci.<\/p>\n<p data-start=\"747\" data-end=\"1039\">Soczewki o <strong data-start=\"758\" data-end=\"779\">2-base krzywi\u017anie<\/strong> pokryte s\u0105 pow\u0142ok\u0105 antyrefleksyjn\u0105 od wewn\u0105trz, co gwarantuje krystaliczn\u0105 jako\u015b\u0107 widzenia i pe\u0142n\u0105 ochron\u0119 UV. To projekt, kt\u00f3ry subtelnie \u0142\u0105czy <strong data-start=\"925\" data-end=\"972\">estetyk\u0119 vintage z nowoczesnym minimalizmem<\/strong> \u2013 kwintesencja paryskiego szyku z nut\u0105 hollywoodzkiego glamouru.<\/p>\n<hr data-start=\"1041\" data-end=\"1044\" \/>\n<p data-start=\"1046\" data-end=\"1071\"><strong data-start=\"1046\" data-end=\"1069\">Detale i wykonanie:<\/strong><\/p>\n<ul data-start=\"1072\" data-end=\"1525\">\n<li data-start=\"1072\" data-end=\"1132\">\n<p data-start=\"1074\" data-end=\"1132\"><strong data-start=\"1074\" data-end=\"1085\">Rodzaj:<\/strong> okulary przeciws\u0142oneczne lub optyczne unisex<\/p>\n<\/li>\n<li data-start=\"1133\" data-end=\"1165\">\n<p data-start=\"1135\" data-end=\"1165\"><strong data-start=\"1135\" data-end=\"1147\">Kszta\u0142t:<\/strong> okr\u0105g\u0142y (round)<\/p>\n<\/li>\n<li data-start=\"1166\" data-end=\"1207\">\n<p data-start=\"1168\" data-end=\"1207\"><strong data-start=\"1168\" data-end=\"1178\">Kolor:<\/strong> Gold \u2013 ciep\u0142y odcie\u0144 z\u0142ota<\/p>\n<\/li>\n<li data-start=\"1208\" data-end=\"1244\">\n<p data-start=\"1210\" data-end=\"1244\"><strong data-start=\"1210\" data-end=\"1223\">Materia\u0142:<\/strong> 100% beta titanium<\/p>\n<\/li>\n<li data-start=\"1245\" data-end=\"1392\">\n<p data-start=\"1247\" data-end=\"1265\"><strong data-start=\"1247\" data-end=\"1263\">Wyko\u0144czenie:<\/strong><\/p>\n<ul data-start=\"1268\" data-end=\"1392\">\n<li data-start=\"1268\" data-end=\"1321\">\n<p data-start=\"1270\" data-end=\"1321\">Lekkie, precyzyjnie grawerowane elementy tytanowe<\/p>\n<\/li>\n<li data-start=\"1324\" data-end=\"1357\">\n<p data-start=\"1326\" data-end=\"1357\">Subtelny mostek w stylu retro<\/p>\n<\/li>\n<li data-start=\"1360\" data-end=\"1392\">\n<p data-start=\"1362\" data-end=\"1392\">Smuk\u0142e, dopasowane zauszniki<\/p>\n<\/li>\n<\/ul>\n<\/li>\n<li data-start=\"1393\" data-end=\"1460\">\n<p data-start=\"1395\" data-end=\"1460\"><strong data-start=\"1395\" data-end=\"1408\">Soczewki:<\/strong> 2-base CR39 z pow\u0142ok\u0105 antyrefleksyjn\u0105 od wewn\u0105trz<\/p>\n<\/li>\n<li data-start=\"1461\" data-end=\"1485\">\n<p data-start=\"1463\" data-end=\"1485\"><strong data-start=\"1463\" data-end=\"1475\">Ochrona:<\/strong> 100% UV<\/p>\n<\/li>\n<li data-start=\"1486\" data-end=\"1525\">\n<p data-start=\"1488\" data-end=\"1525\"><strong data-start=\"1488\" data-end=\"1502\">Rzemios\u0142o:<\/strong> Handcrafted in Japan<\/p>\n<\/li>\n<\/ul>\n","protected":false},"featured_media":2937,"template":"","meta":{"_acf_changed":false},"product_brand":[82],"product_cat":[51,30],"product_tag":[],"model":[],"class_list":{"0":"post-2930","1":"product","2":"type-product","3":"status-publish","4":"has-post-thumbnail","6":"product_brand-jacques-marie-mage","7":"product_cat-okulary-korekcyjne","8":"product_cat-okulary-przeciwsloneczne","10":"first","11":"instock","12":"sale","13":"taxable","14":"shipping-taxable","15":"purchasable","16":"product-type-simple"},"acf":[],"aioseo_notices":[],"_links":{"self":[{"href":"https:\/\/markoweokulary.pl\/pl\/wp-json\/wp\/v2\/product\/2930","targetHints":{"allow":["GET"]}}],"collection":[{"href":"https:\/\/markoweokulary.pl\/pl\/wp-json\/wp\/v2\/product"}],"about":[{"href":"https:\/\/markoweokulary.pl\/pl\/wp-json\/wp\/v2\/types\/product"}],"version-history":[{"count":2,"href":"https:\/\/markoweokulary.pl\/pl\/wp-json\/wp\/v2\/product\/2930\/revisions"}],"predecessor-version":[{"id":4293,"href":"https:\/\/markoweokulary.pl\/pl\/wp-json\/wp\/v2\/product\/2930\/revisions\/4293"}],"wp:featuredmedia":[{"embeddable":true,"href":"https:\/\/markoweokulary.pl\/pl\/wp-json\/wp\/v2\/media\/2937"}],"wp:attachment":[{"href":"https:\/\/markoweokulary.pl\/pl\/wp-json\/wp\/v2\/media?parent=2930"}],"wp:term":[{"taxonomy":"product_brand","embeddable":true,"href":"https:\/\/markoweokulary.pl\/pl\/wp-json\/wp\/v2\/product_brand?post=2930"},{"taxonomy":"product_cat","embeddable":true,"href":"https:\/\/markoweokulary.pl\/pl\/wp-json\/wp\/v2\/product_cat?post=2930"},{"taxonomy":"product_tag","embeddable":true,"href":"https:\/\/markoweokulary.pl\/pl\/wp-json\/wp\/v2\/product_tag?post=2930"},{"taxonomy":"model","embeddable":true,"href":"https:\/\/markoweokulary.pl\/pl\/wp-json\/wp\/v2\/model?post=2930"}],"curies":[{"name":"wp","href":"https:\/\/api.w.org\/{rel}","templated":true}]}}