{"id":2914,"date":"2025-10-14T14:40:25","date_gmt":"2025-10-14T12:40:25","guid":{"rendered":"https:\/\/www.diukoptyk.pl\/?post_type=product&#038;p=2914"},"modified":"2026-03-09T13:58:24","modified_gmt":"2026-03-09T12:58:24","slug":"jacques-marie-mage-dealan-53-prime","status":"publish","type":"product","link":"https:\/\/markoweokulary.pl\/pl\/produkt\/jacques-marie-mage-dealan-53-prime\/","title":{"rendered":"Jacques Marie Mage DEALAN 53 | PRIME"},"content":{"rendered":"<p data-start=\"896\" data-end=\"920\"><strong data-start=\"1938\" data-end=\"1951\">Dla kogo:<\/strong><br data-start=\"1951\" data-end=\"1954\" \/>Dla os\u00f3b o <strong data-start=\"1965\" data-end=\"2006\">niezale\u017cnym stylu i silnej to\u017csamo\u015bci<\/strong>, kt\u00f3re w okularach szukaj\u0105 czego\u015b wi\u0119cej ni\u017c designu \u2014 <strong data-start=\"2062\" data-end=\"2091\">manifestu indywidualno\u015bci<\/strong>.<br data-start=\"2092\" data-end=\"2095\" \/>Jacques Marie Mage <strong data-start=\"2114\" data-end=\"2133\">Dealan 53 Prime<\/strong> to luksusowe okulary z dusz\u0105 artysty i pewno\u015bci\u0105 lidera \u2014 stworzone dla tych, kt\u00f3rzy zawsze zostaj\u0105 zapami\u0119tani.<\/p>\n","protected":false},"excerpt":{"rendered":"<h3 data-start=\"0\" data-end=\"48\"><strong data-start=\"4\" data-end=\"46\">Jacques Marie Mage \u2013 DEALAN 53 | PRIME<\/strong><\/h3>\n<p data-start=\"49\" data-end=\"90\"><strong data-start=\"49\" data-end=\"88\">Limitowana edycja \u2013 250 egzemplarzy<\/strong><\/p>\n<p data-start=\"92\" data-end=\"424\">Model <strong data-start=\"98\" data-end=\"127\">Dealan 53 w kolorze Prime<\/strong> to odwa\u017cna reinterpretacja klasyki lat 60. \u2013 ikony stylu, kt\u00f3ra \u0142\u0105czy buntowniczego ducha rock\u2019n\u2019rolla z ponadczasow\u0105 elegancj\u0105. Wi\u0119kszy rozmiar, mocna linia i charakterystyczne detale czyni\u0105 z tego modelu esencj\u0119 <strong data-start=\"342\" data-end=\"374\">artystycznej pewno\u015bci siebie<\/strong> i <strong data-start=\"377\" data-end=\"402\">luksusowego rzemios\u0142a<\/strong> Jacques Marie Mage.<\/p>\n<p data-start=\"426\" data-end=\"862\">R\u0119cznie wykonane w Japonii z <strong data-start=\"455\" data-end=\"480\">10 mm szarego acetatu<\/strong>, okulary <strong data-start=\"490\" data-end=\"509\">Dealan 53 Prime<\/strong> urzekaj\u0105 rze\u017abiarsk\u0105 form\u0105 i dopracowanymi szczeg\u00f3\u0142ami. <strong data-start=\"566\" data-end=\"600\">Sterling silver arrowhead pins<\/strong>, eksponowany <strong data-start=\"614\" data-end=\"631\">drut wirecore<\/strong> z grawerem i <strong data-start=\"645\" data-end=\"674\">customowy 7-barrel zawias<\/strong> podkre\u015blaj\u0105 precyzj\u0119 wykonania i trwa\u0142o\u015b\u0107. <strong data-start=\"718\" data-end=\"749\">Soczewki Grey Gradient CR39<\/strong> zapewniaj\u0105 <strong data-start=\"761\" data-end=\"780\">100% ochrony UV<\/strong> oraz wyj\u0105tkow\u0105 klarowno\u015b\u0107 widzenia dzi\u0119ki pow\u0142oce antyrefleksyjnej od wewn\u0105trz.<\/p>\n<p data-start=\"864\" data-end=\"1019\">To oprawa stworzona z my\u015bl\u0105 o tych, kt\u00f3rzy nie pod\u0105\u017caj\u0105 za trendami \u2014 to oni <strong data-start=\"941\" data-end=\"962\">tworz\u0105 je na nowo<\/strong>, wnosz\u0105c do codzienno\u015bci odrobin\u0119 scenicznego \u015bwiat\u0142a.<\/p>\n<hr data-start=\"1021\" data-end=\"1024\" \/>\n<p data-start=\"1026\" data-end=\"1051\"><strong data-start=\"1026\" data-end=\"1049\">Detale i wykonanie:<\/strong><\/p>\n<ul data-start=\"1052\" data-end=\"1689\">\n<li data-start=\"1052\" data-end=\"1099\">\n<p data-start=\"1054\" data-end=\"1099\"><strong data-start=\"1054\" data-end=\"1065\">Rodzaj:<\/strong> okulary przeciws\u0142oneczne unisex<\/p>\n<\/li>\n<li data-start=\"1100\" data-end=\"1156\">\n<p data-start=\"1102\" data-end=\"1156\"><strong data-start=\"1102\" data-end=\"1114\">Kszta\u0142t:<\/strong> prostok\u0105tny, inspirowany stylem lat 60.<\/p>\n<\/li>\n<li data-start=\"1157\" data-end=\"1215\">\n<p data-start=\"1159\" data-end=\"1215\"><strong data-start=\"1159\" data-end=\"1169\">Kolor:<\/strong> Prime \u2013 subtelny szary z ch\u0142odnym po\u0142yskiem<\/p>\n<\/li>\n<li data-start=\"1216\" data-end=\"1263\">\n<p data-start=\"1218\" data-end=\"1263\"><strong data-start=\"1218\" data-end=\"1231\">Materia\u0142:<\/strong> 10 mm cured cellulose acetate<\/p>\n<\/li>\n<li data-start=\"1264\" data-end=\"1491\">\n<p data-start=\"1266\" data-end=\"1284\"><strong data-start=\"1266\" data-end=\"1282\">Wyko\u0144czenie:<\/strong><\/p>\n<ul data-start=\"1287\" data-end=\"1491\">\n<li data-start=\"1287\" data-end=\"1329\">\n<p data-start=\"1289\" data-end=\"1329\">Sterling Silver <em data-start=\"1305\" data-end=\"1327\">arrowhead front pins<\/em><\/p>\n<\/li>\n<li data-start=\"1332\" data-end=\"1369\">\n<p data-start=\"1334\" data-end=\"1369\">Eksponowany <em data-start=\"1346\" data-end=\"1356\">wirecore<\/em> z grawerem<\/p>\n<\/li>\n<li data-start=\"1372\" data-end=\"1422\">\n<p data-start=\"1374\" data-end=\"1422\">Custom <em data-start=\"1381\" data-end=\"1397\">7-barrel hinge<\/em> o precyzyjnym napi\u0119ciu<\/p>\n<\/li>\n<li data-start=\"1425\" data-end=\"1454\">\n<p data-start=\"1427\" data-end=\"1454\">Srebrne metalowe elementy<\/p>\n<\/li>\n<li data-start=\"1457\" data-end=\"1491\">\n<p data-start=\"1459\" data-end=\"1491\">3D cameo logo JMM na zauszniku<\/p>\n<\/li>\n<\/ul>\n<\/li>\n<li data-start=\"1492\" data-end=\"1575\">\n<p data-start=\"1494\" data-end=\"1575\"><strong data-start=\"1494\" data-end=\"1507\">Soczewki:<\/strong> Grey Gradient CR39 (6-base) z pow\u0142ok\u0105 antyrefleksyjn\u0105 od wewn\u0105trz<\/p>\n<\/li>\n<li data-start=\"1576\" data-end=\"1600\">\n<p data-start=\"1578\" data-end=\"1600\"><strong data-start=\"1578\" data-end=\"1590\">Ochrona:<\/strong> 100% UV<\/p>\n<\/li>\n<li data-start=\"1601\" data-end=\"1640\">\n<p data-start=\"1603\" data-end=\"1640\"><strong data-start=\"1603\" data-end=\"1617\">Rzemios\u0142o:<\/strong> Handcrafted in Japan<\/p>\n<\/li>\n<li data-start=\"1641\" data-end=\"1689\">\n<p data-start=\"1643\" data-end=\"1689\"><strong data-start=\"1643\" data-end=\"1657\">Limitacja:<\/strong> 250 egzemplarzy na ca\u0142y \u015bwiat<\/p>\n<\/li>\n<\/ul>\n","protected":false},"featured_media":2920,"template":"","meta":{"_acf_changed":false},"product_brand":[82],"product_cat":[30],"product_tag":[],"model":[375],"class_list":{"0":"post-2914","1":"product","2":"type-product","3":"status-publish","4":"has-post-thumbnail","6":"product_brand-jacques-marie-mage","7":"product_cat-okulary-przeciwsloneczne","8":"model-dealan-53","10":"first","11":"outofstock","12":"sale","13":"taxable","14":"shipping-taxable","15":"purchasable","16":"product-type-simple"},"acf":[],"aioseo_notices":[],"_links":{"self":[{"href":"https:\/\/markoweokulary.pl\/pl\/wp-json\/wp\/v2\/product\/2914","targetHints":{"allow":["GET"]}}],"collection":[{"href":"https:\/\/markoweokulary.pl\/pl\/wp-json\/wp\/v2\/product"}],"about":[{"href":"https:\/\/markoweokulary.pl\/pl\/wp-json\/wp\/v2\/types\/product"}],"version-history":[{"count":1,"href":"https:\/\/markoweokulary.pl\/pl\/wp-json\/wp\/v2\/product\/2914\/revisions"}],"predecessor-version":[{"id":4484,"href":"https:\/\/markoweokulary.pl\/pl\/wp-json\/wp\/v2\/product\/2914\/revisions\/4484"}],"wp:featuredmedia":[{"embeddable":true,"href":"https:\/\/markoweokulary.pl\/pl\/wp-json\/wp\/v2\/media\/2920"}],"wp:attachment":[{"href":"https:\/\/markoweokulary.pl\/pl\/wp-json\/wp\/v2\/media?parent=2914"}],"wp:term":[{"taxonomy":"product_brand","embeddable":true,"href":"https:\/\/markoweokulary.pl\/pl\/wp-json\/wp\/v2\/product_brand?post=2914"},{"taxonomy":"product_cat","embeddable":true,"href":"https:\/\/markoweokulary.pl\/pl\/wp-json\/wp\/v2\/product_cat?post=2914"},{"taxonomy":"product_tag","embeddable":true,"href":"https:\/\/markoweokulary.pl\/pl\/wp-json\/wp\/v2\/product_tag?post=2914"},{"taxonomy":"model","embeddable":true,"href":"https:\/\/markoweokulary.pl\/pl\/wp-json\/wp\/v2\/model?post=2914"}],"curies":[{"name":"wp","href":"https:\/\/api.w.org\/{rel}","templated":true}]}}