{"id":2907,"date":"2025-10-14T14:34:25","date_gmt":"2025-10-14T12:34:25","guid":{"rendered":"https:\/\/www.diukoptyk.pl\/?post_type=product&#038;p=2907"},"modified":"2026-04-16T14:14:23","modified_gmt":"2026-04-16T12:14:23","slug":"jacques-marie-mage-dealan-53-seine","status":"publish","type":"product","link":"https:\/\/markoweokulary.pl\/pl\/produkt\/jacques-marie-mage-dealan-53-seine\/","title":{"rendered":"Jacques Marie Mage DEALAN 53 | SEINE"},"content":{"rendered":"<p data-start=\"896\" data-end=\"920\"><strong data-start=\"2028\" data-end=\"2041\">Dla kogo:<\/strong><br data-start=\"2041\" data-end=\"2044\" \/>Dla tych, kt\u00f3rzy \u0142\u0105cz\u0105 <strong data-start=\"2067\" data-end=\"2103\">artystyczny instynkt z elegancj\u0105<\/strong>. Jacques Marie Mage <strong data-start=\"2124\" data-end=\"2143\">Dealan 53 Seine<\/strong> to okulary dla indywidualist\u00f3w \u2013 odwa\u017cnych, autentycznych i zawsze w centrum w\u0142asnej sceny.<\/p>\n","protected":false},"excerpt":{"rendered":"<h3 data-start=\"0\" data-end=\"48\"><strong data-start=\"4\" data-end=\"46\">Jacques Marie Mage \u2013 DEALAN 53 | SEINE<\/strong><\/h3>\n<p data-start=\"49\" data-end=\"90\"><strong data-start=\"49\" data-end=\"88\">Limitowana edycja \u2013 400 egzemplarzy<\/strong><\/p>\n<p data-start=\"92\" data-end=\"495\">Model <strong data-start=\"98\" data-end=\"127\">Dealan 53 w kolorze Seine<\/strong> to ho\u0142d dla buntowniczego ducha lat 60., kiedy rock\u2019n\u2019roll \u0142\u0105czy\u0142 elegancj\u0119 z ekspresj\u0105. To reinterpretacja kultowego modelu Jacques Marie Mage \u2013 wi\u0119ksza, bardziej wyrazista, z charakterem, kt\u00f3ry nie potrzebuje s\u0142\u00f3w. Ka\u017cdy detal tych okular\u00f3w jest \u015bwiadectwem kunsztu i pasji, z jak\u0105 powstaj\u0105 projekty JMM \u2013 \u0142\u0105cz\u0105c <strong data-start=\"443\" data-end=\"458\">mocn\u0105 lini\u0119<\/strong> z <strong data-start=\"461\" data-end=\"492\">subteln\u0105 precyzj\u0105 wykonania<\/strong>.<\/p>\n<p data-start=\"497\" data-end=\"920\">R\u0119cznie wykonane w Japonii z <strong data-start=\"526\" data-end=\"552\">10 mm czarnego acetatu<\/strong>, okulary <strong data-start=\"562\" data-end=\"581\">Dealan 53 Seine<\/strong> emanuj\u0105 pewno\u015bci\u0105 siebie i ponadczasowym stylem. <strong data-start=\"631\" data-end=\"666\">Srebrne nity w kszta\u0142cie strza\u0142<\/strong>, eksponowany <strong data-start=\"680\" data-end=\"697\">drut wirecore<\/strong> z grawerem oraz <strong data-start=\"714\" data-end=\"733\">7-barrel zawias<\/strong> gwarantuj\u0105 trwa\u0142o\u015b\u0107 i perfekcyjne wyko\u0144czenie. <strong data-start=\"781\" data-end=\"818\">Niebieskie soczewki Cerulean CR39<\/strong> z pow\u0142ok\u0105 antyrefleksyjn\u0105 zapewniaj\u0105 <strong data-start=\"856\" data-end=\"876\">pe\u0142n\u0105 ochron\u0119 UV<\/strong> oraz krystaliczn\u0105 przejrzysto\u015b\u0107 widzenia.<\/p>\n<p data-start=\"922\" data-end=\"1095\">To nie tylko okulary \u2013 to manifest artystycznej duszy, esencja klasy i rockowej elegancji, stworzona dla tych, kt\u00f3rzy potrafi\u0105 \u0142\u0105czy\u0107 <strong data-start=\"1056\" data-end=\"1092\">si\u0142\u0119 wyrazu z subtelno\u015bci\u0105 formy<\/strong>.<\/p>\n<hr data-start=\"1097\" data-end=\"1100\" \/>\n<p data-start=\"1102\" data-end=\"1127\"><strong data-start=\"1102\" data-end=\"1125\">Detale i wykonanie:<\/strong><\/p>\n<ul data-start=\"1128\" data-end=\"1767\">\n<li data-start=\"1128\" data-end=\"1175\">\n<p data-start=\"1130\" data-end=\"1175\"><strong data-start=\"1130\" data-end=\"1141\">Rodzaj:<\/strong> okulary przeciws\u0142oneczne unisex<\/p>\n<\/li>\n<li data-start=\"1176\" data-end=\"1234\">\n<p data-start=\"1178\" data-end=\"1234\"><strong data-start=\"1178\" data-end=\"1190\">Kszta\u0142t:<\/strong> prostok\u0105tny, inspirowany estetyk\u0105 lat 60.<\/p>\n<\/li>\n<li data-start=\"1235\" data-end=\"1296\">\n<p data-start=\"1237\" data-end=\"1296\"><strong data-start=\"1237\" data-end=\"1247\">Kolor:<\/strong> Seine \u2013 g\u0142\u0119boka czer\u0144 z niebieskimi soczewkami<\/p>\n<\/li>\n<li data-start=\"1297\" data-end=\"1344\">\n<p data-start=\"1299\" data-end=\"1344\"><strong data-start=\"1299\" data-end=\"1312\">Materia\u0142:<\/strong> 10 mm cured cellulose acetate<\/p>\n<\/li>\n<li data-start=\"1345\" data-end=\"1574\">\n<p data-start=\"1347\" data-end=\"1365\"><strong data-start=\"1347\" data-end=\"1363\">Wyko\u0144czenie:<\/strong><\/p>\n<ul data-start=\"1368\" data-end=\"1574\">\n<li data-start=\"1368\" data-end=\"1402\">\n<p data-start=\"1370\" data-end=\"1402\">Srebrne <em data-start=\"1378\" data-end=\"1400\">arrowhead front pins<\/em><\/p>\n<\/li>\n<li data-start=\"1405\" data-end=\"1442\">\n<p data-start=\"1407\" data-end=\"1442\">Eksponowany <em data-start=\"1419\" data-end=\"1429\">wirecore<\/em> z grawerem<\/p>\n<\/li>\n<li data-start=\"1445\" data-end=\"1496\">\n<p data-start=\"1447\" data-end=\"1496\">Custom <em data-start=\"1454\" data-end=\"1470\">7-barrel hinge<\/em> z precyzyjnym napi\u0119ciem<\/p>\n<\/li>\n<li data-start=\"1499\" data-end=\"1537\">\n<p data-start=\"1501\" data-end=\"1537\">Metalowe elementy w kolorze srebra<\/p>\n<\/li>\n<li data-start=\"1540\" data-end=\"1574\">\n<p data-start=\"1542\" data-end=\"1574\">3D cameo logo JMM na zauszniku<\/p>\n<\/li>\n<\/ul>\n<\/li>\n<li data-start=\"1575\" data-end=\"1653\">\n<p data-start=\"1577\" data-end=\"1653\"><strong data-start=\"1577\" data-end=\"1590\">Soczewki:<\/strong> Cerulean CR39 (6-base) z pow\u0142ok\u0105 antyrefleksyjn\u0105 od wewn\u0105trz<\/p>\n<\/li>\n<li data-start=\"1654\" data-end=\"1678\">\n<p data-start=\"1656\" data-end=\"1678\"><strong data-start=\"1656\" data-end=\"1668\">Ochrona:<\/strong> 100% UV<\/p>\n<\/li>\n<li data-start=\"1679\" data-end=\"1718\">\n<p data-start=\"1681\" data-end=\"1718\"><strong data-start=\"1681\" data-end=\"1695\">Rzemios\u0142o:<\/strong> Handcrafted in Japan<\/p>\n<\/li>\n<li data-start=\"1719\" data-end=\"1767\">\n<p data-start=\"1721\" data-end=\"1767\"><strong data-start=\"1721\" data-end=\"1735\">Limitacja:<\/strong> 400 egzemplarzy na ca\u0142y \u015bwiat<\/p>\n<\/li>\n<\/ul>\n","protected":false},"featured_media":2912,"template":"","meta":{"_acf_changed":false},"product_brand":[82],"product_cat":[30,747],"product_tag":[],"model":[375],"class_list":{"0":"post-2907","1":"product","2":"type-product","3":"status-publish","4":"has-post-thumbnail","6":"product_brand-jacques-marie-mage","7":"product_cat-okulary-przeciwsloneczne","8":"product_cat-outlet","9":"model-dealan-53","11":"first","12":"instock","13":"sale","14":"taxable","15":"shipping-taxable","16":"purchasable","17":"product-type-simple"},"acf":[],"aioseo_notices":[],"_links":{"self":[{"href":"https:\/\/markoweokulary.pl\/pl\/wp-json\/wp\/v2\/product\/2907","targetHints":{"allow":["GET"]}}],"collection":[{"href":"https:\/\/markoweokulary.pl\/pl\/wp-json\/wp\/v2\/product"}],"about":[{"href":"https:\/\/markoweokulary.pl\/pl\/wp-json\/wp\/v2\/types\/product"}],"version-history":[{"count":1,"href":"https:\/\/markoweokulary.pl\/pl\/wp-json\/wp\/v2\/product\/2907\/revisions"}],"predecessor-version":[{"id":4483,"href":"https:\/\/markoweokulary.pl\/pl\/wp-json\/wp\/v2\/product\/2907\/revisions\/4483"}],"wp:featuredmedia":[{"embeddable":true,"href":"https:\/\/markoweokulary.pl\/pl\/wp-json\/wp\/v2\/media\/2912"}],"wp:attachment":[{"href":"https:\/\/markoweokulary.pl\/pl\/wp-json\/wp\/v2\/media?parent=2907"}],"wp:term":[{"taxonomy":"product_brand","embeddable":true,"href":"https:\/\/markoweokulary.pl\/pl\/wp-json\/wp\/v2\/product_brand?post=2907"},{"taxonomy":"product_cat","embeddable":true,"href":"https:\/\/markoweokulary.pl\/pl\/wp-json\/wp\/v2\/product_cat?post=2907"},{"taxonomy":"product_tag","embeddable":true,"href":"https:\/\/markoweokulary.pl\/pl\/wp-json\/wp\/v2\/product_tag?post=2907"},{"taxonomy":"model","embeddable":true,"href":"https:\/\/markoweokulary.pl\/pl\/wp-json\/wp\/v2\/model?post=2907"}],"curies":[{"name":"wp","href":"https:\/\/api.w.org\/{rel}","templated":true}]}}