{"id":2790,"date":"2025-10-14T13:51:54","date_gmt":"2025-10-14T11:51:54","guid":{"rendered":"https:\/\/www.diukoptyk.pl\/?post_type=product&#038;p=2790"},"modified":"2026-03-05T18:50:21","modified_gmt":"2026-03-05T17:50:21","slug":"jacques-marie-mage-anita-noir","status":"publish","type":"product","link":"https:\/\/markoweokulary.pl\/pl\/produkt\/jacques-marie-mage-anita-noir\/","title":{"rendered":"Jacques Marie Mage ANITA | NOIR"},"content":{"rendered":"<p><strong data-start=\"1731\" data-end=\"1744\">Dla kogo:<\/strong><br data-start=\"1744\" data-end=\"1747\" \/>Dla kobiet o <strong data-start=\"1760\" data-end=\"1795\">silnej, magnetycznej osobowo\u015bci<\/strong>, kt\u00f3re \u0142\u0105cz\u0105 klasyk\u0119 z artystyczn\u0105 zmys\u0142owo\u015bci\u0105. Jacques Marie Mage <strong data-start=\"1864\" data-end=\"1878\">Anita Noir<\/strong> to manifest kobieco\u015bci w najczystszej formie \u2014 elegancja, pasja i filmowy urok w jednym spojrzeniu.<\/p>\n","protected":false},"excerpt":{"rendered":"<h3 data-start=\"0\" data-end=\"46\"><strong data-start=\"4\" data-end=\"44\">Jacques Marie Mage \u2013 ANITA | NOIR 01<\/strong><\/h3>\n<p data-start=\"47\" data-end=\"108\"><strong data-start=\"47\" data-end=\"106\">Limitowana edycja \u2013 ho\u0142d dla w\u0142oskiej elegancji lat 60.<\/strong><\/p>\n<p data-start=\"110\" data-end=\"429\">Model <strong data-start=\"116\" data-end=\"143\">Anita w kolorze Noir 01<\/strong> to ol\u015bniewaj\u0105ce po\u0142\u0105czenie kobiecej si\u0142y i subtelnego glamouru, inspirowane postaci\u0105 <strong data-start=\"229\" data-end=\"245\">Anity Ekberg<\/strong> z kultowego filmu <em data-start=\"264\" data-end=\"279\">La Dolce Vita<\/em> (1960). To oprawa dla kobiet, kt\u00f3re \u2013 tak jak filmowa Sylvia \u2013 kochaj\u0105 \u017cycie w trzech jego najpi\u0119kniejszych ods\u0142onach: <strong data-start=\"399\" data-end=\"426\">mi\u0142o\u015b\u0107, mi\u0142o\u015b\u0107 i mi\u0142o\u015b\u0107<\/strong>.<\/p>\n<p data-start=\"431\" data-end=\"736\">Delikatnie przeskalowany, zmys\u0142owy kszta\u0142t <em data-start=\"474\" data-end=\"483\">cat-eye<\/em> w odcieniach czerni i havany podkre\u015bla rysy twarzy, dodaj\u0105c wyrazisto\u015bci i elegancji. <strong data-start=\"570\" data-end=\"586\">Z\u0142ote detale<\/strong> \u2013 w tym nowy podw\u00f3jny pin <em data-start=\"613\" data-end=\"631\">Double Arrowhead<\/em> z 18-karatowego z\u0142ota oraz misternie grawerowany drut <em data-start=\"686\" data-end=\"696\">wirecore<\/em> \u2013 nadaj\u0105 ca\u0142o\u015bci luksusowy charakter.<\/p>\n<p data-start=\"738\" data-end=\"1013\">Wykonane r\u0119cznie w Japonii z 10-milimetrowego acetatu, okulary <strong data-start=\"801\" data-end=\"815\">Anita Noir<\/strong> s\u0105 wyrazem mistrzostwa rzemie\u015blniczego Jacques Marie Mage \u2013 precyzyjnie dopracowane w ka\u017cdym calu, z soczewkami <strong data-start=\"928\" data-end=\"946\">Dark Grey CR39<\/strong> zapewniaj\u0105cymi <strong data-start=\"962\" data-end=\"981\">100% ochrony UV<\/strong> i najwy\u017cszy komfort widzenia.<\/p>\n<hr data-start=\"1015\" data-end=\"1018\" \/>\n<p data-start=\"1020\" data-end=\"1045\"><strong data-start=\"1020\" data-end=\"1043\">Detale i wykonanie:<\/strong><\/p>\n<ul data-start=\"1046\" data-end=\"1724\">\n<li data-start=\"1046\" data-end=\"1094\">\n<p data-start=\"1048\" data-end=\"1094\"><strong data-start=\"1048\" data-end=\"1059\">Rodzaj:<\/strong> okulary przeciws\u0142oneczne damskie<\/p>\n<\/li>\n<li data-start=\"1095\" data-end=\"1165\">\n<p data-start=\"1097\" data-end=\"1165\"><strong data-start=\"1097\" data-end=\"1109\">Kszta\u0142t:<\/strong> delikatne, zaokr\u0105glone <em data-start=\"1133\" data-end=\"1142\">cat-eye<\/em> o wyra\u017anym wolumenie<\/p>\n<\/li>\n<li data-start=\"1166\" data-end=\"1222\">\n<p data-start=\"1168\" data-end=\"1222\"><strong data-start=\"1168\" data-end=\"1178\">Kolor:<\/strong> Noir 01 \u2013 czarno-havana z akcentami z\u0142ota<\/p>\n<\/li>\n<li data-start=\"1223\" data-end=\"1309\">\n<p data-start=\"1225\" data-end=\"1309\"><strong data-start=\"1225\" data-end=\"1238\">Materia\u0142:<\/strong> 10 mm r\u0119cznie polerowany acetat z podw\u00f3jnie laminowanymi zausznikami<\/p>\n<\/li>\n<li data-start=\"1310\" data-end=\"1528\">\n<p data-start=\"1312\" data-end=\"1330\"><strong data-start=\"1312\" data-end=\"1328\">Wyko\u0144czenie:<\/strong><\/p>\n<ul data-start=\"1333\" data-end=\"1528\">\n<li data-start=\"1333\" data-end=\"1374\">\n<p data-start=\"1335\" data-end=\"1374\">18K Gold <em data-start=\"1344\" data-end=\"1362\">Double Arrowhead<\/em> front pin<\/p>\n<\/li>\n<li data-start=\"1377\" data-end=\"1425\">\n<p data-start=\"1379\" data-end=\"1425\">Zauszniki z grawerowanym <em data-start=\"1404\" data-end=\"1423\">hairline wirecore<\/em><\/p>\n<\/li>\n<li data-start=\"1428\" data-end=\"1482\">\n<p data-start=\"1430\" data-end=\"1482\">Z\u0142oty zawias <em data-start=\"1443\" data-end=\"1456\">spur-shaped<\/em> z precyzyjnym napi\u0119ciem<\/p>\n<\/li>\n<li data-start=\"1485\" data-end=\"1528\">\n<p data-start=\"1487\" data-end=\"1528\">3D logo <em data-start=\"1495\" data-end=\"1511\">Burgundy Cameo<\/em> na zausznikach<\/p>\n<\/li>\n<\/ul>\n<\/li>\n<li data-start=\"1529\" data-end=\"1607\">\n<p data-start=\"1531\" data-end=\"1607\"><strong data-start=\"1531\" data-end=\"1544\">Soczewki:<\/strong> Dark Grey CR39, 6-base z pow\u0142ok\u0105 antyrefleksyjn\u0105 od wewn\u0105trz<\/p>\n<\/li>\n<li data-start=\"1608\" data-end=\"1632\">\n<p data-start=\"1610\" data-end=\"1632\"><strong data-start=\"1610\" data-end=\"1622\">Ochrona:<\/strong> 100% UV<\/p>\n<\/li>\n<li data-start=\"1633\" data-end=\"1666\">\n<p data-start=\"1635\" data-end=\"1666\"><strong data-start=\"1635\" data-end=\"1656\">Kraj pochodzenia:<\/strong> Japonia<\/p>\n<\/li>\n<li data-start=\"1667\" data-end=\"1724\">\n<p data-start=\"1669\" data-end=\"1724\"><strong data-start=\"1669\" data-end=\"1681\">Wymiary:<\/strong> Eye 55 mm | Bridge 18 mm | Temple 144 mm<\/p>\n<\/li>\n<\/ul>\n","protected":false},"featured_media":2792,"template":"","meta":{"_acf_changed":false},"product_brand":[82],"product_cat":[30],"product_tag":[],"model":[],"class_list":{"0":"post-2790","1":"product","2":"type-product","3":"status-publish","4":"has-post-thumbnail","6":"product_brand-jacques-marie-mage","7":"product_cat-okulary-przeciwsloneczne","9":"first","10":"instock","11":"sale","12":"taxable","13":"shipping-taxable","14":"purchasable","15":"product-type-simple"},"acf":[],"aioseo_notices":[],"_links":{"self":[{"href":"https:\/\/markoweokulary.pl\/pl\/wp-json\/wp\/v2\/product\/2790","targetHints":{"allow":["GET"]}}],"collection":[{"href":"https:\/\/markoweokulary.pl\/pl\/wp-json\/wp\/v2\/product"}],"about":[{"href":"https:\/\/markoweokulary.pl\/pl\/wp-json\/wp\/v2\/types\/product"}],"version-history":[{"count":1,"href":"https:\/\/markoweokulary.pl\/pl\/wp-json\/wp\/v2\/product\/2790\/revisions"}],"predecessor-version":[{"id":4366,"href":"https:\/\/markoweokulary.pl\/pl\/wp-json\/wp\/v2\/product\/2790\/revisions\/4366"}],"wp:featuredmedia":[{"embeddable":true,"href":"https:\/\/markoweokulary.pl\/pl\/wp-json\/wp\/v2\/media\/2792"}],"wp:attachment":[{"href":"https:\/\/markoweokulary.pl\/pl\/wp-json\/wp\/v2\/media?parent=2790"}],"wp:term":[{"taxonomy":"product_brand","embeddable":true,"href":"https:\/\/markoweokulary.pl\/pl\/wp-json\/wp\/v2\/product_brand?post=2790"},{"taxonomy":"product_cat","embeddable":true,"href":"https:\/\/markoweokulary.pl\/pl\/wp-json\/wp\/v2\/product_cat?post=2790"},{"taxonomy":"product_tag","embeddable":true,"href":"https:\/\/markoweokulary.pl\/pl\/wp-json\/wp\/v2\/product_tag?post=2790"},{"taxonomy":"model","embeddable":true,"href":"https:\/\/markoweokulary.pl\/pl\/wp-json\/wp\/v2\/model?post=2790"}],"curies":[{"name":"wp","href":"https:\/\/api.w.org\/{rel}","templated":true}]}}