{"id":2774,"date":"2025-10-14T13:37:01","date_gmt":"2025-10-14T11:37:01","guid":{"rendered":"https:\/\/www.diukoptyk.pl\/?post_type=product&#038;p=2774"},"modified":"2026-03-05T18:50:21","modified_gmt":"2026-03-05T17:50:21","slug":"jacques-marie-mage-alin-brut","status":"publish","type":"product","link":"https:\/\/markoweokulary.pl\/pl\/produkt\/jacques-marie-mage-alin-brut\/","title":{"rendered":"Jacques Marie Mage ALIN | BRUT"},"content":{"rendered":"<p><strong data-start=\"1743\" data-end=\"1756\">Dla kogo:<\/strong><br data-start=\"1756\" data-end=\"1759\" \/>Dla estet\u00f3w i indywidualist\u00f3w, kt\u00f3rzy ceni\u0105 <strong data-start=\"1803\" data-end=\"1868\">harmoni\u0119 mi\u0119dzy rzemios\u0142em, sztuk\u0105 i techniczn\u0105 doskona\u0142o\u015bci\u0105<\/strong>. Jacques Marie Mage <strong data-start=\"1889\" data-end=\"1902\">Alin Brut<\/strong> to wyrafinowany balans mi\u0119dzy odwag\u0105 a elegancj\u0105 \u2013 oprawa, kt\u00f3ra zachwyca w ka\u017cdym \u015bwietle.<\/p>\n","protected":false},"excerpt":{"rendered":"<h3 data-start=\"0\" data-end=\"42\"><strong data-start=\"4\" data-end=\"40\">Jacques Marie Mage \u2013 ALIN | BRUT<\/strong><\/h3>\n<p data-start=\"43\" data-end=\"78\"><strong data-start=\"43\" data-end=\"76\">Limitowana edycja \u2013 500 sztuk<\/strong><\/p>\n<p data-start=\"80\" data-end=\"445\">Model <strong data-start=\"86\" data-end=\"109\">Alin w kolorze Brut<\/strong> to wsp\u00f3\u0142czesna reinterpretacja klasycznych okular\u00f3w typu <em data-start=\"167\" data-end=\"177\">browline<\/em>, inspirowanych latami 50. \u2013 ikonicznych, ale przeprojektowanych z typow\u0105 dla Jacques Marie Mage dba\u0142o\u015bci\u0105 o detale i materia\u0142owy kunszt. To po\u0142\u0105czenie <strong data-start=\"329\" data-end=\"366\">architektonicznej precyzji tytanu<\/strong> i <strong data-start=\"369\" data-end=\"393\">\u015bwietlistego acetatu<\/strong>, kt\u00f3re tworzy form\u0119 r\u00f3wnie odwa\u017cn\u0105, co eleganck\u0105.<\/p>\n<p data-start=\"447\" data-end=\"967\">W tej ods\u0142onie, <em data-start=\"463\" data-end=\"474\">Alin Brut<\/em> prezentuje <strong data-start=\"486\" data-end=\"533\">krystaliczn\u0105, \u017c\u00f3\u0142t\u0105 lini\u0119 brwiow\u0105 z acetatu<\/strong> osadzon\u0105 na <strong data-start=\"546\" data-end=\"603\">srebrnej tytanowej konstrukcji z akcentami Light Gold<\/strong>. Rze\u017abione, <strong data-start=\"616\" data-end=\"659\">grawerowane zauszniki z motywem strza\u0142y<\/strong> podkre\u015blaj\u0105 charakterystyczny dla JMM kunszt, a <strong data-start=\"708\" data-end=\"738\">zawias monoblock Arrowhead<\/strong> zapewnia p\u0142ynno\u015b\u0107 ruchu i solidno\u015b\u0107 wykonania. Ca\u0142o\u015b\u0107 dope\u0142niaj\u0105 <strong data-start=\"804\" data-end=\"851\">soczewki CR39 w odcieniu Blue Bird Gradient<\/strong>, kt\u00f3re nadaj\u0105 projektowi g\u0142\u0119bi i \u015bwie\u017co\u015bci, oferuj\u0105c jednocze\u015bnie <strong data-start=\"918\" data-end=\"938\">pe\u0142n\u0105 ochron\u0119 UV<\/strong> i pow\u0142ok\u0119 antyrefleksyjn\u0105.<\/p>\n<p data-start=\"969\" data-end=\"1103\">To <strong data-start=\"972\" data-end=\"1010\">okulary dla kolekcjoner\u00f3w estetyki<\/strong>, kt\u00f3rzy potrafi\u0105 doceni\u0107 harmoni\u0119 mi\u0119dzy surowym rzemios\u0142em a artystycznym wyrafinowaniem.<\/p>\n<hr data-start=\"1105\" data-end=\"1108\" \/>\n<p data-start=\"1110\" data-end=\"1135\"><strong data-start=\"1110\" data-end=\"1133\">Detale i wykonanie:<\/strong><\/p>\n<ul data-start=\"1136\" data-end=\"1736\">\n<li data-start=\"1136\" data-end=\"1183\">\n<p data-start=\"1138\" data-end=\"1183\"><strong data-start=\"1138\" data-end=\"1149\">Rodzaj:<\/strong> okulary przeciws\u0142oneczne unisex<\/p>\n<\/li>\n<li data-start=\"1184\" data-end=\"1232\">\n<p data-start=\"1186\" data-end=\"1232\"><strong data-start=\"1186\" data-end=\"1198\">Kszta\u0142t:<\/strong> klasyczny browline \/ kwadratowy<\/p>\n<\/li>\n<li data-start=\"1233\" data-end=\"1310\">\n<p data-start=\"1235\" data-end=\"1310\"><strong data-start=\"1235\" data-end=\"1245\">Kolor:<\/strong> Brut \u2013 srebro i z\u0142oto z krystalicznym akcentem \u017c\u00f3\u0142tego acetatu<\/p>\n<\/li>\n<li data-start=\"1311\" data-end=\"1381\">\n<p data-start=\"1313\" data-end=\"1381\"><strong data-start=\"1313\" data-end=\"1326\">Materia\u0142:<\/strong> 100% beta tytan + utwardzany acetat (Crystal Yellow)<\/p>\n<\/li>\n<li data-start=\"1382\" data-end=\"1563\">\n<p data-start=\"1384\" data-end=\"1402\"><strong data-start=\"1384\" data-end=\"1400\">Wyko\u0144czenie:<\/strong><\/p>\n<ul data-start=\"1405\" data-end=\"1563\">\n<li data-start=\"1405\" data-end=\"1461\">\n<p data-start=\"1407\" data-end=\"1461\">Grawerowane zauszniki z tytanu w odcieniu Light Gold<\/p>\n<\/li>\n<li data-start=\"1464\" data-end=\"1509\">\n<p data-start=\"1466\" data-end=\"1509\">Zawias <em data-start=\"1473\" data-end=\"1507\">Silver Arrowhead Monoblock Hinge<\/em><\/p>\n<\/li>\n<li data-start=\"1512\" data-end=\"1563\">\n<p data-start=\"1514\" data-end=\"1563\">Indywidualne noski z logo i grawerem <em data-start=\"1551\" data-end=\"1561\">hairline<\/em><\/p>\n<\/li>\n<\/ul>\n<\/li>\n<li data-start=\"1564\" data-end=\"1642\">\n<p data-start=\"1566\" data-end=\"1642\"><strong data-start=\"1566\" data-end=\"1579\">Soczewki:<\/strong> Blue Bird CR39, 4-base z pow\u0142ok\u0105 antyrefleksyjn\u0105 od wewn\u0105trz<\/p>\n<\/li>\n<li data-start=\"1643\" data-end=\"1667\">\n<p data-start=\"1645\" data-end=\"1667\"><strong data-start=\"1645\" data-end=\"1657\">Ochrona:<\/strong> 100% UV<\/p>\n<\/li>\n<li data-start=\"1668\" data-end=\"1701\">\n<p data-start=\"1670\" data-end=\"1701\"><strong data-start=\"1670\" data-end=\"1691\">Kraj pochodzenia:<\/strong> Japonia<\/p>\n<\/li>\n<li data-start=\"1702\" data-end=\"1736\">\n<p data-start=\"1704\" data-end=\"1736\"><strong data-start=\"1704\" data-end=\"1718\">Limitacja:<\/strong> 500 egzemplarzy<\/p>\n<\/li>\n<\/ul>\n","protected":false},"featured_media":2779,"template":"","meta":{"_acf_changed":false},"product_brand":[82],"product_cat":[30],"product_tag":[],"model":[352],"class_list":{"0":"post-2774","1":"product","2":"type-product","3":"status-publish","4":"has-post-thumbnail","6":"product_brand-jacques-marie-mage","7":"product_cat-okulary-przeciwsloneczne","8":"model-alin","10":"first","11":"outofstock","12":"sale","13":"taxable","14":"shipping-taxable","15":"purchasable","16":"product-type-simple"},"acf":[],"aioseo_notices":[],"_links":{"self":[{"href":"https:\/\/markoweokulary.pl\/pl\/wp-json\/wp\/v2\/product\/2774","targetHints":{"allow":["GET"]}}],"collection":[{"href":"https:\/\/markoweokulary.pl\/pl\/wp-json\/wp\/v2\/product"}],"about":[{"href":"https:\/\/markoweokulary.pl\/pl\/wp-json\/wp\/v2\/types\/product"}],"version-history":[{"count":1,"href":"https:\/\/markoweokulary.pl\/pl\/wp-json\/wp\/v2\/product\/2774\/revisions"}],"predecessor-version":[{"id":4374,"href":"https:\/\/markoweokulary.pl\/pl\/wp-json\/wp\/v2\/product\/2774\/revisions\/4374"}],"wp:featuredmedia":[{"embeddable":true,"href":"https:\/\/markoweokulary.pl\/pl\/wp-json\/wp\/v2\/media\/2779"}],"wp:attachment":[{"href":"https:\/\/markoweokulary.pl\/pl\/wp-json\/wp\/v2\/media?parent=2774"}],"wp:term":[{"taxonomy":"product_brand","embeddable":true,"href":"https:\/\/markoweokulary.pl\/pl\/wp-json\/wp\/v2\/product_brand?post=2774"},{"taxonomy":"product_cat","embeddable":true,"href":"https:\/\/markoweokulary.pl\/pl\/wp-json\/wp\/v2\/product_cat?post=2774"},{"taxonomy":"product_tag","embeddable":true,"href":"https:\/\/markoweokulary.pl\/pl\/wp-json\/wp\/v2\/product_tag?post=2774"},{"taxonomy":"model","embeddable":true,"href":"https:\/\/markoweokulary.pl\/pl\/wp-json\/wp\/v2\/model?post=2774"}],"curies":[{"name":"wp","href":"https:\/\/api.w.org\/{rel}","templated":true}]}}