{"id":2509,"date":"2025-10-13T14:55:13","date_gmt":"2025-10-13T12:55:13","guid":{"rendered":"https:\/\/www.diukoptyk.pl\/?post_type=product&#038;p=2509"},"modified":"2026-03-05T18:50:19","modified_gmt":"2026-03-05T17:50:19","slug":"jacques-marie-mage-sartre-noir-x-rx","status":"publish","type":"product","link":"https:\/\/markoweokulary.pl\/pl\/produkt\/jacques-marie-mage-sartre-noir-x-rx\/","title":{"rendered":"Jacques Marie Mage SARTRE | NOIR X RX"},"content":{"rendered":"<p><strong data-start=\"1901\" data-end=\"1914\">Dla kogo:<\/strong><br data-start=\"1914\" data-end=\"1917\" \/>Dla indywidualist\u00f3w, kt\u00f3rzy szukaj\u0105 formy z dusz\u0105 \u2013 <strong data-start=\"1969\" data-end=\"2030\">dla tych, kt\u00f3rzy my\u015bl\u0105 g\u0142\u0119boko, ale patrz\u0105 jeszcze dalej.<\/strong><\/p>\n","protected":false},"excerpt":{"rendered":"<h3 data-start=\"110\" data-end=\"160\"><strong data-start=\"114\" data-end=\"158\">Jacques Marie Mage \u2013 SARTRE RX in NOIR X<\/strong><\/h3>\n<p data-start=\"161\" data-end=\"196\"><strong data-start=\"161\" data-end=\"194\">Limitowana edycja \u2013 500 sztuk<\/strong><\/p>\n<p data-start=\"198\" data-end=\"619\"><strong data-start=\"198\" data-end=\"242\">Intelekt. Elegancja. Wyrafinowana forma.<\/strong><br data-start=\"242\" data-end=\"245\" \/>Model <strong data-start=\"251\" data-end=\"274\">Sartre RX in Noir X<\/strong> to ponadczasowa reinterpretacja klasycznych oprawek z lat 50., inspirowana duchem paryskich intelektualist\u00f3w i filozoficzn\u0105 odwag\u0105 my\u015blenia niezale\u017cnego. To <strong data-start=\"432\" data-end=\"455\">optical combo frame<\/strong> o wyj\u0105tkowej konstrukcji, w kt\u00f3rej <strong data-start=\"491\" data-end=\"526\">czarna, rze\u017abiona linia acetatu<\/strong> spotyka si\u0119 z <strong data-start=\"541\" data-end=\"616\">metalicznym po\u0142yskiem tytanu w wyko\u0144czeniu Silver z akcentami Moon Gold<\/strong>.<\/p>\n<p data-start=\"621\" data-end=\"1061\">R\u0119cznie wykonane w Japonii z <strong data-start=\"650\" data-end=\"676\">100% tytanu klasy beta<\/strong>, oprawki \u0142\u0105cz\u0105 <strong data-start=\"692\" data-end=\"731\">okr\u0105g\u0142e obr\u0119cze z grawerem Art Deco<\/strong>, <strong data-start=\"733\" data-end=\"772\">zawiasy monoblock z motywem strza\u0142y<\/strong>, oraz <strong data-start=\"779\" data-end=\"847\">r\u0119cznie polerowane zauszniki z acetatu w tonacji Noir &amp; Burlwood<\/strong>. Ca\u0142o\u015b\u0107 dope\u0142niaj\u0105 <strong data-start=\"867\" data-end=\"903\">noski z wyko\u0144czeniem Luster Gold<\/strong> i <strong data-start=\"906\" data-end=\"961\">soczewki demonstracyjne ArmorLite Superlight Bronze<\/strong>, kt\u00f3re podkre\u015blaj\u0105 ciep\u0142o i g\u0142\u0119bi\u0119 konstrukcji, zachowuj\u0105c przy tym komfort codziennego noszenia.<\/p>\n<p data-start=\"1063\" data-end=\"1193\">To oprawa dla tych, kt\u00f3rzy \u0142\u0105cz\u0105 intelektualn\u0105 g\u0142\u0119bi\u0119 z estetycznym wyrafinowaniem \u2013 <strong data-start=\"1148\" data-end=\"1191\">dla my\u015blicieli o nieprzeci\u0119tnym gu\u015bcie.<\/strong><\/p>\n<p data-start=\"1195\" data-end=\"1220\"><strong data-start=\"1195\" data-end=\"1218\">Detale i wykonanie:<\/strong><\/p>\n<ul data-start=\"1221\" data-end=\"1899\">\n<li data-start=\"1221\" data-end=\"1260\">\n<p data-start=\"1223\" data-end=\"1260\"><strong data-start=\"1223\" data-end=\"1234\">Rodzaj:<\/strong> okulary korekcyjne (RX)<\/p>\n<\/li>\n<li data-start=\"1261\" data-end=\"1316\">\n<p data-start=\"1263\" data-end=\"1316\"><strong data-start=\"1263\" data-end=\"1275\">Kszta\u0142t:<\/strong> klasyczny combo inspirowany latami 50.<\/p>\n<\/li>\n<li data-start=\"1317\" data-end=\"1377\">\n<p data-start=\"1319\" data-end=\"1377\"><strong data-start=\"1319\" data-end=\"1329\">Kolor:<\/strong> Noir X \u2013 czer\u0144 z akcentami srebra i Moon Gold<\/p>\n<\/li>\n<li data-start=\"1378\" data-end=\"1439\">\n<p data-start=\"1380\" data-end=\"1439\"><strong data-start=\"1380\" data-end=\"1393\">Materia\u0142:<\/strong> 100% beta tytan + utwardzany acetat premium<\/p>\n<\/li>\n<li data-start=\"1440\" data-end=\"1739\">\n<p data-start=\"1442\" data-end=\"1460\"><strong data-start=\"1442\" data-end=\"1458\">Wyko\u0144czenie:<\/strong><\/p>\n<ul data-start=\"1463\" data-end=\"1739\">\n<li data-start=\"1463\" data-end=\"1528\">\n<p data-start=\"1465\" data-end=\"1528\">Okr\u0105g\u0142e oprawki z tytanu w kolorze Silver z grawerem Art Deco<\/p>\n<\/li>\n<li data-start=\"1531\" data-end=\"1579\">\n<p data-start=\"1533\" data-end=\"1579\">Mostek w kolorze Silver z detalami Moon Gold<\/p>\n<\/li>\n<li data-start=\"1582\" data-end=\"1654\">\n<p data-start=\"1584\" data-end=\"1654\">Zauszniki z motywem strza\u0142y i ko\u0144c\u00f3wkami z acetatu (Noir &amp; Burlwood)<\/p>\n<\/li>\n<li data-start=\"1657\" data-end=\"1689\">\n<p data-start=\"1659\" data-end=\"1689\">Zawiasy monoblock z logo JMM<\/p>\n<\/li>\n<li data-start=\"1692\" data-end=\"1739\">\n<p data-start=\"1694\" data-end=\"1739\">Noski z wyko\u0144czeniem Luster Gold i grawerem<\/p>\n<\/li>\n<\/ul>\n<\/li>\n<li data-start=\"1740\" data-end=\"1830\">\n<p data-start=\"1742\" data-end=\"1830\"><strong data-start=\"1742\" data-end=\"1755\">Soczewki:<\/strong> ArmorLite Superlight Bronze 4-base (demo lens) z pow\u0142ok\u0105 antyrefleksyjn\u0105<\/p>\n<\/li>\n<li data-start=\"1831\" data-end=\"1864\">\n<p data-start=\"1833\" data-end=\"1864\"><strong data-start=\"1833\" data-end=\"1854\">Kraj pochodzenia:<\/strong> Japonia<\/p>\n<\/li>\n<li data-start=\"1865\" data-end=\"1899\">\n<p data-start=\"1867\" data-end=\"1899\"><strong data-start=\"1867\" data-end=\"1881\">Limitacja:<\/strong> 500 egzemplarzy<\/p>\n<\/li>\n<\/ul>\n","protected":false},"featured_media":2515,"template":"","meta":{"_acf_changed":false},"product_brand":[82],"product_cat":[51],"product_tag":[],"model":[],"class_list":{"0":"post-2509","1":"product","2":"type-product","3":"status-publish","4":"has-post-thumbnail","6":"product_brand-jacques-marie-mage","7":"product_cat-okulary-korekcyjne","9":"first","10":"instock","11":"sale","12":"taxable","13":"shipping-taxable","14":"purchasable","15":"product-type-simple"},"acf":[],"aioseo_notices":[],"_links":{"self":[{"href":"https:\/\/markoweokulary.pl\/pl\/wp-json\/wp\/v2\/product\/2509","targetHints":{"allow":["GET"]}}],"collection":[{"href":"https:\/\/markoweokulary.pl\/pl\/wp-json\/wp\/v2\/product"}],"about":[{"href":"https:\/\/markoweokulary.pl\/pl\/wp-json\/wp\/v2\/types\/product"}],"version-history":[{"count":1,"href":"https:\/\/markoweokulary.pl\/pl\/wp-json\/wp\/v2\/product\/2509\/revisions"}],"predecessor-version":[{"id":5959,"href":"https:\/\/markoweokulary.pl\/pl\/wp-json\/wp\/v2\/product\/2509\/revisions\/5959"}],"wp:featuredmedia":[{"embeddable":true,"href":"https:\/\/markoweokulary.pl\/pl\/wp-json\/wp\/v2\/media\/2515"}],"wp:attachment":[{"href":"https:\/\/markoweokulary.pl\/pl\/wp-json\/wp\/v2\/media?parent=2509"}],"wp:term":[{"taxonomy":"product_brand","embeddable":true,"href":"https:\/\/markoweokulary.pl\/pl\/wp-json\/wp\/v2\/product_brand?post=2509"},{"taxonomy":"product_cat","embeddable":true,"href":"https:\/\/markoweokulary.pl\/pl\/wp-json\/wp\/v2\/product_cat?post=2509"},{"taxonomy":"product_tag","embeddable":true,"href":"https:\/\/markoweokulary.pl\/pl\/wp-json\/wp\/v2\/product_tag?post=2509"},{"taxonomy":"model","embeddable":true,"href":"https:\/\/markoweokulary.pl\/pl\/wp-json\/wp\/v2\/model?post=2509"}],"curies":[{"name":"wp","href":"https:\/\/api.w.org\/{rel}","templated":true}]}}