{"id":2464,"date":"2025-10-13T13:20:32","date_gmt":"2025-10-13T11:20:32","guid":{"rendered":"https:\/\/www.diukoptyk.pl\/?post_type=product&#038;p=2464"},"modified":"2026-03-05T18:50:18","modified_gmt":"2026-03-05T17:50:18","slug":"jacques-marie-mage-peyote-rose-gold","status":"publish","type":"product","link":"https:\/\/markoweokulary.pl\/pl\/produkt\/jacques-marie-mage-peyote-rose-gold\/","title":{"rendered":"Jacques Marie Mage PEYOTE | ROSE GOLD"},"content":{"rendered":"<p><strong data-start=\"1000\" data-end=\"1019\">Dlaczego warto?<\/strong><br data-start=\"1019\" data-end=\"1022\" \/>To wi\u0119cej ni\u017c okulary \u2013 to ho\u0142d dla klasycznego stylu lat 60., po\u0142\u0105czony z luksusowym rzemios\u0142em i nowoczesn\u0105 technologi\u0105. Idealne dla os\u00f3b, kt\u00f3re chc\u0105 wyr\u00f3\u017cni\u0107 si\u0119 odwa\u017cnym designem i kolekcjonerskim charakterem.<\/p>\n","protected":false},"excerpt":{"rendered":"<h3 data-start=\"101\" data-end=\"158\">Jacques Marie Mage \u2013 Aviator inspirowany latami 60.<\/h3>\n<p data-start=\"160\" data-end=\"438\"><strong data-start=\"160\" data-end=\"211\">Ikona stylu, inspirowana Hunterem S. Thompsonem<\/strong><br data-start=\"211\" data-end=\"214\" \/>Limitowana edycja z serii zaledwie <strong data-start=\"249\" data-end=\"279\">350 sztuk na ca\u0142ym \u015bwiecie<\/strong>. R\u0119cznie wykonane w Japonii okulary \u0142\u0105cz\u0105 kultowy kszta\u0142t aviatora z lat 60. z nowoczesnym wyrafinowaniem i charakterystycznymi detalami Jacques Marie Mage.<\/p>\n<p data-start=\"440\" data-end=\"464\"><strong data-start=\"440\" data-end=\"462\">Detale i materia\u0142y<\/strong><\/p>\n<ul data-start=\"465\" data-end=\"998\">\n<li data-start=\"465\" data-end=\"551\">\n<p data-start=\"467\" data-end=\"551\">Oprawa: z\u0142ota rama w 100% z <strong data-start=\"504\" data-end=\"519\">beta-tytanu<\/strong>, lekka i wyj\u0105tkowo wytrzyma\u0142a<\/p>\n<\/li>\n<li data-start=\"552\" data-end=\"619\">\n<p data-start=\"554\" data-end=\"619\">Mostek i akcenty: akcent z utwardzonego acetatu w kolorze ko\u015bci s\u0142oniowej<\/p>\n<\/li>\n<li data-start=\"620\" data-end=\"718\">\n<p data-start=\"622\" data-end=\"718\">Soczewki: r\u00f3\u017cowy <strong data-start=\"654\" data-end=\"678\">CR39 (base 4)<\/strong> z pow\u0142ok\u0105 antyrefleksyjn\u0105 od wewn\u0105trz<\/p>\n<\/li>\n<li data-start=\"719\" data-end=\"811\">\n<p data-start=\"721\" data-end=\"811\">Zauszniki: ko\u0144c\u00f3wki w kolorze burgund z epoksydowym wyko\u0144czeniem w kszta\u0142cie statecznika<\/p>\n<\/li>\n<li data-start=\"812\" data-end=\"897\">\n<p data-start=\"814\" data-end=\"897\">Zawiasy: niestandardowe, z\u0142ote block hinge dla jeszcze wi\u0119kszej trwa\u0142o\u015bci<\/p>\n<\/li>\n<li data-start=\"898\" data-end=\"968\">\n<p data-start=\"900\" data-end=\"968\">Noski: indywidualnie wykonane, z logo i grawerem w delikatne linie<\/p>\n<\/li>\n<li data-start=\"969\" data-end=\"998\">\n<p data-start=\"971\" data-end=\"998\">Pe\u0142na ochrona <strong data-start=\"985\" data-end=\"996\">UV 100%<\/strong><\/p>\n<\/li>\n<\/ul>\n","protected":false},"featured_media":2468,"template":"","meta":{"_acf_changed":false},"product_brand":[82],"product_cat":[30],"product_tag":[],"model":[392],"class_list":{"0":"post-2464","1":"product","2":"type-product","3":"status-publish","4":"has-post-thumbnail","6":"product_brand-jacques-marie-mage","7":"product_cat-okulary-przeciwsloneczne","8":"model-peyote","10":"first","11":"instock","12":"sale","13":"taxable","14":"shipping-taxable","15":"purchasable","16":"product-type-simple"},"acf":[],"aioseo_notices":[],"_links":{"self":[{"href":"https:\/\/markoweokulary.pl\/pl\/wp-json\/wp\/v2\/product\/2464","targetHints":{"allow":["GET"]}}],"collection":[{"href":"https:\/\/markoweokulary.pl\/pl\/wp-json\/wp\/v2\/product"}],"about":[{"href":"https:\/\/markoweokulary.pl\/pl\/wp-json\/wp\/v2\/types\/product"}],"version-history":[{"count":1,"href":"https:\/\/markoweokulary.pl\/pl\/wp-json\/wp\/v2\/product\/2464\/revisions"}],"predecessor-version":[{"id":4534,"href":"https:\/\/markoweokulary.pl\/pl\/wp-json\/wp\/v2\/product\/2464\/revisions\/4534"}],"wp:featuredmedia":[{"embeddable":true,"href":"https:\/\/markoweokulary.pl\/pl\/wp-json\/wp\/v2\/media\/2468"}],"wp:attachment":[{"href":"https:\/\/markoweokulary.pl\/pl\/wp-json\/wp\/v2\/media?parent=2464"}],"wp:term":[{"taxonomy":"product_brand","embeddable":true,"href":"https:\/\/markoweokulary.pl\/pl\/wp-json\/wp\/v2\/product_brand?post=2464"},{"taxonomy":"product_cat","embeddable":true,"href":"https:\/\/markoweokulary.pl\/pl\/wp-json\/wp\/v2\/product_cat?post=2464"},{"taxonomy":"product_tag","embeddable":true,"href":"https:\/\/markoweokulary.pl\/pl\/wp-json\/wp\/v2\/product_tag?post=2464"},{"taxonomy":"model","embeddable":true,"href":"https:\/\/markoweokulary.pl\/pl\/wp-json\/wp\/v2\/model?post=2464"}],"curies":[{"name":"wp","href":"https:\/\/api.w.org\/{rel}","templated":true}]}}