{"id":2430,"date":"2025-10-13T12:35:22","date_gmt":"2025-10-13T10:35:22","guid":{"rendered":"https:\/\/www.diukoptyk.pl\/?post_type=product&#038;p=2430"},"modified":"2026-03-05T18:50:18","modified_gmt":"2026-03-05T17:50:18","slug":"jacques-marie-mage-mollies-antique","status":"publish","type":"product","link":"https:\/\/markoweokulary.pl\/pl\/produkt\/jacques-marie-mage-mollies-antique\/","title":{"rendered":"Jacques Marie Mage MOLLIES | ANTIQUE"},"content":{"rendered":"<p data-start=\"1720\" data-end=\"1876\"><strong data-start=\"1720\" data-end=\"1733\">Dla kogo:<\/strong><br data-start=\"1733\" data-end=\"1736\" \/>Dla os\u00f3b, kt\u00f3re \u0142\u0105cz\u0105 elegancj\u0119 z si\u0142\u0105 natury \u2013 <strong data-start=\"1784\" data-end=\"1876\">dla tych, kt\u00f3rzy wiedz\u0105, \u017ce prawdziwa wolno\u015b\u0107 zaczyna si\u0119 tam, gdzie ko\u0144cz\u0105 si\u0119 \u015bcie\u017cki.<\/strong><\/p>\n","protected":false},"excerpt":{"rendered":"<h3 data-start=\"124\" data-end=\"188\"><strong data-start=\"128\" data-end=\"186\">Jacques Marie Mage \u2013 MOLLIES | ANTIQUE | YELLOWSTONE V<\/strong><\/h3>\n<p data-start=\"189\" data-end=\"255\"><strong data-start=\"189\" data-end=\"253\">Limitowana edycja inspirowana si\u0142\u0105 natury i duchem wolno\u015bci.<\/strong><\/p>\n<p data-start=\"257\" data-end=\"594\"><strong data-start=\"257\" data-end=\"287\">Si\u0142a. Precyzja. Charakter.<\/strong><br data-start=\"287\" data-end=\"290\" \/>Model <strong data-start=\"296\" data-end=\"321\">Mollies Yellowstone V<\/strong> to wyj\u0105tkowe tytanowe aviatory, w kt\u00f3rych precyzyjne rzemios\u0142o spotyka dziko\u015b\u0107 natury. Inspirowane legendarn\u0105 watah\u0105 <strong data-start=\"439\" data-end=\"456\">Mollie\u2019s Pack<\/strong> z Yellowstone \u2013 symbolem odwagi i wsp\u00f3\u0142dzia\u0142ania \u2013 okulary te s\u0105 wyrazem niezale\u017cno\u015bci, determinacji i elegancji w najczystszej formie.<\/p>\n<p data-start=\"596\" data-end=\"1019\">R\u0119cznie wykonane w Japonii z <strong data-start=\"625\" data-end=\"651\">100% tytanu klasy beta<\/strong>, wyr\u00f3\u017cniaj\u0105 si\u0119 <strong data-start=\"668\" data-end=\"690\">podw\u00f3jnym mostkiem<\/strong>, <strong data-start=\"692\" data-end=\"729\">detalami w kolorze Antique Silver<\/strong> oraz <strong data-start=\"735\" data-end=\"831\">charakterystycznymi ko\u0144c\u00f3wkami zausznik\u00f3w r\u0119cznie malowanymi epoksydem w odcieniu Dark Green<\/strong>. Soczewki z <strong data-start=\"844\" data-end=\"898\">mineralnego szk\u0142a fotochromowego i polaryzacyjnego<\/strong> w kolorze <strong data-start=\"909\" data-end=\"926\">Vintage Green<\/strong> dopasowuj\u0105 si\u0119 do \u015bwiat\u0142a, zapewniaj\u0105c doskona\u0142\u0105 widoczno\u015b\u0107 i komfort w ka\u017cdych warunkach.<\/p>\n<p data-start=\"1021\" data-end=\"1172\">To model dla tych, kt\u00f3rzy wybieraj\u0105 nieoczywiste \u015bcie\u017cki i pozostaj\u0105 wierni w\u0142asnemu instynktowi \u2013 <strong data-start=\"1120\" data-end=\"1172\">dla lider\u00f3w, odkrywc\u00f3w i estet\u00f3w o wolnym duchu.<\/strong><\/p>\n<p data-start=\"1174\" data-end=\"1199\"><strong data-start=\"1174\" data-end=\"1197\">Detale i wykonanie:<\/strong><\/p>\n<ul data-start=\"1200\" data-end=\"1718\">\n<li data-start=\"1200\" data-end=\"1240\">\n<p data-start=\"1202\" data-end=\"1240\"><strong data-start=\"1202\" data-end=\"1213\">Rodzaj:<\/strong> okulary przeciws\u0142oneczne<\/p>\n<\/li>\n<li data-start=\"1241\" data-end=\"1276\">\n<p data-start=\"1243\" data-end=\"1276\"><strong data-start=\"1243\" data-end=\"1255\">Kszta\u0142t:<\/strong> kompaktowy aviator<\/p>\n<\/li>\n<li data-start=\"1277\" data-end=\"1306\">\n<p data-start=\"1279\" data-end=\"1306\"><strong data-start=\"1279\" data-end=\"1289\">Kolor:<\/strong> Antique Silver<\/p>\n<\/li>\n<li data-start=\"1307\" data-end=\"1340\">\n<p data-start=\"1309\" data-end=\"1340\"><strong data-start=\"1309\" data-end=\"1322\">Materia\u0142:<\/strong> 100% beta tytan<\/p>\n<\/li>\n<li data-start=\"1341\" data-end=\"1480\">\n<p data-start=\"1343\" data-end=\"1480\"><strong data-start=\"1343\" data-end=\"1359\">Wyko\u0144czenie:<\/strong> podw\u00f3jny mostek, grawerowany zawias <em data-start=\"1396\" data-end=\"1418\">hairline block hinge<\/em>, r\u0119cznie malowane ko\u0144c\u00f3wki zausznik\u00f3w w odcieniu Dark Green<\/p>\n<\/li>\n<li data-start=\"1481\" data-end=\"1600\">\n<p data-start=\"1483\" data-end=\"1600\"><strong data-start=\"1483\" data-end=\"1496\">Soczewki:<\/strong> mineralne, fotochromowe i polaryzacyjne w kolorze Vintage Green, z pow\u0142ok\u0105 antyrefleksyjn\u0105 (2.5 base)<\/p>\n<\/li>\n<li data-start=\"1601\" data-end=\"1625\">\n<p data-start=\"1603\" data-end=\"1625\"><strong data-start=\"1603\" data-end=\"1615\">Ochrona:<\/strong> 100% UV<\/p>\n<\/li>\n<li data-start=\"1626\" data-end=\"1684\">\n<p data-start=\"1628\" data-end=\"1684\"><strong data-start=\"1628\" data-end=\"1640\">Wymiary:<\/strong> Eye 53 mm | Bridge 21 mm | Temples 150 mm<\/p>\n<\/li>\n<li data-start=\"1685\" data-end=\"1718\">\n<p data-start=\"1687\" data-end=\"1718\"><strong data-start=\"1687\" data-end=\"1708\">Kraj pochodzenia:<\/strong> Japonia<\/p>\n<\/li>\n<\/ul>\n","protected":false},"featured_media":2435,"template":"","meta":{"_acf_changed":false},"product_brand":[82],"product_cat":[30],"product_tag":[],"model":[],"class_list":{"0":"post-2430","1":"product","2":"type-product","3":"status-publish","4":"has-post-thumbnail","6":"product_brand-jacques-marie-mage","7":"product_cat-okulary-przeciwsloneczne","9":"first","10":"instock","11":"sale","12":"taxable","13":"shipping-taxable","14":"purchasable","15":"product-type-simple"},"acf":[],"aioseo_notices":[],"_links":{"self":[{"href":"https:\/\/markoweokulary.pl\/pl\/wp-json\/wp\/v2\/product\/2430","targetHints":{"allow":["GET"]}}],"collection":[{"href":"https:\/\/markoweokulary.pl\/pl\/wp-json\/wp\/v2\/product"}],"about":[{"href":"https:\/\/markoweokulary.pl\/pl\/wp-json\/wp\/v2\/types\/product"}],"version-history":[{"count":1,"href":"https:\/\/markoweokulary.pl\/pl\/wp-json\/wp\/v2\/product\/2430\/revisions"}],"predecessor-version":[{"id":5950,"href":"https:\/\/markoweokulary.pl\/pl\/wp-json\/wp\/v2\/product\/2430\/revisions\/5950"}],"wp:featuredmedia":[{"embeddable":true,"href":"https:\/\/markoweokulary.pl\/pl\/wp-json\/wp\/v2\/media\/2435"}],"wp:attachment":[{"href":"https:\/\/markoweokulary.pl\/pl\/wp-json\/wp\/v2\/media?parent=2430"}],"wp:term":[{"taxonomy":"product_brand","embeddable":true,"href":"https:\/\/markoweokulary.pl\/pl\/wp-json\/wp\/v2\/product_brand?post=2430"},{"taxonomy":"product_cat","embeddable":true,"href":"https:\/\/markoweokulary.pl\/pl\/wp-json\/wp\/v2\/product_cat?post=2430"},{"taxonomy":"product_tag","embeddable":true,"href":"https:\/\/markoweokulary.pl\/pl\/wp-json\/wp\/v2\/product_tag?post=2430"},{"taxonomy":"model","embeddable":true,"href":"https:\/\/markoweokulary.pl\/pl\/wp-json\/wp\/v2\/model?post=2430"}],"curies":[{"name":"wp","href":"https:\/\/api.w.org\/{rel}","templated":true}]}}