{"id":2272,"date":"2025-10-10T12:44:23","date_gmt":"2025-10-10T10:44:23","guid":{"rendered":"https:\/\/www.diukoptyk.pl\/?post_type=product&#038;p=2272"},"modified":"2026-03-10T18:31:18","modified_gmt":"2026-03-10T17:31:18","slug":"jacques-marie-mage-enzo-willow","status":"publish","type":"product","link":"https:\/\/markoweokulary.pl\/pl\/produkt\/jacques-marie-mage-enzo-willow\/","title":{"rendered":"Jacques Marie Mage ENZO | WILLOW"},"content":{"rendered":"<p><strong data-start=\"1626\" data-end=\"1639\">Dla kogo:<\/strong><br data-start=\"1639\" data-end=\"1642\" \/>Dla os\u00f3b, kt\u00f3re \u017cyj\u0105 z pasj\u0105, my\u015bl\u0105 strategicznie i wybieraj\u0105 <strong data-start=\"1704\" data-end=\"1771\">form\u0119, kt\u00f3ra m\u00f3wi o ich sile, elegancji i niepodwa\u017calnym smaku.<\/strong><\/p>\n","protected":false},"excerpt":{"rendered":"<h3 data-start=\"161\" data-end=\"206\"><strong data-start=\"165\" data-end=\"204\">Jacques Marie Mage \u2013 ENZO in WILLOW<\/strong><\/h3>\n<p data-start=\"207\" data-end=\"242\"><strong data-start=\"207\" data-end=\"240\">Limitowana edycja \u2013 500 sztuk<\/strong><\/p>\n<p data-start=\"244\" data-end=\"613\"><strong data-start=\"244\" data-end=\"268\">Moc. Styl. Precyzja.<\/strong><br data-start=\"268\" data-end=\"271\" \/>Model <strong data-start=\"277\" data-end=\"295\">Enzo in Willow<\/strong> to manifest si\u0142y i elegancji, ho\u0142d dla legendarnych kierowc\u00f3w oraz ikon motoryzacji, kt\u00f3rzy z pasji do pr\u0119dko\u015bci uczynili sztuk\u0119. Te <strong data-start=\"429\" data-end=\"461\">rze\u017abiarskie, masywne oprawy<\/strong> o wyrazistych liniach s\u0105 symbolem pewno\u015bci siebie, precyzji i doskona\u0142ych proporcji \u2013 idealne dla tych, kt\u00f3rzy kieruj\u0105 swoim \u017cyciem z odwag\u0105 i wizj\u0105.<\/p>\n<p data-start=\"615\" data-end=\"1040\">R\u0119cznie wykonane w Japonii z <strong data-start=\"644\" data-end=\"685\">10-milimetrowego utwardzanego acetatu<\/strong>, oprawy w kolorze <strong data-start=\"704\" data-end=\"720\">Willow Black<\/strong> zachwycaj\u0105 jako\u015bci\u0105 i detalem: <strong data-start=\"752\" data-end=\"814\">charakterystyczne nity w kszta\u0142cie strza\u0142 (arrowhead pins)<\/strong>, <strong data-start=\"816\" data-end=\"842\">siedmiopr\u0119towe zawiasy<\/strong>, <strong data-start=\"844\" data-end=\"885\">rze\u017abione metalowe rdzenie zausznik\u00f3w<\/strong> oraz <strong data-start=\"891\" data-end=\"934\">metalowe elementy z metali szlachetnych<\/strong>. Ca\u0142o\u015b\u0107 dope\u0142niaj\u0105 <strong data-start=\"954\" data-end=\"979\">br\u0105zowe soczewki CR39<\/strong>, kt\u00f3re zapewniaj\u0105 doskona\u0142\u0105 ochron\u0119 i klarowno\u015b\u0107 widzenia.<\/p>\n<p data-start=\"1042\" data-end=\"1134\">To okulary dla silnych osobowo\u015bci \u2013 eleganckich, niezale\u017cnych i \u015bwiadomych w\u0142asnego stylu.<\/p>\n<p data-start=\"1136\" data-end=\"1161\"><strong data-start=\"1136\" data-end=\"1159\">Detale i wykonanie:<\/strong><\/p>\n<ul data-start=\"1162\" data-end=\"1624\">\n<li data-start=\"1162\" data-end=\"1202\">\n<p data-start=\"1164\" data-end=\"1202\"><strong data-start=\"1164\" data-end=\"1175\">Rodzaj:<\/strong> okulary przeciws\u0142oneczne<\/p>\n<\/li>\n<li data-start=\"1203\" data-end=\"1269\">\n<p data-start=\"1205\" data-end=\"1269\"><strong data-start=\"1205\" data-end=\"1217\">Kszta\u0142t:<\/strong> prostok\u0105tny, masywny \u2013 inspirowany stylem lat 70.<\/p>\n<\/li>\n<li data-start=\"1270\" data-end=\"1322\">\n<p data-start=\"1272\" data-end=\"1322\"><strong data-start=\"1272\" data-end=\"1282\">Kolor:<\/strong> Willow \u2013 czarny z subtelnym po\u0142yskiem<\/p>\n<\/li>\n<li data-start=\"1323\" data-end=\"1364\">\n<p data-start=\"1325\" data-end=\"1364\"><strong data-start=\"1325\" data-end=\"1338\">Materia\u0142:<\/strong> 10 mm utwardzany acetat<\/p>\n<\/li>\n<li data-start=\"1365\" data-end=\"1437\">\n<p data-start=\"1367\" data-end=\"1437\"><strong data-start=\"1367\" data-end=\"1380\">Soczewki:<\/strong> br\u0105zowe CR39, 100% ochrona UV, pow\u0142oka antyrefleksyjna<\/p>\n<\/li>\n<li data-start=\"1438\" data-end=\"1544\">\n<p data-start=\"1440\" data-end=\"1544\"><strong data-start=\"1440\" data-end=\"1456\">Wyko\u0144czenie:<\/strong> podw\u00f3jnie laminowane zauszniki, metalowe nity i zawiasy, grawerowane druty <em data-start=\"1532\" data-end=\"1542\">wirecore<\/em><\/p>\n<\/li>\n<li data-start=\"1545\" data-end=\"1578\">\n<p data-start=\"1547\" data-end=\"1578\"><strong data-start=\"1547\" data-end=\"1568\">Kraj pochodzenia:<\/strong> Japonia<\/p>\n<\/li>\n<li data-start=\"1579\" data-end=\"1624\">\n<p data-start=\"1581\" data-end=\"1624\"><strong data-start=\"1581\" data-end=\"1595\">Limitacja:<\/strong> 500 egzemplarzy na \u015bwiecie<\/p>\n<\/li>\n<\/ul>\n","protected":false},"featured_media":2279,"template":"","meta":{"_acf_changed":false},"product_brand":[82],"product_cat":[30],"product_tag":[],"model":[378],"class_list":{"0":"post-2272","1":"product","2":"type-product","3":"status-publish","4":"has-post-thumbnail","6":"product_brand-jacques-marie-mage","7":"product_cat-okulary-przeciwsloneczne","8":"model-enzo","10":"first","11":"instock","12":"taxable","13":"shipping-taxable","14":"purchasable","15":"product-type-simple"},"acf":[],"aioseo_notices":[],"_links":{"self":[{"href":"https:\/\/markoweokulary.pl\/pl\/wp-json\/wp\/v2\/product\/2272","targetHints":{"allow":["GET"]}}],"collection":[{"href":"https:\/\/markoweokulary.pl\/pl\/wp-json\/wp\/v2\/product"}],"about":[{"href":"https:\/\/markoweokulary.pl\/pl\/wp-json\/wp\/v2\/types\/product"}],"version-history":[{"count":1,"href":"https:\/\/markoweokulary.pl\/pl\/wp-json\/wp\/v2\/product\/2272\/revisions"}],"predecessor-version":[{"id":4493,"href":"https:\/\/markoweokulary.pl\/pl\/wp-json\/wp\/v2\/product\/2272\/revisions\/4493"}],"wp:featuredmedia":[{"embeddable":true,"href":"https:\/\/markoweokulary.pl\/pl\/wp-json\/wp\/v2\/media\/2279"}],"wp:attachment":[{"href":"https:\/\/markoweokulary.pl\/pl\/wp-json\/wp\/v2\/media?parent=2272"}],"wp:term":[{"taxonomy":"product_brand","embeddable":true,"href":"https:\/\/markoweokulary.pl\/pl\/wp-json\/wp\/v2\/product_brand?post=2272"},{"taxonomy":"product_cat","embeddable":true,"href":"https:\/\/markoweokulary.pl\/pl\/wp-json\/wp\/v2\/product_cat?post=2272"},{"taxonomy":"product_tag","embeddable":true,"href":"https:\/\/markoweokulary.pl\/pl\/wp-json\/wp\/v2\/product_tag?post=2272"},{"taxonomy":"model","embeddable":true,"href":"https:\/\/markoweokulary.pl\/pl\/wp-json\/wp\/v2\/model?post=2272"}],"curies":[{"name":"wp","href":"https:\/\/api.w.org\/{rel}","templated":true}]}}