{"id":2209,"date":"2025-10-10T11:03:12","date_gmt":"2025-10-10T09:03:12","guid":{"rendered":"https:\/\/www.diukoptyk.pl\/?post_type=product&#038;p=2209"},"modified":"2026-03-06T15:52:15","modified_gmt":"2026-03-06T14:52:15","slug":"jacques-marie-mage-bugsy-eclipse-2","status":"publish","type":"product","link":"https:\/\/markoweokulary.pl\/pl\/produkt\/jacques-marie-mage-bugsy-eclipse-2\/","title":{"rendered":"Jacques Marie Mage BUGSY | ECLIPSE 2"},"content":{"rendered":"<p data-start=\"1049\" data-end=\"1299\"><strong data-start=\"1049\" data-end=\"1062\">Dla kogo?<\/strong><br data-start=\"1062\" data-end=\"1065\" \/><strong data-start=\"1065\" data-end=\"1101\">Jacques Marie Mage Bugsy in Eclipse 2<\/strong> to propozycja dla indywidualist\u00f3w o silnym charakterze i wyczuciu stylu \u2014 <strong data-start=\"1616\" data-end=\"1669\">dla tych, kt\u00f3rzy potrafi\u0105 po\u0142\u0105czy\u0107 klas\u0119 z odwag\u0105<\/strong>, a elegancj\u0119 z artystyczn\u0105 dusz\u0105.<\/p>\n","protected":false},"excerpt":{"rendered":"<h3 data-start=\"165\" data-end=\"214\"><strong data-start=\"169\" data-end=\"212\">Jacques Marie Mage \u2013 BUGSY in ECLIPSE 2<\/strong><\/h3>\n<p data-start=\"215\" data-end=\"250\"><strong data-start=\"215\" data-end=\"248\">Limitowana edycja \u2013 500 sztuk<\/strong><\/p>\n<p data-start=\"252\" data-end=\"643\"><strong data-start=\"252\" data-end=\"287\">Charyzma. Kunszt. Niezale\u017cno\u015b\u0107.<\/strong><br data-start=\"287\" data-end=\"290\" \/>Model <strong data-start=\"296\" data-end=\"318\">Bugsy in Eclipse 2<\/strong> to wsp\u00f3\u0142czesna interpretacja klasyki po\u0142owy XX wieku \u2013 wyrafinowany projekt, kt\u00f3ry \u0142\u0105czy mocny charakter z eleganckim wyko\u0144czeniem. R\u0119cznie wykonane w Japonii okulary stanowi\u0105 po\u0142\u0105czenie <strong data-start=\"506\" data-end=\"531\">tytanowej konstrukcji<\/strong> z rze\u017abionym <strong data-start=\"545\" data-end=\"582\">acetatowym mostkiem i zausznikami<\/strong>, tworz\u0105c harmonijn\u0105 ca\u0142o\u015b\u0107 o wyj\u0105tkowej g\u0142\u0119bi i proporcji.<\/p>\n<p data-start=\"645\" data-end=\"1055\">Wersja <strong data-start=\"652\" data-end=\"665\">Eclipse 2<\/strong> zachwyca zestawieniem <strong data-start=\"688\" data-end=\"706\">ciemnego z\u0142ota<\/strong> i <strong data-start=\"709\" data-end=\"719\">czerni<\/strong>, a ca\u0142o\u015b\u0107 dope\u0142niaj\u0105 <strong data-start=\"741\" data-end=\"784\">czarne soczewki z delikatnym gradientem<\/strong>, kt\u00f3re nadaj\u0105 spojrzeniu tajemniczo\u015bci i si\u0142y. Subtelne detale, takie jak charakterystyczne <strong data-start=\"877\" data-end=\"915\">strza\u0142kowate nity (arrowhead pins)<\/strong> i <strong data-start=\"918\" data-end=\"940\">metaliczne akcenty<\/strong>, podkre\u015blaj\u0105 DNA marki Jacques Marie Mage \u2013 balansuj\u0105ce pomi\u0119dzy rzemie\u015blniczym kunsztem a artystycznym wyrazem.<\/p>\n<p data-start=\"1057\" data-end=\"1082\"><strong data-start=\"1057\" data-end=\"1080\">Detale i wykonanie:<\/strong><\/p>\n<ul data-start=\"1083\" data-end=\"1538\">\n<li data-start=\"1083\" data-end=\"1123\">\n<p data-start=\"1085\" data-end=\"1123\"><strong data-start=\"1085\" data-end=\"1096\">Rodzaj:<\/strong> okulary przeciws\u0142oneczne<\/p>\n<\/li>\n<li data-start=\"1124\" data-end=\"1168\">\n<p data-start=\"1126\" data-end=\"1168\"><strong data-start=\"1126\" data-end=\"1138\">Kszta\u0142t:<\/strong> inspirowany klasyk\u0105 lat 50.<\/p>\n<\/li>\n<li data-start=\"1169\" data-end=\"1237\">\n<p data-start=\"1171\" data-end=\"1237\"><strong data-start=\"1171\" data-end=\"1184\">Materia\u0142:<\/strong> po\u0142\u0105czenie 100% beta tytanu i utwardzanego acetatu<\/p>\n<\/li>\n<li data-start=\"1238\" data-end=\"1270\">\n<p data-start=\"1240\" data-end=\"1270\"><strong data-start=\"1240\" data-end=\"1250\">Kolor:<\/strong> Dark Gold \/ Black<\/p>\n<\/li>\n<li data-start=\"1271\" data-end=\"1350\">\n<p data-start=\"1273\" data-end=\"1350\"><strong data-start=\"1273\" data-end=\"1286\">Soczewki:<\/strong> czarne z gradientem, 100% ochrona UV, pow\u0142oka antyrefleksyjna<\/p>\n<\/li>\n<li data-start=\"1351\" data-end=\"1458\">\n<p data-start=\"1353\" data-end=\"1458\"><strong data-start=\"1353\" data-end=\"1369\">Wyko\u0144czenie:<\/strong> tytanowa ramka soczewek, rze\u017abiony acetatowy monobrow, charakterystyczne metalowe nity<\/p>\n<\/li>\n<li data-start=\"1459\" data-end=\"1492\">\n<p data-start=\"1461\" data-end=\"1492\"><strong data-start=\"1461\" data-end=\"1482\">Kraj pochodzenia:<\/strong> Japonia<\/p>\n<\/li>\n<li data-start=\"1493\" data-end=\"1538\">\n<p data-start=\"1495\" data-end=\"1538\"><strong data-start=\"1495\" data-end=\"1509\">Limitacja:<\/strong> 500 egzemplarzy na \u015bwiecie<\/p>\n<\/li>\n<\/ul>\n","protected":false},"featured_media":2216,"template":"","meta":{"_acf_changed":false},"product_brand":[82],"product_cat":[30],"product_tag":[145],"model":[367],"class_list":{"0":"post-2209","1":"product","2":"type-product","3":"status-publish","4":"has-post-thumbnail","6":"product_brand-jacques-marie-mage","7":"product_cat-okulary-przeciwsloneczne","8":"product_tag-jmmb14q","9":"model-bugsy","11":"first","12":"instock","13":"sale","14":"taxable","15":"shipping-taxable","16":"purchasable","17":"product-type-simple"},"acf":[],"aioseo_notices":[],"_links":{"self":[{"href":"https:\/\/markoweokulary.pl\/pl\/wp-json\/wp\/v2\/product\/2209","targetHints":{"allow":["GET"]}}],"collection":[{"href":"https:\/\/markoweokulary.pl\/pl\/wp-json\/wp\/v2\/product"}],"about":[{"href":"https:\/\/markoweokulary.pl\/pl\/wp-json\/wp\/v2\/types\/product"}],"version-history":[{"count":1,"href":"https:\/\/markoweokulary.pl\/pl\/wp-json\/wp\/v2\/product\/2209\/revisions"}],"predecessor-version":[{"id":4462,"href":"https:\/\/markoweokulary.pl\/pl\/wp-json\/wp\/v2\/product\/2209\/revisions\/4462"}],"wp:featuredmedia":[{"embeddable":true,"href":"https:\/\/markoweokulary.pl\/pl\/wp-json\/wp\/v2\/media\/2216"}],"wp:attachment":[{"href":"https:\/\/markoweokulary.pl\/pl\/wp-json\/wp\/v2\/media?parent=2209"}],"wp:term":[{"taxonomy":"product_brand","embeddable":true,"href":"https:\/\/markoweokulary.pl\/pl\/wp-json\/wp\/v2\/product_brand?post=2209"},{"taxonomy":"product_cat","embeddable":true,"href":"https:\/\/markoweokulary.pl\/pl\/wp-json\/wp\/v2\/product_cat?post=2209"},{"taxonomy":"product_tag","embeddable":true,"href":"https:\/\/markoweokulary.pl\/pl\/wp-json\/wp\/v2\/product_tag?post=2209"},{"taxonomy":"model","embeddable":true,"href":"https:\/\/markoweokulary.pl\/pl\/wp-json\/wp\/v2\/model?post=2209"}],"curies":[{"name":"wp","href":"https:\/\/api.w.org\/{rel}","templated":true}]}}