{"id":2114,"date":"2025-10-09T11:56:02","date_gmt":"2025-10-09T09:56:02","guid":{"rendered":"https:\/\/www.diukoptyk.pl\/?post_type=product&#038;p=2114"},"modified":"2026-03-03T14:54:52","modified_gmt":"2026-03-03T13:54:52","slug":"akoni-solis-dark-grey","status":"publish","type":"product","link":"https:\/\/markoweokulary.pl\/pl\/produkt\/akoni-solis-dark-grey\/","title":{"rendered":"Akoni SOLIS | DARK GREY"},"content":{"rendered":"<p><strong data-start=\"1622\" data-end=\"1635\">Dla kogo?<\/strong><br data-start=\"1635\" data-end=\"1638\" \/><strong data-start=\"1638\" data-end=\"1699\">Akoni Solis | Brushed Black Palladium \/ Dark Grey Crystal<\/strong> to model dla tych, kt\u00f3rzy ceni\u0105 minimalizm i techniczne pi\u0119kno.<\/p>\n<p>Dla indywidualist\u00f3w, kt\u00f3rzy wiedz\u0105, \u017ce prawdziwy luksus tkwi w prostocie \u2013 w proporcjach, \u015bwietle i detalu.<\/p>\n","protected":false},"excerpt":{"rendered":"<h3 data-start=\"230\" data-end=\"299\">Akoni \u2013 <strong data-start=\"242\" data-end=\"297\">Solis | Brushed Black Palladium \/ Dark Grey Crystal<\/strong><\/h3>\n<p data-start=\"301\" data-end=\"750\"><strong data-start=\"301\" data-end=\"344\">\u015awiat\u0142o. Struktura. Doskona\u0142a harmonia.<\/strong><br data-start=\"344\" data-end=\"347\" \/>Model <strong data-start=\"353\" data-end=\"362\">Solis<\/strong> to wsp\u00f3\u0142czesna interpretacja klasycznego <em data-start=\"404\" data-end=\"416\">navigatora<\/em>, w kt\u00f3rej precyzja spotyka si\u0119 z elegancj\u0105. Po\u0142\u0105czenie japo\u0144skiego acetatu i tytanu tworzy konstrukcj\u0119 o wyj\u0105tkowej lekko\u015bci i r\u00f3wnowadze, a subtelny efekt <em data-start=\"573\" data-end=\"582\">d\u00e9grad\u00e9<\/em> na soczewkach podkre\u015bla nowoczesny charakter projektu. To oprawa zaprojektowana z my\u015bl\u0105 o tych, kt\u00f3rzy szukaj\u0105 spokoju formy i technicznej perfekcji w ka\u017cdym detalu.<\/p>\n<p data-start=\"752\" data-end=\"773\"><strong data-start=\"752\" data-end=\"771\">Detale i design<\/strong><\/p>\n<ul data-start=\"774\" data-end=\"1620\">\n<li data-start=\"774\" data-end=\"860\">\n<p data-start=\"776\" data-end=\"860\">Kszta\u0142t: nowoczesny <em data-start=\"796\" data-end=\"807\">navigator<\/em> o wywa\u017conych proporcjach i architektonicznej linii<\/p>\n<\/li>\n<li data-start=\"861\" data-end=\"988\">\n<p data-start=\"863\" data-end=\"988\">Kolor: <strong data-start=\"870\" data-end=\"917\">Brushed Black Palladium \/ Dark Grey Crystal<\/strong> \u2013 eleganckie po\u0142\u0105czenie matowego metalu z p\u00f3\u0142przezroczystym acetatem<\/p>\n<\/li>\n<li data-start=\"989\" data-end=\"1099\">\n<p data-start=\"991\" data-end=\"1099\">Rama: front z japo\u0144skiego acetatu, uzupe\u0142niony tytanow\u0105 konstrukcj\u0105 dla maksymalnej stabilno\u015bci i lekko\u015bci<\/p>\n<\/li>\n<li data-start=\"1100\" data-end=\"1222\">\n<p data-start=\"1102\" data-end=\"1222\">Zauszniki: regulowane, z japo\u0144skiego tytanu \u2013 zako\u0144czone precyzyjnymi ko\u0144c\u00f3wkami i systemem \u015brub <em data-start=\"1199\" data-end=\"1220\">threaded tube screw<\/em><\/p>\n<\/li>\n<li data-start=\"1223\" data-end=\"1315\">\n<p data-start=\"1225\" data-end=\"1315\">Noski: ceramiczne, z elastycznymi ramionami z <em data-start=\"1271\" data-end=\"1286\">beta titanium<\/em> i metalicznym wyko\u0144czeniem<\/p>\n<\/li>\n<li data-start=\"1316\" data-end=\"1461\">\n<p data-start=\"1318\" data-end=\"1461\">Soczewki: <strong data-start=\"1328\" data-end=\"1351\">High Contrast CR-39<\/strong>, 4-base, kat. 2, z tr\u00f3jwarstwow\u0105 pow\u0142ok\u0105 antyrefleksyjn\u0105 \u2013 zapewniaj\u0105 optymalny kontrast i komfort widzenia<\/p>\n<\/li>\n<li data-start=\"1462\" data-end=\"1511\">\n<p data-start=\"1464\" data-end=\"1511\">Waga: 39,3 g \u2013 lekka, ale solidna konstrukcja<\/p>\n<\/li>\n<li data-start=\"1512\" data-end=\"1541\">\n<p data-start=\"1514\" data-end=\"1541\">Rozmiar: 51 \/ 21 \u2013 152 mm<\/p>\n<\/li>\n<li data-start=\"1542\" data-end=\"1620\">\n<p data-start=\"1544\" data-end=\"1620\">Kraj pochodzenia: Japonia \u2013 mistrzowska precyzja i rzemie\u015blnicze wykonanie<\/p>\n<\/li>\n<\/ul>\n","protected":false},"featured_media":2115,"template":"","meta":{"_acf_changed":false},"product_brand":[341],"product_cat":[30],"product_tag":[],"model":[],"class_list":{"0":"post-2114","1":"product","2":"type-product","3":"status-publish","4":"has-post-thumbnail","6":"product_brand-akoni","7":"product_cat-okulary-przeciwsloneczne","9":"first","10":"instock","11":"sale","12":"taxable","13":"shipping-taxable","14":"purchasable","15":"product-type-simple"},"acf":[],"aioseo_notices":[],"_links":{"self":[{"href":"https:\/\/markoweokulary.pl\/pl\/wp-json\/wp\/v2\/product\/2114","targetHints":{"allow":["GET"]}}],"collection":[{"href":"https:\/\/markoweokulary.pl\/pl\/wp-json\/wp\/v2\/product"}],"about":[{"href":"https:\/\/markoweokulary.pl\/pl\/wp-json\/wp\/v2\/types\/product"}],"version-history":[{"count":1,"href":"https:\/\/markoweokulary.pl\/pl\/wp-json\/wp\/v2\/product\/2114\/revisions"}],"predecessor-version":[{"id":5930,"href":"https:\/\/markoweokulary.pl\/pl\/wp-json\/wp\/v2\/product\/2114\/revisions\/5930"}],"wp:featuredmedia":[{"embeddable":true,"href":"https:\/\/markoweokulary.pl\/pl\/wp-json\/wp\/v2\/media\/2115"}],"wp:attachment":[{"href":"https:\/\/markoweokulary.pl\/pl\/wp-json\/wp\/v2\/media?parent=2114"}],"wp:term":[{"taxonomy":"product_brand","embeddable":true,"href":"https:\/\/markoweokulary.pl\/pl\/wp-json\/wp\/v2\/product_brand?post=2114"},{"taxonomy":"product_cat","embeddable":true,"href":"https:\/\/markoweokulary.pl\/pl\/wp-json\/wp\/v2\/product_cat?post=2114"},{"taxonomy":"product_tag","embeddable":true,"href":"https:\/\/markoweokulary.pl\/pl\/wp-json\/wp\/v2\/product_tag?post=2114"},{"taxonomy":"model","embeddable":true,"href":"https:\/\/markoweokulary.pl\/pl\/wp-json\/wp\/v2\/model?post=2114"}],"curies":[{"name":"wp","href":"https:\/\/api.w.org\/{rel}","templated":true}]}}