{"id":2085,"date":"2025-10-09T11:11:17","date_gmt":"2025-10-09T09:11:17","guid":{"rendered":"https:\/\/www.diukoptyk.pl\/?post_type=product&#038;p=2085"},"modified":"2026-03-03T14:54:51","modified_gmt":"2026-03-03T13:54:51","slug":"akoni-hera-brushed-matte-black","status":"publish","type":"product","link":"https:\/\/markoweokulary.pl\/pl\/produkt\/akoni-hera-brushed-matte-black\/","title":{"rendered":"Akoni HERA | BRUSHED MATTE BLACK"},"content":{"rendered":"<p data-start=\"1637\" data-end=\"1911\"><strong data-start=\"1616\" data-end=\"1629\">Dla kogo?<\/strong><br data-start=\"1629\" data-end=\"1632\" \/><strong data-start=\"1632\" data-end=\"1680\">Akoni Hera | Matte Black \/ Matte Yellow Gold<\/strong> to oprawa dla tych, kt\u00f3rzy postrzegaj\u0105 design jak architektur\u0119 \u2013 jako sztuk\u0119 r\u00f3wnowagi mi\u0119dzy form\u0105 a funkcj\u0105.<\/p>\n<p data-start=\"1637\" data-end=\"1911\">Dla indywidualist\u00f3w, kt\u00f3rzy wybieraj\u0105 konstrukcj\u0119, detal i emocj\u0119 w jednym spojrzeniu.<\/p>\n","protected":false},"excerpt":{"rendered":"<h3 data-start=\"174\" data-end=\"230\">Akoni \u2013 <strong data-start=\"186\" data-end=\"228\">Hera | Matte Black \/ Matte Yellow Gold<\/strong><\/h3>\n<p data-start=\"232\" data-end=\"705\"><strong data-start=\"232\" data-end=\"278\">Nowoczesna architektura w formie okular\u00f3w.<\/strong><br data-start=\"278\" data-end=\"281\" \/>Model <strong data-start=\"287\" data-end=\"295\">Hera<\/strong> to techniczne arcydzie\u0142o inspirowane projektami architekta <strong data-start=\"355\" data-end=\"371\">Jeana Prouv\u00e9<\/strong>, kt\u00f3rego koncepcja <em data-start=\"391\" data-end=\"405\">brise-soleil<\/em> \u2013 eleganckich os\u0142on przeciws\u0142onecznych \u2013 sta\u0142a si\u0119 symbolem funkcjonalnego pi\u0119kna XX wieku. Charakterystyczny daszek oraz wyrafinowana konstrukcja <strong data-start=\"553\" data-end=\"561\">Hera<\/strong> \u0142\u0105cz\u0105 precyzj\u0119 in\u017cynierii z ponadczasow\u0105 elegancj\u0105. To okulary, kt\u00f3re \u0142\u0105cz\u0105 \u015bwiat architektury, sztuki i designu w jednej harmonijnej formie.<\/p>\n<p data-start=\"707\" data-end=\"728\"><strong data-start=\"707\" data-end=\"726\">Detale i design<\/strong><\/p>\n<ul data-start=\"729\" data-end=\"1614\">\n<li data-start=\"729\" data-end=\"807\">\n<p data-start=\"731\" data-end=\"807\">Kszta\u0142t: retro-inspirowany <em data-start=\"758\" data-end=\"769\">navigator<\/em> o zdecydowanej, geometrycznej linii<\/p>\n<\/li>\n<li data-start=\"808\" data-end=\"908\">\n<p data-start=\"810\" data-end=\"908\">Kolor: <strong data-start=\"817\" data-end=\"852\">Matte Black \/ Matte Yellow Gold<\/strong> \u2013 nowoczesny kontrast matowej czerni i ciep\u0142ego z\u0142ota<\/p>\n<\/li>\n<li data-start=\"909\" data-end=\"983\">\n<p data-start=\"911\" data-end=\"983\">Materia\u0142: ultralekki japo\u0144ski tytan o matowym, piaskowanym wyko\u0144czeniu<\/p>\n<\/li>\n<li data-start=\"984\" data-end=\"1082\">\n<p data-start=\"986\" data-end=\"1082\">Detale: emaliowane ranty i boczne os\u0142ony z tytanu \u2013 techniczna perfekcja w jubilerskim wydaniu<\/p>\n<\/li>\n<li data-start=\"1083\" data-end=\"1191\">\n<p data-start=\"1085\" data-end=\"1191\">Zauszniki: tytanowe z \u017c\u0142obionym elementem (<em data-start=\"1128\" data-end=\"1153\">knurled round component<\/em>), zako\u0144czone acetatowymi ko\u0144c\u00f3wkami<\/p>\n<\/li>\n<li data-start=\"1192\" data-end=\"1278\">\n<p data-start=\"1194\" data-end=\"1278\">System: precyzyjny <em data-start=\"1213\" data-end=\"1241\">threaded tube screw system<\/em> zapewniaj\u0105cy maksymaln\u0105 stabilno\u015b\u0107<\/p>\n<\/li>\n<li data-start=\"1279\" data-end=\"1343\">\n<p data-start=\"1281\" data-end=\"1343\">Noski: ceramiczne z elastycznymi ramionami z <em data-start=\"1326\" data-end=\"1341\">beta titanium<\/em><\/p>\n<\/li>\n<li data-start=\"1344\" data-end=\"1489\">\n<p data-start=\"1346\" data-end=\"1489\">Soczewki: <strong data-start=\"1356\" data-end=\"1389\">Dark Grey to Light Grey CR-39<\/strong>, kat. 3, z tr\u00f3jwarstwow\u0105 pow\u0142ok\u0105 antyrefleksyjn\u0105 \u2013 zapewniaj\u0105 idealny kontrast i komfort widzenia<\/p>\n<\/li>\n<li data-start=\"1490\" data-end=\"1519\">\n<p data-start=\"1492\" data-end=\"1519\">Rozmiar: 58 \/ 16 \u2013 147 mm<\/p>\n<\/li>\n<li data-start=\"1520\" data-end=\"1536\">\n<p data-start=\"1522\" data-end=\"1536\">Waga: 38,1 g<\/p>\n<\/li>\n<li data-start=\"1537\" data-end=\"1614\">\n<p data-start=\"1539\" data-end=\"1614\">Kraj pochodzenia: Japonia \u2013 symbol rzemie\u015blniczej precyzji i doskona\u0142o\u015bci<\/p>\n<\/li>\n<\/ul>\n","protected":false},"featured_media":2086,"template":"","meta":{"_acf_changed":false},"product_brand":[341],"product_cat":[30],"product_tag":[],"model":[],"class_list":{"0":"post-2085","1":"product","2":"type-product","3":"status-publish","4":"has-post-thumbnail","6":"product_brand-akoni","7":"product_cat-okulary-przeciwsloneczne","9":"first","10":"instock","11":"sale","12":"taxable","13":"shipping-taxable","14":"purchasable","15":"product-type-simple"},"acf":[],"aioseo_notices":[],"_links":{"self":[{"href":"https:\/\/markoweokulary.pl\/pl\/wp-json\/wp\/v2\/product\/2085","targetHints":{"allow":["GET"]}}],"collection":[{"href":"https:\/\/markoweokulary.pl\/pl\/wp-json\/wp\/v2\/product"}],"about":[{"href":"https:\/\/markoweokulary.pl\/pl\/wp-json\/wp\/v2\/types\/product"}],"version-history":[{"count":1,"href":"https:\/\/markoweokulary.pl\/pl\/wp-json\/wp\/v2\/product\/2085\/revisions"}],"predecessor-version":[{"id":5925,"href":"https:\/\/markoweokulary.pl\/pl\/wp-json\/wp\/v2\/product\/2085\/revisions\/5925"}],"wp:featuredmedia":[{"embeddable":true,"href":"https:\/\/markoweokulary.pl\/pl\/wp-json\/wp\/v2\/media\/2086"}],"wp:attachment":[{"href":"https:\/\/markoweokulary.pl\/pl\/wp-json\/wp\/v2\/media?parent=2085"}],"wp:term":[{"taxonomy":"product_brand","embeddable":true,"href":"https:\/\/markoweokulary.pl\/pl\/wp-json\/wp\/v2\/product_brand?post=2085"},{"taxonomy":"product_cat","embeddable":true,"href":"https:\/\/markoweokulary.pl\/pl\/wp-json\/wp\/v2\/product_cat?post=2085"},{"taxonomy":"product_tag","embeddable":true,"href":"https:\/\/markoweokulary.pl\/pl\/wp-json\/wp\/v2\/product_tag?post=2085"},{"taxonomy":"model","embeddable":true,"href":"https:\/\/markoweokulary.pl\/pl\/wp-json\/wp\/v2\/model?post=2085"}],"curies":[{"name":"wp","href":"https:\/\/api.w.org\/{rel}","templated":true}]}}