{"id":2074,"date":"2025-10-09T11:06:13","date_gmt":"2025-10-09T09:06:13","guid":{"rendered":"https:\/\/www.diukoptyk.pl\/?post_type=product&#038;p=2074"},"modified":"2026-03-03T14:54:51","modified_gmt":"2026-03-03T13:54:51","slug":"akoni-hera-brushed-white-gold","status":"publish","type":"product","link":"https:\/\/markoweokulary.pl\/pl\/produkt\/akoni-hera-brushed-white-gold\/","title":{"rendered":"Akoni HERA | BRUSHED WHITE GOLD"},"content":{"rendered":"<p data-start=\"1637\" data-end=\"1911\"><strong data-start=\"1637\" data-end=\"1650\">Dla kogo?<\/strong><br data-start=\"1650\" data-end=\"1653\" \/><strong data-start=\"1653\" data-end=\"1714\">Akoni Hera | Brushed White Gold \/ Brushed Black Palladium<\/strong> to model dla os\u00f3b o architektonicznej wra\u017cliwo\u015bci i nieprzeci\u0119tnym gu\u015bcie.<\/p>\n<p data-start=\"1637\" data-end=\"1911\">Dla tych, kt\u00f3rzy widz\u0105 w designie nie tylko estetyk\u0119, ale te\u017c konstrukcj\u0119 emocji \u2013 harmoni\u0119 proporcji, \u015bwiat\u0142a i ruchu.<\/p>\n","protected":false},"excerpt":{"rendered":"<h3 data-start=\"225\" data-end=\"294\">Akoni \u2013 <strong data-start=\"237\" data-end=\"292\">Hera | Brushed White Gold \/ Brushed Black Palladium<\/strong><\/h3>\n<p data-start=\"296\" data-end=\"783\"><strong data-start=\"296\" data-end=\"337\">Architektura \u015bwiat\u0142a. Rze\u017aba w ruchu.<\/strong><br data-start=\"337\" data-end=\"340\" \/>Model <strong data-start=\"346\" data-end=\"354\">Hera<\/strong> to ho\u0142d dla innowacyjnego ducha architekta <strong data-start=\"398\" data-end=\"414\">Jeana Prouv\u00e9<\/strong>, kt\u00f3rego projekty zachwyca\u0142y funkcjonalnym pi\u0119knem i nowoczesn\u0105 harmoni\u0105 formy. Inspirowane jego koncepcj\u0105 <em data-start=\"522\" data-end=\"536\">brise-soleil<\/em> \u2013 konstrukcji chroni\u0105cej przed s\u0142o\u0144cem \u2013 okulary <strong data-start=\"586\" data-end=\"594\">Hera<\/strong> zachwycaj\u0105 r\u00f3wnowag\u0105 pomi\u0119dzy precyzj\u0105 techniczn\u0105 a eleganckim designem. Ich charakterystyczny daszek i perfekcyjnie dopracowane detale tworz\u0105 wyrafinowany manifest nowoczesnego luksusu.<\/p>\n<p data-start=\"785\" data-end=\"806\"><strong data-start=\"785\" data-end=\"804\">Detale i design<\/strong><\/p>\n<ul data-start=\"807\" data-end=\"1635\">\n<li data-start=\"807\" data-end=\"891\">\n<p data-start=\"809\" data-end=\"891\">Kszta\u0142t: <em data-start=\"818\" data-end=\"829\">navigator<\/em> z architektonicznym daszkiem inspirowanym projektami Prouv\u00e9<\/p>\n<\/li>\n<li data-start=\"892\" data-end=\"999\">\n<p data-start=\"894\" data-end=\"999\">Rama: tytanowa, w wyrafinowanym po\u0142\u0105czeniu odcieni <strong data-start=\"945\" data-end=\"967\">Brushed White Gold<\/strong> i <strong data-start=\"970\" data-end=\"997\">Brushed Black Palladium<\/strong><\/p>\n<\/li>\n<li data-start=\"1000\" data-end=\"1094\">\n<p data-start=\"1002\" data-end=\"1094\">Detale: emaliowane ranty i boczne os\u0142ony z tytanu, kt\u00f3re nadaj\u0105 oprawie g\u0142\u0119bi i charakteru<\/p>\n<\/li>\n<li data-start=\"1095\" data-end=\"1214\">\n<p data-start=\"1097\" data-end=\"1214\">Zauszniki: z tytanu, z charakterystycznym \u017c\u0142obieniem (<em data-start=\"1151\" data-end=\"1176\">knurled round component<\/em>), zako\u0144czone acetatowymi ko\u0144c\u00f3wkami<\/p>\n<\/li>\n<li data-start=\"1215\" data-end=\"1300\">\n<p data-start=\"1217\" data-end=\"1300\">System: \u015bruby <em data-start=\"1231\" data-end=\"1252\">threaded tube screw<\/em> zapewniaj\u0105ce trwa\u0142o\u015b\u0107 i precyzyjne spasowanie<\/p>\n<\/li>\n<li data-start=\"1301\" data-end=\"1365\">\n<p data-start=\"1303\" data-end=\"1365\">Noski: ceramiczne z elastycznymi ramionami z <em data-start=\"1348\" data-end=\"1363\">beta titanium<\/em><\/p>\n<\/li>\n<li data-start=\"1366\" data-end=\"1460\">\n<p data-start=\"1368\" data-end=\"1460\">Soczewki: <strong data-start=\"1378\" data-end=\"1387\">CR-39<\/strong>, 4-base, o wysokim kontra\u015bcie i dwuwarstwowej pow\u0142oce antyrefleksyjnej<\/p>\n<\/li>\n<li data-start=\"1461\" data-end=\"1528\">\n<p data-start=\"1463\" data-end=\"1528\">Waga: 38,1 g \u2013 solidna, a jednocze\u015bnie zbalansowana konstrukcja<\/p>\n<\/li>\n<li data-start=\"1529\" data-end=\"1558\">\n<p data-start=\"1531\" data-end=\"1558\">Rozmiar: 58 \/ 16 \u2013 147 mm<\/p>\n<\/li>\n<li data-start=\"1559\" data-end=\"1635\">\n<p data-start=\"1561\" data-end=\"1635\">Kraj pochodzenia: Japonia \u2013 mistrzowska precyzja i doskona\u0142o\u015b\u0107 wykonania<\/p>\n<\/li>\n<\/ul>\n","protected":false},"featured_media":2079,"template":"","meta":{"_acf_changed":false},"product_brand":[341],"product_cat":[30],"product_tag":[],"model":[],"class_list":{"0":"post-2074","1":"product","2":"type-product","3":"status-publish","4":"has-post-thumbnail","6":"product_brand-akoni","7":"product_cat-okulary-przeciwsloneczne","9":"first","10":"instock","11":"sale","12":"taxable","13":"shipping-taxable","14":"purchasable","15":"product-type-simple"},"acf":[],"aioseo_notices":[],"_links":{"self":[{"href":"https:\/\/markoweokulary.pl\/pl\/wp-json\/wp\/v2\/product\/2074","targetHints":{"allow":["GET"]}}],"collection":[{"href":"https:\/\/markoweokulary.pl\/pl\/wp-json\/wp\/v2\/product"}],"about":[{"href":"https:\/\/markoweokulary.pl\/pl\/wp-json\/wp\/v2\/types\/product"}],"version-history":[{"count":1,"href":"https:\/\/markoweokulary.pl\/pl\/wp-json\/wp\/v2\/product\/2074\/revisions"}],"predecessor-version":[{"id":4283,"href":"https:\/\/markoweokulary.pl\/pl\/wp-json\/wp\/v2\/product\/2074\/revisions\/4283"}],"wp:featuredmedia":[{"embeddable":true,"href":"https:\/\/markoweokulary.pl\/pl\/wp-json\/wp\/v2\/media\/2079"}],"wp:attachment":[{"href":"https:\/\/markoweokulary.pl\/pl\/wp-json\/wp\/v2\/media?parent=2074"}],"wp:term":[{"taxonomy":"product_brand","embeddable":true,"href":"https:\/\/markoweokulary.pl\/pl\/wp-json\/wp\/v2\/product_brand?post=2074"},{"taxonomy":"product_cat","embeddable":true,"href":"https:\/\/markoweokulary.pl\/pl\/wp-json\/wp\/v2\/product_cat?post=2074"},{"taxonomy":"product_tag","embeddable":true,"href":"https:\/\/markoweokulary.pl\/pl\/wp-json\/wp\/v2\/product_tag?post=2074"},{"taxonomy":"model","embeddable":true,"href":"https:\/\/markoweokulary.pl\/pl\/wp-json\/wp\/v2\/model?post=2074"}],"curies":[{"name":"wp","href":"https:\/\/api.w.org\/{rel}","templated":true}]}}