{"id":2065,"date":"2025-10-09T10:59:26","date_gmt":"2025-10-09T08:59:26","guid":{"rendered":"https:\/\/www.diukoptyk.pl\/?post_type=product&#038;p=2065"},"modified":"2026-03-03T14:54:51","modified_gmt":"2026-03-03T13:54:51","slug":"akoni-alpha-dark-crystal-grey","status":"publish","type":"product","link":"https:\/\/markoweokulary.pl\/pl\/produkt\/akoni-alpha-dark-crystal-grey\/","title":{"rendered":"Akoni ALPHA | DARK CRYSTAL GREY"},"content":{"rendered":"<p><strong data-start=\"1439\" data-end=\"1452\">Dla kogo?<\/strong><br data-start=\"1452\" data-end=\"1455\" \/><strong data-start=\"1455\" data-end=\"1496\">Akoni Alpha | Dark Grey to Light Grey<\/strong> to model dla os\u00f3b, kt\u00f3re ceni\u0105 elegancj\u0119 z dusz\u0105 i klas\u0119 z odrobin\u0105 buntu. Dla tych, kt\u00f3rzy potrafi\u0105 \u0142\u0105czy\u0107 tradycj\u0119 z nowoczesno\u015bci\u0105 \u2013 jak bohaterowie wielkich historii, zawsze gotowi, by napisa\u0107 w\u0142asn\u0105.<\/p>\n","protected":false},"excerpt":{"rendered":"<h3 data-start=\"215\" data-end=\"264\">Akoni \u2013 <strong data-start=\"227\" data-end=\"262\">Alpha | Dark Grey to Light Grey<\/strong><\/h3>\n<p data-start=\"266\" data-end=\"695\"><strong data-start=\"266\" data-end=\"308\">Duch epoki jazzu w nowoczesnym wydaniu<\/strong><br data-start=\"308\" data-end=\"311\" \/>Model <strong data-start=\"317\" data-end=\"326\">Alpha<\/strong> to ho\u0142d dla ducha lat 20. \u2013 ery wolno\u015bci, odwagi i wyrafinowanego stylu, uchwyconej w powie\u015bci <em data-start=\"422\" data-end=\"439\">\u201eWielki Gatsby\u201d<\/em> F. Scotta Fitzgeralda. Ta wyj\u0105tkowa oprawa \u0142\u0105czy artystyczny charakter tamtej epoki z precyzj\u0105 wsp\u00f3\u0142czesnego japo\u0144skiego rzemios\u0142a. Subtelnie rze\u017abiona forma i dopracowane detale czyni\u0105 z niej kwintesencj\u0119 luksusu \u2013 z odrobin\u0105 nieposkromionej elegancji.<\/p>\n<p data-start=\"697\" data-end=\"718\"><strong data-start=\"697\" data-end=\"716\">Detale i design<\/strong><\/p>\n<ul data-start=\"719\" data-end=\"1437\">\n<li data-start=\"719\" data-end=\"810\">\n<p data-start=\"721\" data-end=\"810\">Kszta\u0142t: inspirowany stylem <em data-start=\"749\" data-end=\"759\">Art Deco<\/em> \u2013 klasyczny, z mocn\u0105 lini\u0105 i eleganck\u0105 struktur\u0105<\/p>\n<\/li>\n<li data-start=\"811\" data-end=\"882\">\n<p data-start=\"813\" data-end=\"882\">Materia\u0142: wysokiej jako\u015bci japo\u0144ski acetat o rze\u017abionej powierzchni<\/p>\n<\/li>\n<li data-start=\"883\" data-end=\"989\">\n<p data-start=\"885\" data-end=\"989\">Kolor: <strong data-start=\"892\" data-end=\"919\">Dark Grey to Light Grey<\/strong> \u2013 subtelne przej\u015bcie tonalne, kt\u00f3re nadaje oprawie g\u0142\u0119bi i lekko\u015bci<\/p>\n<\/li>\n<li data-start=\"990\" data-end=\"1071\">\n<p data-start=\"992\" data-end=\"1071\">Zawiasy: tytanowe, z t\u0142oczonymi liniami i systemem \u015brub <em data-start=\"1048\" data-end=\"1069\">threaded tube screw<\/em><\/p>\n<\/li>\n<li data-start=\"1072\" data-end=\"1164\">\n<p data-start=\"1074\" data-end=\"1164\">Zauszniki: laminowany japo\u0144ski acetat z logo Akoni i ozdobnym, powi\u0119kszonym zako\u0144czeniem<\/p>\n<\/li>\n<li data-start=\"1165\" data-end=\"1258\">\n<p data-start=\"1167\" data-end=\"1258\">Soczewki: CR-39, 5-base, kat. 2, o wysokim kontra\u015bcie, z potr\u00f3jn\u0105 pow\u0142ok\u0105 antyrefleksyjn\u0105<\/p>\n<\/li>\n<li data-start=\"1259\" data-end=\"1321\">\n<p data-start=\"1261\" data-end=\"1321\">Waga: 52,9 g \u2013 solidna, ale doskonale wywa\u017cona konstrukcja<\/p>\n<\/li>\n<li data-start=\"1322\" data-end=\"1351\">\n<p data-start=\"1324\" data-end=\"1351\">Rozmiar: 50 \/ 23 \u2013 148 mm<\/p>\n<\/li>\n<li data-start=\"1352\" data-end=\"1437\">\n<p data-start=\"1354\" data-end=\"1437\">Kraj pochodzenia: Japonia \u2013 gwarancja mistrzowskiego rzemios\u0142a i dba\u0142o\u015bci o detal<\/p>\n<\/li>\n<\/ul>\n","protected":false},"featured_media":2066,"template":"","meta":{"_acf_changed":false},"product_brand":[341],"product_cat":[30],"product_tag":[],"model":[],"class_list":{"0":"post-2065","1":"product","2":"type-product","3":"status-publish","4":"has-post-thumbnail","6":"product_brand-akoni","7":"product_cat-okulary-przeciwsloneczne","9":"first","10":"instock","11":"sale","12":"taxable","13":"shipping-taxable","14":"purchasable","15":"product-type-simple"},"acf":[],"aioseo_notices":[],"_links":{"self":[{"href":"https:\/\/markoweokulary.pl\/pl\/wp-json\/wp\/v2\/product\/2065","targetHints":{"allow":["GET"]}}],"collection":[{"href":"https:\/\/markoweokulary.pl\/pl\/wp-json\/wp\/v2\/product"}],"about":[{"href":"https:\/\/markoweokulary.pl\/pl\/wp-json\/wp\/v2\/types\/product"}],"version-history":[{"count":1,"href":"https:\/\/markoweokulary.pl\/pl\/wp-json\/wp\/v2\/product\/2065\/revisions"}],"predecessor-version":[{"id":5920,"href":"https:\/\/markoweokulary.pl\/pl\/wp-json\/wp\/v2\/product\/2065\/revisions\/5920"}],"wp:featuredmedia":[{"embeddable":true,"href":"https:\/\/markoweokulary.pl\/pl\/wp-json\/wp\/v2\/media\/2066"}],"wp:attachment":[{"href":"https:\/\/markoweokulary.pl\/pl\/wp-json\/wp\/v2\/media?parent=2065"}],"wp:term":[{"taxonomy":"product_brand","embeddable":true,"href":"https:\/\/markoweokulary.pl\/pl\/wp-json\/wp\/v2\/product_brand?post=2065"},{"taxonomy":"product_cat","embeddable":true,"href":"https:\/\/markoweokulary.pl\/pl\/wp-json\/wp\/v2\/product_cat?post=2065"},{"taxonomy":"product_tag","embeddable":true,"href":"https:\/\/markoweokulary.pl\/pl\/wp-json\/wp\/v2\/product_tag?post=2065"},{"taxonomy":"model","embeddable":true,"href":"https:\/\/markoweokulary.pl\/pl\/wp-json\/wp\/v2\/model?post=2065"}],"curies":[{"name":"wp","href":"https:\/\/api.w.org\/{rel}","templated":true}]}}