{"id":2034,"date":"2025-10-09T10:12:37","date_gmt":"2025-10-09T08:12:37","guid":{"rendered":"https:\/\/www.diukoptyk.pl\/?post_type=product&#038;p=2034"},"modified":"2026-03-03T14:54:51","modified_gmt":"2026-03-03T13:54:51","slug":"akoni-innes-crystal-black","status":"publish","type":"product","link":"https:\/\/markoweokulary.pl\/pl\/produkt\/akoni-innes-crystal-black\/","title":{"rendered":"Akoni INNES | CRYSTAL BLACK"},"content":{"rendered":"<p><strong data-start=\"1453\" data-end=\"1466\">Dla kogo?<\/strong><br data-start=\"1466\" data-end=\"1469\" \/><strong data-start=\"1469\" data-end=\"1513\">Akoni Innes | Crystal Black \/ White Gold<\/strong> to oprawa dla kobiet, kt\u00f3re ceni\u0105 elegancj\u0119 bez przesady i luksus zakl\u0119ty w precyzji.<\/p>\n<p>Dla tych, kt\u00f3re chc\u0105 wygl\u0105da\u0107 z klas\u0105, ale te\u017c czu\u0107 si\u0119 lekko \u2013 jak na swojej w\u0142asnej wyspie, z dala od zb\u0119dnego zgie\u0142ku.<\/p>\n","protected":false},"excerpt":{"rendered":"<h3 data-start=\"186\" data-end=\"238\">Akoni \u2013 <strong data-start=\"198\" data-end=\"236\">Innes | Crystal Black \/ White Gold<\/strong><\/h3>\n<p data-start=\"240\" data-end=\"755\"><strong data-start=\"240\" data-end=\"290\">Wyspa elegancji. Lekko\u015b\u0107 odkrywana w detalach.<\/strong><br data-start=\"290\" data-end=\"293\" \/>Model <strong data-start=\"299\" data-end=\"308\">Innes<\/strong>, kt\u00f3rego nazwa w j\u0119zyku szkockim oznacza \u201ewysp\u0119\u201d, to ho\u0142d dla kobiecej elegancji i rzemios\u0142a w najczystszej postaci. Inspirowany naturalnym pi\u0119knem szkockich wysp, zaskakuje subtelno\u015bci\u0105 i lekko\u015bci\u0105 formy \u2013 cho\u0107 wykonany z pe\u0142nego, japo\u0144skiego acetatu, jest zaskakuj\u0105co delikatny w odczuciu. Jego koci kszta\u0142t unosi rysy twarzy, nadaj\u0105c jej szlachetno\u015bci i pewno\u015bci, a tytanowe zauszniki w odcieniu bia\u0142ego z\u0142ota dodaj\u0105 mu bi\u017cuteryjnej finezji.<\/p>\n<p data-start=\"757\" data-end=\"778\"><strong data-start=\"757\" data-end=\"776\">Detale i design<\/strong><\/p>\n<ul data-start=\"779\" data-end=\"1451\">\n<li data-start=\"779\" data-end=\"864\">\n<p data-start=\"781\" data-end=\"864\">Kszta\u0142t: subtelny <em data-start=\"799\" data-end=\"808\">cat-eye<\/em> \u2013 kobiecy, lekko uniesiony, dodaj\u0105cy twarzy \u015bwie\u017co\u015bci<\/p>\n<\/li>\n<li data-start=\"865\" data-end=\"962\">\n<p data-start=\"867\" data-end=\"962\">Rama: z japo\u0144skiego acetatu w odcieniu <strong data-start=\"906\" data-end=\"923\">Crystal Black<\/strong> \u2013 nowoczesna, przejrzysta i wywa\u017cona<\/p>\n<\/li>\n<li data-start=\"963\" data-end=\"1111\">\n<p data-start=\"965\" data-end=\"1111\">Zauszniki: z tytanu w kolorze <strong data-start=\"995\" data-end=\"1009\">White Gold<\/strong>, z charakterystycznym \u017c\u0142obionym elementem (<em data-start=\"1053\" data-end=\"1075\">round knurling piece<\/em>) i systemem <em data-start=\"1088\" data-end=\"1109\">threaded tube screw<\/em><\/p>\n<\/li>\n<li data-start=\"1112\" data-end=\"1247\">\n<p data-start=\"1114\" data-end=\"1247\">Soczewki: <strong data-start=\"1124\" data-end=\"1151\">Dark Grey to Light Grey<\/strong>, CR-39 z tr\u00f3jwarstwow\u0105 pow\u0142ok\u0105 antyrefleksyjn\u0105 \u2013 idealna r\u00f3wnowaga kontrastu i przejrzysto\u015bci<\/p>\n<\/li>\n<li data-start=\"1248\" data-end=\"1338\">\n<p data-start=\"1250\" data-end=\"1338\">Waga: jedynie 24 g \u2013 niezwykle lekka konstrukcja zapewniaj\u0105ca komfort przez ca\u0142y dzie\u0144<\/p>\n<\/li>\n<li data-start=\"1339\" data-end=\"1368\">\n<p data-start=\"1341\" data-end=\"1368\">Rozmiar: 49 \/ 19 \u2013 142 mm<\/p>\n<\/li>\n<li data-start=\"1369\" data-end=\"1451\">\n<p data-start=\"1371\" data-end=\"1451\">Kraj pochodzenia: Japonia \u2013 gwarancja perfekcyjnego wykonania i kunsztu detalu<\/p>\n<\/li>\n<\/ul>\n","protected":false},"featured_media":2035,"template":"","meta":{"_acf_changed":false},"product_brand":[341],"product_cat":[30],"product_tag":[],"model":[],"class_list":{"0":"post-2034","1":"product","2":"type-product","3":"status-publish","4":"has-post-thumbnail","6":"product_brand-akoni","7":"product_cat-okulary-przeciwsloneczne","9":"first","10":"instock","11":"sale","12":"taxable","13":"shipping-taxable","14":"purchasable","15":"product-type-simple"},"acf":[],"aioseo_notices":[],"_links":{"self":[{"href":"https:\/\/markoweokulary.pl\/pl\/wp-json\/wp\/v2\/product\/2034","targetHints":{"allow":["GET"]}}],"collection":[{"href":"https:\/\/markoweokulary.pl\/pl\/wp-json\/wp\/v2\/product"}],"about":[{"href":"https:\/\/markoweokulary.pl\/pl\/wp-json\/wp\/v2\/types\/product"}],"version-history":[{"count":1,"href":"https:\/\/markoweokulary.pl\/pl\/wp-json\/wp\/v2\/product\/2034\/revisions"}],"predecessor-version":[{"id":5928,"href":"https:\/\/markoweokulary.pl\/pl\/wp-json\/wp\/v2\/product\/2034\/revisions\/5928"}],"wp:featuredmedia":[{"embeddable":true,"href":"https:\/\/markoweokulary.pl\/pl\/wp-json\/wp\/v2\/media\/2035"}],"wp:attachment":[{"href":"https:\/\/markoweokulary.pl\/pl\/wp-json\/wp\/v2\/media?parent=2034"}],"wp:term":[{"taxonomy":"product_brand","embeddable":true,"href":"https:\/\/markoweokulary.pl\/pl\/wp-json\/wp\/v2\/product_brand?post=2034"},{"taxonomy":"product_cat","embeddable":true,"href":"https:\/\/markoweokulary.pl\/pl\/wp-json\/wp\/v2\/product_cat?post=2034"},{"taxonomy":"product_tag","embeddable":true,"href":"https:\/\/markoweokulary.pl\/pl\/wp-json\/wp\/v2\/product_tag?post=2034"},{"taxonomy":"model","embeddable":true,"href":"https:\/\/markoweokulary.pl\/pl\/wp-json\/wp\/v2\/model?post=2034"}],"curies":[{"name":"wp","href":"https:\/\/api.w.org\/{rel}","templated":true}]}}